{"id":1916,"date":"2022-09-13T14:55:27","date_gmt":"2022-09-13T07:55:27","guid":{"rendered":"https:\/\/tonkincraft.vn\/vn\/?post_type=product&#038;p=1916"},"modified":"2025-10-09T22:09:50","modified_gmt":"2025-10-09T15:09:50","slug":"vong-tay-nhat-chi-mai-bang-dong-cham-thu-cong","status":"publish","type":"product","link":"https:\/\/tonkincraft.vn\/vn\/product\/vong-tay-nhat-chi-mai-bang-dong-cham-thu-cong\/","title":{"rendered":"V\u00f2ng Tay \u0110\u1ed3ng V\u00e0ng Hoa Mai \u0110\u00e0o"},"content":{"rendered":"<p data-start=\"0\" data-end=\"175\"><strong data-start=\"186\" data-end=\"257\">V\u00f2ng Tay \u0110\u1ed3ng Hoa Mai \u0110\u00e0o \u2013 T\u01b0\u01a1i s\u00e1ng, may m\u1eafn v\u00e0 tr\u00e0n \u0111\u1ea7y sinh kh\u00ed<\/strong><\/p>\n<p data-start=\"259\" data-end=\"641\">L\u1ea5y c\u1ea3m h\u1ee9ng t\u1eeb <strong data-start=\"275\" data-end=\"336\">hai lo\u00e0i hoa bi\u1ec3u t\u01b0\u1ee3ng c\u1ee7a m\u00f9a xu\u00e2n \u2013 Hoa Mai v\u00e0 Hoa \u0110\u00e0o<\/strong>, chi\u1ebfc <strong data-start=\"344\" data-end=\"373\">V\u00f2ng Tay \u0110\u1ed3ng Hoa Mai \u0110\u00e0o<\/strong> l\u00e0 l\u1eddi ch\u00fac v\u1ec1 kh\u1edfi \u0111\u1ea7u t\u1ed1t l\u00e0nh, h\u1ea1nh ph\u00fac v\u00e0 ph\u00fac l\u1ed9c vi\u00ean m\u00e3n.<br data-start=\"439\" data-end=\"442\" \/>T\u1eebng c\u00e1nh hoa \u0111\u01b0\u1ee3c <strong data-start=\"461\" data-end=\"511\">ch\u1ea1m kh\u1eafc t\u1ec9 m\u1ec9 tr\u00ean n\u1ec1n \u0111\u1ed3ng v\u00e0ng nguy\u00ean ch\u1ea5t<\/strong>, t\u00e1i hi\u1ec7n v\u1ebb thanh khi\u1ebft c\u1ee7a hoa Mai v\u00e0 s\u1eafc \u1ea5m n\u1ed3ng c\u1ee7a hoa \u0110\u00e0o, h\u00f2a quy\u1ec7n trong m\u1ed9t thi\u1ebft k\u1ebf m\u1ec1m m\u1ea1i, n\u1eef t\u00ednh m\u00e0 \u0111\u1ea7y s\u1ee9c s\u1ed1ng.<\/p>\n<p data-start=\"643\" data-end=\"840\">Chi\u1ebfc v\u00f2ng mang <strong data-start=\"659\" data-end=\"704\">n\u0103ng l\u01b0\u1ee3ng t\u01b0\u01a1i m\u1edbi v\u00e0 tinh th\u1ea7n kh\u1edfi \u0111\u1ea7u<\/strong>, l\u00e0 m\u00f3n trang s\u1ee9c t\u01b0\u1ee3ng tr\u01b0ng cho <strong data-start=\"739\" data-end=\"775\">ni\u1ec1m tin, may m\u1eafn v\u00e0 s\u1ef1 t\u00e1i sinh<\/strong> \u2013 nh\u01b0 h\u01a1i th\u1edf m\u00f9a xu\u00e2n lu\u00f4n hi\u1ec7n di\u1ec7n quanh n\u0103m b\u00ean ng\u01b0\u1eddi \u0111eo.<\/p>\n<p data-start=\"842\" data-end=\"867\">\ud83c\udf38 <strong data-start=\"845\" data-end=\"867\">C\u1ea3m h\u1ee9ng &amp; \u00fd ngh\u0129a<\/strong><\/p>\n<p data-start=\"869\" data-end=\"965\">Trong v\u0103n h\u00f3a Vi\u1ec7t, <strong data-start=\"889\" data-end=\"911\">hoa Mai v\u00e0 hoa \u0110\u00e0o<\/strong> l\u00e0 h\u00ecnh \u1ea3nh kh\u00f4ng th\u1ec3 thi\u1ebfu m\u1ed7i \u0111\u1ed9 T\u1ebft \u0111\u1ebfn xu\u00e2n v\u1ec1:<\/p>\n<ul data-start=\"967\" data-end=\"1326\">\n<li data-start=\"967\" data-end=\"1084\">\n<p data-start=\"969\" data-end=\"1084\"><strong data-start=\"969\" data-end=\"980\">Hoa Mai<\/strong> t\u01b0\u1ee3ng tr\u01b0ng cho <strong data-start=\"997\" data-end=\"1031\">may m\u1eafn, kh\u00ed ti\u1ebft v\u00e0 s\u1ef1 b\u1ec1n b\u1ec9<\/strong>, bi\u1ec3u hi\u1ec7n c\u1ee7a t\u00e2m h\u1ed3n thanh cao v\u00e0 \u00fd ch\u00ed m\u1ea1nh m\u1ebd.<\/p>\n<\/li>\n<li data-start=\"1085\" data-end=\"1198\">\n<p data-start=\"1087\" data-end=\"1198\"><strong data-start=\"1087\" data-end=\"1098\">Hoa \u0110\u00e0o<\/strong> \u0111\u1ea1i di\u1ec7n cho <strong data-start=\"1112\" data-end=\"1155\">s\u1ee9c s\u1ed1ng, t\u00ecnh y\u00eau v\u00e0 kh\u1edfi \u0111\u1ea7u t\u01b0\u01a1i m\u1edbi<\/strong>, mang \u0111\u1ebfn ni\u1ec1m vui v\u00e0 h\u1ea1nh ph\u00fac sum v\u1ea7y.<\/p>\n<\/li>\n<li data-start=\"1199\" data-end=\"1326\">\n<p data-start=\"1201\" data-end=\"1326\">Hai lo\u00e0i hoa giao h\u00f2a t\u1ea1o n\u00ean <strong data-start=\"1231\" data-end=\"1272\">bi\u1ec3u t\u01b0\u1ee3ng c\u1ee7a s\u1ef1 h\u00e0i h\u00f2a v\u00e0 vi\u00ean m\u00e3n<\/strong>, nh\u01b0 l\u1eddi c\u1ea7u ch\u00fac an khang, th\u1ecbnh v\u01b0\u1ee3ng v\u00e0 may m\u1eafn.<\/p>\n<\/li>\n<\/ul>\n<p data-start=\"1328\" data-end=\"1471\">Chi\u1ebfc v\u00f2ng kh\u00f4ng ch\u1ec9 l\u00e0 m\u1ed9t m\u00f3n trang s\u1ee9c m\u00e0 c\u00f2n l\u00e0 <strong data-start=\"1380\" data-end=\"1404\">bi\u1ec3u t\u01b0\u1ee3ng tinh th\u1ea7n<\/strong>, g\u1eedi g\u1eafm n\u0103ng l\u01b0\u1ee3ng t\u00edch c\u1ef1c v\u00e0 v\u1ebb \u0111\u1eb9p thu\u1ea7n Vi\u1ec7t \u0111\u1ebfn ng\u01b0\u1eddi \u0111eo.<\/p>\n<p data-start=\"1473\" data-end=\"1500\">\ud83d\udc57 <strong data-start=\"1476\" data-end=\"1500\">Ph\u1ed1i c\u00f9ng trang ph\u1ee5c<\/strong><\/p>\n<ul data-start=\"1502\" data-end=\"1844\">\n<li data-start=\"1502\" data-end=\"1624\">\n<p data-start=\"1504\" data-end=\"1624\"><strong data-start=\"1504\" data-end=\"1531\">Trang ph\u1ee5c th\u01b0\u1eddng ng\u00e0y:<\/strong> K\u1ebft h\u1ee3p v\u1edbi v\u00e1y linen, \u00e1o cotton hay s\u01a1 mi \u2013 mang l\u1ea1i v\u1ebb t\u01b0\u01a1i s\u00e1ng, n\u1eef t\u00ednh v\u00e0 thanh l\u1ecbch.<\/p>\n<\/li>\n<li data-start=\"1625\" data-end=\"1735\">\n<p data-start=\"1627\" data-end=\"1735\"><strong data-start=\"1627\" data-end=\"1655\">Trang ph\u1ee5c truy\u1ec1n th\u1ed1ng:<\/strong> Ph\u1ed1i c\u00f9ng \u00e1o d\u00e0i, \u00e1o t\u1ee9 th\u00e2n hay v\u00e1y y\u1ebfm \u0111\u1ec3 t\u00f4n l\u00ean v\u1ebb duy\u00ean d\u00e1ng, trang nh\u00e3.<\/p>\n<\/li>\n<li data-start=\"1736\" data-end=\"1844\">\n<p data-start=\"1738\" data-end=\"1844\"><strong data-start=\"1738\" data-end=\"1762\">Phong c\u00e1ch hi\u1ec7n \u0111\u1ea1i:<\/strong> \u0110eo \u0111\u01a1n ho\u1eb7c k\u1ebft h\u1ee3p nhi\u1ec1u v\u00f2ng \u0111\u1ec3 t\u1ea1o phong c\u00e1ch t\u1ef1 nhi\u00ean, ngh\u1ec7 s\u0129 v\u00e0 tinh t\u1ebf.<\/p>\n<\/li>\n<\/ul>\n<p data-start=\"1846\" data-end=\"1878\">\u2692\ufe0f <strong data-start=\"1849\" data-end=\"1878\">Ch\u1ebf t\u00e1c th\u1ee7 c\u00f4ng tinh x\u1ea3o<\/strong><\/p>\n<p data-start=\"1880\" data-end=\"2230\">M\u1ed7i chi\u1ebfc v\u00f2ng \u0111\u01b0\u1ee3c <strong data-start=\"1900\" data-end=\"1925\">ch\u1ebf t\u00e1c 100% th\u1ee7 c\u00f4ng<\/strong> b\u1edfi ngh\u1ec7 nh\u00e2n Tonkin Craft, tr\u1ea3i qua nhi\u1ec1u c\u00f4ng \u0111o\u1ea1n: ch\u1ecdn \u0111\u1ed3ng, t\u1ea1o d\u00e1ng, ch\u1ea1m kh\u1eafc t\u1eebng c\u00e1nh hoa v\u00e0 \u0111\u00e1nh b\u00f3ng m\u1edd t\u1ef1 nhi\u00ean.<br data-start=\"2050\" data-end=\"2053\" \/>Kh\u00f4ng khu\u00f4n \u0111\u00fac, kh\u00f4ng m\u00e1y \u00e9p \u2013 t\u1eebng \u0111\u01b0\u1eddng n\u00e9t \u0111\u01b0\u1ee3c t\u1ea1o n\u00ean b\u1eb1ng \u0111\u00f4i tay, h\u01a1i th\u1edf v\u00e0 c\u1ea3m x\u00fac c\u1ee7a ng\u01b0\u1eddi th\u1ee3, khi\u1ebfn <strong data-start=\"2167\" data-end=\"2207\">m\u1ed7i s\u1ea3n ph\u1ea9m l\u00e0 m\u1ed9t t\u00e1c ph\u1ea9m \u0111\u1ed9c b\u1ea3n<\/strong> mang linh h\u1ed3n ri\u00eang.<\/p>\n<p data-start=\"2232\" data-end=\"2258\">\ud83c\udf81 <strong data-start=\"2235\" data-end=\"2258\">\u1ee8ng d\u1ee5ng &amp; qu\u00e0 t\u1eb7ng<\/strong><\/p>\n<p data-start=\"2260\" data-end=\"2552\">L\u00e0 <strong data-start=\"2263\" data-end=\"2314\">m\u00f3n trang s\u1ee9c phong th\u1ee7y nh\u1eb9 nh\u00e0ng, thanh khi\u1ebft<\/strong>, ph\u00f9 h\u1ee3p cho m\u1ecdi l\u1ee9a tu\u1ed5i v\u00e0 d\u1ecbp \u0111\u1eb7c bi\u1ec7t.<br data-start=\"2357\" data-end=\"2360\" \/>\u0110\u1eb7c bi\u1ec7t th\u00edch h\u1ee3p l\u00e0m <strong data-start=\"2383\" data-end=\"2443\">qu\u00e0 t\u1eb7ng \u00fd ngh\u0129a cho m\u1eb9, c\u00f4, b\u1ea1n b\u00e8 hay ng\u01b0\u1eddi y\u00eau th\u01b0\u01a1ng<\/strong> trong d\u1ecbp <strong data-start=\"2454\" data-end=\"2500\">20\/10, sinh nh\u1eadt, l\u1ec5 T\u1ebft ho\u1eb7c ng\u00e0y k\u1ef7 ni\u1ec7m<\/strong> \u2013 nh\u01b0 l\u1eddi ch\u00fac <strong data-start=\"2516\" data-end=\"2549\">b\u00ecnh an, t\u01b0\u01a1i m\u1edbi v\u00e0 vi\u00ean m\u00e3n<\/strong>.<\/p>\n<p data-start=\"2554\" data-end=\"2597\">\u2728 <strong data-start=\"2556\" data-end=\"2597\">S\u1ef1 kh\u00e1c bi\u1ec7t c\u1ee7a \u0111\u1ed3 \u0111\u1ed3ng Tonkin Craft<\/strong><\/p>\n<ul data-start=\"2599\" data-end=\"2857\">\n<li data-start=\"2599\" data-end=\"2662\">\n<p data-start=\"2601\" data-end=\"2662\"><strong data-start=\"2601\" data-end=\"2623\">Th\u1ee7 c\u00f4ng ho\u00e0n to\u00e0n<\/strong>, kh\u00f4ng khu\u00f4n \u0111\u00fac, kh\u00f4ng c\u00f4ng nghi\u1ec7p.<\/p>\n<\/li>\n<li data-start=\"2663\" data-end=\"2741\">\n<p data-start=\"2665\" data-end=\"2741\"><strong data-start=\"2665\" data-end=\"2686\">\u0110\u1ed9c b\u1ea3n &amp; tinh t\u1ebf<\/strong>, m\u1ed7i s\u1ea3n ph\u1ea9m mang d\u1ea5u \u1ea5n ri\u00eang c\u1ee7a ng\u01b0\u1eddi ngh\u1ec7 nh\u00e2n.<\/p>\n<\/li>\n<li data-start=\"2742\" data-end=\"2857\">\n<p data-start=\"2744\" data-end=\"2857\">K\u1ebft h\u1ee3p h\u00e0i h\u00f2a gi\u1eefa <strong data-start=\"2765\" data-end=\"2784\">m\u1ef9 thu\u1eadt \u00c1 \u0110\u00f4ng<\/strong> v\u00e0 <strong data-start=\"2788\" data-end=\"2810\">tinh th\u1ea7n hi\u1ec7n \u0111\u1ea1i<\/strong>, t\u1ea1o n\u00ean gi\u00e1 tr\u1ecb th\u1ea9m m\u1ef9 v\u00e0 v\u0103n h\u00f3a l\u00e2u d\u00e0i.<\/p>\n<\/li>\n<\/ul>\n<p data-start=\"2859\" data-end=\"2885\">\ud83d\udd38 <strong data-start=\"2862\" data-end=\"2885\">Ch\u1ea5t l\u01b0\u1ee3ng &amp; \u0111\u1ed9 b\u1ec1n<\/strong><\/p>\n<p data-start=\"2887\" data-end=\"3025\">\u0110\u1ed3ng Tonkin Craft <strong data-start=\"2905\" data-end=\"2927\">c\u00e0ng d\u00f9ng c\u00e0ng \u0111\u1eb9p<\/strong> \u2013 b\u1ec1 m\u1eb7t \u0111\u1ed3ng chuy\u1ec3n d\u1ea7n sang s\u1eafc tr\u1ea7m \u1ea5m, c\u1ed5 \u0111i\u1ec3n, th\u1ec3 hi\u1ec7n n\u00e9t s\u1ed1ng \u0111\u1ed9ng v\u00e0 d\u1ea5u \u1ea5n th\u1eddi gian.<\/p>\n<p data-start=\"3027\" data-end=\"3053\">\ud83d\udca7 <strong data-start=\"3030\" data-end=\"3053\">Ch\u0103m s\u00f3c &amp; b\u1ea3o qu\u1ea3n<\/strong><\/p>\n<ul data-start=\"3055\" data-end=\"3276\">\n<li data-start=\"3055\" data-end=\"3132\">\n<p data-start=\"3057\" data-end=\"3132\">Khi v\u00f2ng x\u1ec9n m\u00e0u, c\u00f3 th\u1ec3 \u0111\u00e1nh s\u00e1ng b\u1eb1ng <strong data-start=\"3097\" data-end=\"3129\">chanh, gi\u1ea5m ho\u1eb7c baking soda<\/strong>.<\/p>\n<\/li>\n<li data-start=\"3133\" data-end=\"3188\">\n<p data-start=\"3135\" data-end=\"3188\">Tr\u00e1nh ti\u1ebfp x\u00fac v\u1edbi <strong data-start=\"3154\" data-end=\"3185\">n\u01b0\u1edbc hoa, m\u1ef9 ph\u1ea9m, h\u00f3a ch\u1ea5t<\/strong>.<\/p>\n<\/li>\n<li data-start=\"3189\" data-end=\"3276\">\n<p data-start=\"3191\" data-end=\"3276\">B\u1ea3o qu\u1ea3n trong <strong data-start=\"3206\" data-end=\"3233\">h\u1ed9p g\u1ed7 ho\u1eb7c t\u00fai v\u1ea3i kh\u00f4<\/strong>, k\u00e8m g\u00f3i h\u00fat \u1ea9m \u0111\u1ec3 gi\u1eef \u0111\u1ed9 s\u00e1ng t\u1ef1 nhi\u00ean.<\/p>\n<\/li>\n<\/ul>\n<p data-start=\"3278\" data-end=\"3394\" data-is-last-node=\"\" data-is-only-node=\"\">\ud83c\udf3f<br data-start=\"3280\" data-end=\"3283\" \/><strong data-start=\"3283\" data-end=\"3312\">V\u00f2ng Tay \u0110\u1ed3ng Hoa Mai \u0110\u00e0o<\/strong> kh\u00f4ng ch\u1ec9 l\u00e0 m\u00f3n trang s\u1ee9c th\u1ee7 c\u00f4ng tinh x\u1ea3o, m\u00e0 c\u00f2n l\u00e0 **bi\u1ec3u t\u01b0\u1ee3ng c\u1ee7a s\u1eafc xu\u00e2n<\/p>\n","protected":false},"excerpt":{"rendered":"<p data-start=\"75\" data-end=\"343\">L\u1ea5y c\u1ea3m h\u1ee9ng t\u1eeb <strong data-start=\"91\" data-end=\"113\">hoa Mai v\u00e0 hoa \u0110\u00e0o<\/strong> \u2013 hai lo\u00e0i hoa bi\u1ec3u t\u01b0\u1ee3ng cho <strong data-start=\"144\" data-end=\"191\">m\u00f9a xu\u00e2n, kh\u1edfi \u0111\u1ea7u m\u1edbi v\u00e0 ph\u00fac l\u1ed9c an khang<\/strong>, chi\u1ebfc <strong data-start=\"199\" data-end=\"228\">V\u00f2ng Tay \u0110\u1ed3ng Hoa Mai \u0110\u00e0o<\/strong> \u0111\u01b0\u1ee3c <strong data-start=\"234\" data-end=\"264\">ch\u1ebf t\u00e1c ho\u00e0n to\u00e0n th\u1ee7 c\u00f4ng<\/strong> t\u1eeb <strong data-start=\"268\" data-end=\"293\">\u0111\u1ed3ng v\u00e0ng nguy\u00ean ch\u1ea5t<\/strong>, ch\u1ea1m kh\u1eafc t\u1ec9 m\u1ec9 t\u1eebng c\u00e1nh hoa m\u1ec1m m\u1ea1i, r\u1ef1c r\u1ee1.<\/p>\n<p data-start=\"345\" data-end=\"627\" data-is-last-node=\"\" data-is-only-node=\"\">Chi\u1ebfc v\u00f2ng mang trong m\u00ecnh <strong data-start=\"372\" data-end=\"425\">n\u0103ng l\u01b0\u1ee3ng c\u1ee7a s\u1ef1 kh\u1edfi \u0111\u1ea7u, ni\u1ec1m tin v\u00e0 h\u1ea1nh ph\u00fac<\/strong>, nh\u01b0 m\u1ed9t l\u1eddi ch\u00fac <strong data-start=\"444\" data-end=\"466\">may m\u1eafn v\u00e0 an l\u00e0nh<\/strong> g\u1eedi \u0111\u1ebfn ng\u01b0\u1eddi \u0111eo.<\/p>\n<p>Th\u00f4ng tin chi ti\u1ebft SP:<\/p>\n<p>\u2013 Ch\u1ea5t li\u1ec7u: \u0110\u1ed3ng thau, \u0111\u1ed3ng \u0111\u1ecf nguy\u00ean ch\u1ea5t<\/p>\n<p>\u2013 Nh\u1eadn l\u00e0m theo m\u1eabu, k\u00edch th\u01b0\u1edbc y\u00eau c\u1ea7u<\/p>\n<p>Kh\u00e1c bi\u1ec7t v\u1edbi nh\u1eefng m\u1eabu v\u00f2ng hi\u1ec7n \u0111\u1ea1i, v\u00f2ng ki\u1ec1ng l\u00e1 t\u1ea1i Tonkin Craft ch\u00ednh l\u00e0 \u201c\u0111\u1eb7c s\u1ea3n\u201d, l\u00e0m t\u00f4n l\u00ean n\u00e9t \u0111\u1eb9p truy\u1ec1n th\u1ed1ng v\u1ed1n c\u00f3 c\u1ee7a t\u00e0 \u00e1o d\u00e0i, \u00e1o l\u1ee5a. V\u1edbi k\u1ebft c\u1ea5u l\u00e0 chi\u1ebfc ki\u1ec1ng m\u1edf v\u00e0 l\u00e1, l\u00e0m \u0111i\u1ec3m nh\u1ea5n cho trang ph\u1ee5c th\u00eam ph\u1ea7n kh\u00e1c bi\u1ec7t v\u00e0 n\u1ed5i b\u1eadt g\u01b0\u01a1ng m\u1eb7t.<\/p>\n","protected":false},"featured_media":2632,"comment_status":"open","ping_status":"closed","template":"","meta":[],"product_brand":[],"product_cat":[282,276],"product_tag":[237,219,216,220,221,218,217,259,260],"class_list":{"0":"post-1916","1":"product","2":"type-product","3":"status-publish","4":"has-post-thumbnail","6":"product_cat-bst-hoa-mai-dao","7":"product_cat-vong-tay","8":"product_tag-kieng-ao-lua","9":"product_tag-kieng-deo-co","10":"product_tag-kieng-dong","11":"product_tag-kieng-hoa-sen","12":"product_tag-phu-kien-dong","13":"product_tag-vong-co","14":"product_tag-vong-dong","15":"product_tag-vong-tay-dong","16":"product_tag-vong-tay-thu-cong","18":"first","19":"instock","20":"shipping-taxable","21":"product-type-simple"},"aioseo_notices":[],"_links":{"self":[{"href":"https:\/\/tonkincraft.vn\/vn\/wp-json\/wp\/v2\/product\/1916","targetHints":{"allow":["GET"]}}],"collection":[{"href":"https:\/\/tonkincraft.vn\/vn\/wp-json\/wp\/v2\/product"}],"about":[{"href":"https:\/\/tonkincraft.vn\/vn\/wp-json\/wp\/v2\/types\/product"}],"replies":[{"embeddable":true,"href":"https:\/\/tonkincraft.vn\/vn\/wp-json\/wp\/v2\/comments?post=1916"}],"wp:featuredmedia":[{"embeddable":true,"href":"https:\/\/tonkincraft.vn\/vn\/wp-json\/wp\/v2\/media\/2632"}],"wp:attachment":[{"href":"https:\/\/tonkincraft.vn\/vn\/wp-json\/wp\/v2\/media?parent=1916"}],"wp:term":[{"taxonomy":"product_brand","embeddable":true,"href":"https:\/\/tonkincraft.vn\/vn\/wp-json\/wp\/v2\/product_brand?post=1916"},{"taxonomy":"product_cat","embeddable":true,"href":"https:\/\/tonkincraft.vn\/vn\/wp-json\/wp\/v2\/product_cat?post=1916"},{"taxonomy":"product_tag","embeddable":true,"href":"https:\/\/tonkincraft.vn\/vn\/wp-json\/wp\/v2\/product_tag?post=1916"}],"curies":[{"name":"wp","href":"https:\/\/api.w.org\/{rel}","templated":true}]}}