{"id":1911,"date":"2022-09-13T12:25:54","date_gmt":"2022-09-13T05:25:54","guid":{"rendered":"https:\/\/tonkincraft.vn\/vn\/?post_type=product&#038;p=1911"},"modified":"2025-10-09T22:09:21","modified_gmt":"2025-10-09T15:09:21","slug":"set-vong-tay-nhan-la-oak","status":"publish","type":"product","link":"https:\/\/tonkincraft.vn\/vn\/product\/set-vong-tay-nhan-la-oak\/","title":{"rendered":"V\u00f2ng Tay \u0110\u1ed3ng V\u00e0ng Ch\u1ea1m L\u00e1 Chu\u1ed1i"},"content":{"rendered":"<h3 data-start=\"202\" data-end=\"272\"><strong data-start=\"206\" data-end=\"272\">V\u00f2ng Tay \u0110\u1ed3ng Ch\u1ea1m L\u00e1 Chu\u1ed1i \u2013 M\u1ed9c m\u1ea1c, m\u1ec1m m\u1ea1i v\u00e0 \u0111\u1eadm h\u1ed3n Vi\u1ec7t<\/strong><\/h3>\n<p data-start=\"274\" data-end=\"525\">L\u1ea5y c\u1ea3m h\u1ee9ng t\u1eeb <strong data-start=\"290\" data-end=\"302\">l\u00e1 chu\u1ed1i<\/strong> \u2013 h\u00ecnh \u1ea3nh th\u00e2n thu\u1ed9c c\u1ee7a l\u00e0ng qu\u00ea Vi\u1ec7t Nam, g\u1ee3i nh\u1edb \u0111\u1ebfn <strong data-start=\"360\" data-end=\"404\">s\u1ef1 b\u00ecnh d\u1ecb, bao dung v\u00e0 s\u1ee9c s\u1ed1ng d\u1ebbo dai<\/strong>, chi\u1ebfc <strong data-start=\"412\" data-end=\"443\">V\u00f2ng Tay \u0110\u1ed3ng Ch\u1ea1m L\u00e1 Chu\u1ed1i<\/strong> l\u00e0 s\u1ef1 k\u1ebft h\u1ee3p gi\u1eefa <strong data-start=\"463\" data-end=\"522\">v\u1ebb \u0111\u1eb9p d\u00e2n d\u00e3 v\u00e0 tinh th\u1ea7n ngh\u1ec7 thu\u1eadt th\u1ee7 c\u00f4ng tinh x\u1ea3o<\/strong>.<\/p>\n<p data-start=\"527\" data-end=\"794\">T\u1eebng \u0111\u01b0\u1eddng g\u00e2n l\u00e1 \u0111\u01b0\u1ee3c <strong data-start=\"550\" data-end=\"604\">ch\u1ea1m th\u1ee7 c\u00f4ng t\u1ec9 m\u1ec9 tr\u00ean n\u1ec1n \u0111\u1ed3ng v\u00e0ng nguy\u00ean ch\u1ea5t<\/strong>, t\u00e1i hi\u1ec7n n\u00e9t cong m\u1ec1m m\u1ea1i v\u00e0 s\u1ee9c s\u1ed1ng t\u1ef1 nhi\u00ean c\u1ee7a l\u00e1.<br data-start=\"660\" data-end=\"663\" \/>B\u1ec1 m\u1eb7t \u0111\u01b0\u1ee3c \u0111\u00e1nh m\u1edd gi\u1eef nguy\u00ean \u00e1nh v\u00e0ng \u1ea5m \u0111\u1eb7c tr\u01b0ng c\u1ee7a \u0111\u1ed3ng, t\u1ea1o n\u00ean v\u1ebb \u0111\u1eb9p m\u1ed9c m\u1ea1c m\u00e0 thanh tao \u2013 gi\u1ea3n d\u1ecb nh\u01b0ng \u0111\u1ea7y chi\u1ec1u s\u00e2u.<\/p>\n<p data-start=\"796\" data-end=\"952\">Chi\u1ebfc v\u00f2ng l\u00e0 bi\u1ec3u t\u01b0\u1ee3ng c\u1ee7a <strong data-start=\"825\" data-end=\"878\">s\u1ef1 an l\u00e0nh, ki\u00ean c\u01b0\u1eddng v\u00e0 h\u00f2a h\u1ee3p v\u1edbi thi\u00ean nhi\u00ean<\/strong>, mang trong m\u00ecnh tinh th\u1ea7n thu\u1ea7n Vi\u1ec7t \u2013 nh\u1eb9 nh\u00e0ng, ch\u00e2n th\u1eadt m\u00e0 b\u1ec1n b\u1ec9.<\/p>\n<p data-start=\"954\" data-end=\"979\">\ud83c\udf43 <strong data-start=\"957\" data-end=\"979\">C\u1ea3m h\u1ee9ng &amp; \u00fd ngh\u0129a<\/strong><\/p>\n<p data-start=\"981\" data-end=\"1092\">Trong \u0111\u1eddi s\u1ed1ng Vi\u1ec7t, <strong data-start=\"1002\" data-end=\"1014\">l\u00e1 chu\u1ed1i<\/strong> kh\u00f4ng ch\u1ec9 l\u00e0 h\u00ecnh \u1ea3nh quen thu\u1ed9c m\u00e0 c\u00f2n g\u1eafn li\u1ec1n v\u1edbi nhi\u1ec1u gi\u00e1 tr\u1ecb v\u0103n h\u00f3a:<\/p>\n<ul data-start=\"1094\" data-end=\"1390\">\n<li data-start=\"1094\" data-end=\"1210\">\n<p data-start=\"1096\" data-end=\"1210\"><strong data-start=\"1096\" data-end=\"1135\">Bi\u1ec3u tr\u01b0ng cho s\u1ef1 bao dung, ch\u1edf che<\/strong> \u2013 l\u00e1 chu\u1ed1i g\u00f3i l\u1ea5y m\u00f3n \u0103n, b\u1ea3o v\u1ec7 m\u1ea7m non, t\u01b0\u1ee3ng tr\u01b0ng cho t\u00ecnh m\u1eb9 hi\u1ec1n.<\/p>\n<\/li>\n<li data-start=\"1211\" data-end=\"1297\">\n<p data-start=\"1213\" data-end=\"1297\"><strong data-start=\"1213\" data-end=\"1247\">Bi\u1ec3u t\u01b0\u1ee3ng c\u1ee7a s\u1ee9c s\u1ed1ng b\u1ec1n b\u1ec9<\/strong> \u2013 d\u1eabu n\u1eafng m\u01b0a, l\u00e1 chu\u1ed1i v\u1eabn v\u01b0\u01a1n l\u00ean xanh t\u1ed1t.<\/p>\n<\/li>\n<li data-start=\"1298\" data-end=\"1390\">\n<p data-start=\"1300\" data-end=\"1390\"><strong data-start=\"1300\" data-end=\"1323\">G\u1ee3i k\u00fd \u1ee9c qu\u00ea h\u01b0\u01a1ng<\/strong> \u2013 m\u00f9i l\u00e1 chu\u1ed1i g\u1ee3i nh\u1edb tu\u1ed5i th\u01a1, nh\u1eefng ng\u00e0y b\u00ecnh y\u00ean v\u00e0 gi\u1ea3n d\u1ecb.<\/p>\n<\/li>\n<\/ul>\n<p data-start=\"1392\" data-end=\"1507\">Chi\u1ebfc v\u00f2ng v\u00ec th\u1ebf mang \u00fd ngh\u0129a nh\u01b0 <strong data-start=\"1427\" data-end=\"1456\">m\u1ed9t l\u1eddi nh\u1eafc v\u1ec1 c\u1ed9i ngu\u1ed3n<\/strong>, v\u1ec1 v\u1ebb \u0111\u1eb9p thu\u1ea7n h\u1eadu v\u00e0 tinh th\u1ea7n s\u1ed1ng an nhi\u00ean.<\/p>\n<p data-start=\"1509\" data-end=\"1536\">\ud83d\udc57 <strong data-start=\"1512\" data-end=\"1536\">Ph\u1ed1i c\u00f9ng trang ph\u1ee5c<\/strong><\/p>\n<ul data-start=\"1538\" data-end=\"1887\">\n<li data-start=\"1538\" data-end=\"1647\">\n<p data-start=\"1540\" data-end=\"1647\"><strong data-start=\"1540\" data-end=\"1567\">Trang ph\u1ee5c th\u01b0\u1eddng ng\u00e0y:<\/strong> Ph\u1ed1i v\u1edbi \u00e1o linen, v\u00e1y cotton, s\u01a1 mi tr\u1eafng \u2013 mang l\u1ea1i v\u1ebb nh\u1eb9 nh\u00e0ng, t\u1ef1 nhi\u00ean.<\/p>\n<\/li>\n<li data-start=\"1648\" data-end=\"1766\">\n<p data-start=\"1650\" data-end=\"1766\"><strong data-start=\"1650\" data-end=\"1678\">Trang ph\u1ee5c truy\u1ec1n th\u1ed1ng:<\/strong> Khi k\u1ebft h\u1ee3p c\u00f9ng \u00e1o d\u00e0i, \u00e1o t\u1ee9 th\u00e2n hay kh\u0103n v\u1ea5n, chi\u1ebfc v\u00f2ng g\u1ee3i n\u00e9t ho\u00e0i c\u1ed5, n\u1ec1n n\u00e3.<\/p>\n<\/li>\n<li data-start=\"1767\" data-end=\"1887\">\n<p data-start=\"1769\" data-end=\"1887\"><strong data-start=\"1769\" data-end=\"1793\">Phong c\u00e1ch hi\u1ec7n \u0111\u1ea1i:<\/strong> \u0110eo \u0111\u01a1n ho\u1eb7c mix v\u1edbi nhi\u1ec1u v\u00f2ng m\u1ea3nh kh\u00e1c \u0111\u1ec3 t\u1ea1o \u0111i\u1ec3m nh\u1ea5n tinh t\u1ebf, c\u00e1 t\u00ednh m\u00e0 v\u1eabn g\u1ea7n g\u0169i.<\/p>\n<\/li>\n<\/ul>\n<p data-start=\"1889\" data-end=\"1921\">\u2692\ufe0f <strong data-start=\"1892\" data-end=\"1921\">Ch\u1ebf t\u00e1c th\u1ee7 c\u00f4ng tinh x\u1ea3o<\/strong><\/p>\n<p data-start=\"1923\" data-end=\"2310\">M\u1ed7i chi\u1ebfc v\u00f2ng \u0111\u01b0\u1ee3c <strong data-start=\"1943\" data-end=\"1988\">g\u00f2, ch\u1ea1m v\u00e0 ho\u00e0n thi\u1ec7n ho\u00e0n to\u00e0n th\u1ee7 c\u00f4ng<\/strong> b\u1edfi ngh\u1ec7 nh\u00e2n Tonkin Craft \u2013 nh\u1eefng ng\u01b0\u1eddi gi\u1eef ngh\u1ec1 g\u00f2 ch\u1ea1m \u0111\u1ed3ng truy\u1ec1n th\u1ed1ng Vi\u1ec7t.<br data-start=\"2070\" data-end=\"2073\" \/>T\u1eebng c\u00f4ng \u0111o\u1ea1n \u2013 t\u1eeb ch\u1ecdn \u0111\u1ed3ng, t\u1ea1o d\u00e1ng, ch\u1ea1m g\u00e2n l\u00e1 \u0111\u1ebfn m\u00e0i s\u00e1ng \u2013 \u0111\u1ec1u \u0111\u01b0\u1ee3c l\u00e0m t\u1ec9 m\u1ec9 b\u1eb1ng tay, kh\u00f4ng khu\u00f4n \u0111\u00fac, kh\u00f4ng c\u00f4ng nghi\u1ec7p.<br data-start=\"2205\" data-end=\"2208\" \/>Nh\u1edd v\u1eady, m\u1ed7i chi\u1ebfc v\u00f2ng l\u00e0 <strong data-start=\"2235\" data-end=\"2259\">m\u1ed9t t\u00e1c ph\u1ea9m \u0111\u1ed9c b\u1ea3n<\/strong>, mang h\u01a1i th\u1edf t\u1ef1 nhi\u00ean v\u00e0 h\u1ed3n c\u1ee7a kim lo\u1ea1i s\u1ed1ng.<\/p>\n<p data-start=\"2312\" data-end=\"2338\">\ud83c\udf81 <strong data-start=\"2315\" data-end=\"2338\">\u1ee8ng d\u1ee5ng &amp; qu\u00e0 t\u1eb7ng<\/strong><\/p>\n<p data-start=\"2340\" data-end=\"2568\">Ph\u00f9 h\u1ee3p l\u00e0m <strong data-start=\"2352\" data-end=\"2379\">trang s\u1ee9c \u0111eo h\u00e0ng ng\u00e0y<\/strong> ho\u1eb7c <strong data-start=\"2385\" data-end=\"2424\">qu\u00e0 t\u1eb7ng \u00fd ngh\u0129a cho m\u1eb9, c\u00f4, b\u1ea1n b\u00e8<\/strong>, nh\u01b0 l\u1eddi ch\u00fac <strong data-start=\"2439\" data-end=\"2484\">b\u00ecnh an, may m\u1eafn v\u00e0 g\u1eafn b\u00f3 v\u1edbi c\u1ed9i ngu\u1ed3n.<\/strong><br data-start=\"2484\" data-end=\"2487\" \/>L\u00e0 l\u1ef1a ch\u1ecdn tinh t\u1ebf cho c\u00e1c d\u1ecbp <strong data-start=\"2519\" data-end=\"2566\">20\/10, sinh nh\u1eadt, T\u1ebft hay k\u1ef7 ni\u1ec7m \u0111\u1eb7c bi\u1ec7t.<\/strong><\/p>\n<p data-start=\"2570\" data-end=\"2613\">\u2728 <strong data-start=\"2572\" data-end=\"2613\">S\u1ef1 kh\u00e1c bi\u1ec7t c\u1ee7a \u0111\u1ed3 \u0111\u1ed3ng Tonkin Craft<\/strong><\/p>\n<ul data-start=\"2615\" data-end=\"2862\">\n<li data-start=\"2615\" data-end=\"2675\">\n<p data-start=\"2617\" data-end=\"2675\">Th\u1ee7 c\u00f4ng ho\u00e0n to\u00e0n \u2013 kh\u00f4ng khu\u00f4n \u0111\u00fac, kh\u00f4ng c\u00f4ng nghi\u1ec7p.<\/p>\n<\/li>\n<li data-start=\"2676\" data-end=\"2747\">\n<p data-start=\"2678\" data-end=\"2747\">M\u1ed7i s\u1ea3n ph\u1ea9m l\u00e0 <strong data-start=\"2694\" data-end=\"2705\">\u0111\u1ed9c b\u1ea3n<\/strong>, mang d\u1ea5u \u1ea5n ri\u00eang c\u1ee7a ng\u01b0\u1eddi ngh\u1ec7 nh\u00e2n.<\/p>\n<\/li>\n<li data-start=\"2748\" data-end=\"2862\">\n<p data-start=\"2750\" data-end=\"2862\">K\u1ebft h\u1ee3p gi\u1eefa <strong data-start=\"2763\" data-end=\"2792\">th\u1ea9m m\u1ef9 truy\u1ec1n th\u1ed1ng Vi\u1ec7t<\/strong> v\u00e0 <strong data-start=\"2796\" data-end=\"2828\">phong c\u00e1ch t\u1ed1i gi\u1ea3n hi\u1ec7n \u0111\u1ea1i<\/strong>, mang gi\u00e1 tr\u1ecb v\u0103n h\u00f3a b\u1ec1n v\u1eefng.<\/p>\n<\/li>\n<\/ul>\n<p data-start=\"2864\" data-end=\"2890\">\ud83d\udd38 <strong data-start=\"2867\" data-end=\"2890\">Ch\u1ea5t l\u01b0\u1ee3ng &amp; \u0111\u1ed9 b\u1ec1n<\/strong><\/p>\n<p data-start=\"2892\" data-end=\"3033\">\u0110\u1ed3ng Tonkin Craft c\u00e0ng d\u00f9ng c\u00e0ng \u0111\u1eb9p \u2013 theo th\u1eddi gian, b\u1ec1 m\u1eb7t \u0111\u1ed3ng chuy\u1ec3n sang s\u1eafc tr\u1ea7m \u1ea5m, c\u1ed5 \u0111i\u1ec3n, th\u1ec3 hi\u1ec7n d\u1ea5u \u1ea5n c\u00e1 nh\u00e2n c\u1ee7a ng\u01b0\u1eddi \u0111eo.<\/p>\n<p data-start=\"3035\" data-end=\"3061\">\ud83d\udca7 <strong data-start=\"3038\" data-end=\"3061\">Ch\u0103m s\u00f3c &amp; b\u1ea3o qu\u1ea3n<\/strong><\/p>\n<ul data-start=\"3063\" data-end=\"3255\">\n<li data-start=\"3063\" data-end=\"3136\">\n<p data-start=\"3065\" data-end=\"3136\">Khi v\u00f2ng x\u1ec9n m\u00e0u, c\u00f3 th\u1ec3 \u0111\u00e1nh s\u00e1ng b\u1eb1ng chanh, gi\u1ea5m ho\u1eb7c baking soda.<\/p>\n<\/li>\n<li data-start=\"3137\" data-end=\"3188\">\n<p data-start=\"3139\" data-end=\"3188\">Tr\u00e1nh ti\u1ebfp x\u00fac v\u1edbi n\u01b0\u1edbc hoa, m\u1ef9 ph\u1ea9m, h\u00f3a ch\u1ea5t.<\/p>\n<\/li>\n<li data-start=\"3189\" data-end=\"3255\">\n<p data-start=\"3191\" data-end=\"3255\">B\u1ea3o qu\u1ea3n n\u01a1i kh\u00f4 r\u00e1o, trong t\u00fai v\u1ea3i ho\u1eb7c h\u1ed9p g\u1ed7 c\u00f3 g\u00f3i h\u00fat \u1ea9m.<\/p>\n<\/li>\n<\/ul>\n<p data-start=\"3257\" data-end=\"3510\">\ud83c\udf3f<br data-start=\"3259\" data-end=\"3262\" \/><strong data-start=\"3262\" data-end=\"3293\">V\u00f2ng Tay \u0110\u1ed3ng Ch\u1ea1m L\u00e1 Chu\u1ed1i<\/strong> kh\u00f4ng ch\u1ec9 l\u00e0 m\u00f3n trang s\u1ee9c th\u1ee7 c\u00f4ng tinh x\u1ea3o, m\u00e0 c\u00f2n l\u00e0 <strong data-start=\"3350\" data-end=\"3397\">l\u1eddi tri \u00e2n v\u1ebb \u0111\u1eb9p b\u00ecnh d\u1ecb c\u1ee7a l\u00e0ng qu\u00ea Vi\u1ec7t<\/strong>, mang trong m\u00ecnh <strong data-start=\"3415\" data-end=\"3455\">tinh th\u1ea7n an y\u00ean v\u00e0 s\u1ee9c s\u1ed1ng d\u1ebbo dai<\/strong> m\u00e0 Tonkin Craft g\u1eedi g\u1eafm qua \u0111\u00f4i tay ng\u01b0\u1eddi ngh\u1ec7 nh\u00e2n.<\/p>\n","protected":false},"excerpt":{"rendered":"<p>L\u1ea5y c\u1ea3m h\u1ee9ng t\u1eeb <strong data-start=\"86\" data-end=\"98\">l\u00e1 chu\u1ed1i<\/strong> \u2013 bi\u1ec3u t\u01b0\u1ee3ng c\u1ee7a <strong data-start=\"116\" data-end=\"185\">s\u1ef1 bao dung, s\u1ee9c s\u1ed1ng d\u1ebbo dai v\u00e0 n\u00e9t \u0111\u1eb9p d\u00e2n d\u00e3 c\u1ee7a l\u00e0ng qu\u00ea Vi\u1ec7t<\/strong>, chi\u1ebfc v\u00f2ng \u0111\u01b0\u1ee3c <strong data-start=\"203\" data-end=\"245\">ch\u1ea1m th\u1ee7 c\u00f4ng t\u1eeb \u0111\u1ed3ng v\u00e0ng nguy\u00ean ch\u1ea5t<\/strong>, t\u00e1i hi\u1ec7n t\u1eebng \u0111\u01b0\u1eddng g\u00e2n l\u00e1 m\u1ec1m m\u1ea1i, t\u1ef1 nhi\u00ean.<\/p>\n<p>Th\u00f4ng tin chi ti\u1ebft SP:<\/p>\n<p>\u2013 Ch\u1ea5t li\u1ec7u: \u0110\u1ed3ng thau, \u0111\u1ed3ng \u0111\u1ecf nguy\u00ean ch\u1ea5t<\/p>\n<p>\u2013 Ph\u01b0\u01a1ng c\u00e1ch ch\u1ebf t\u1ea1o: Th\u1ee7 c\u00f4ng, g\u00f2 tay<\/p>\n<p>\u2013 Xu\u1ea5t x\u1ee9: Vi\u1ec7t Nam<\/p>\n<p>\u2013 M\u00e0u s\u1eafc: v\u00e0ng<\/p>\n<p>\u2013 Nh\u1eadn l\u00e0m theo m\u1eabu, k\u00edch th\u01b0\u1edbc y\u00eau c\u1ea7u<\/p>\n<p>Kh\u00e1c bi\u1ec7t v\u1edbi nh\u1eefng m\u1eabu v\u00f2ng hi\u1ec7n \u0111\u1ea1i, v\u00f2ng ki\u1ec1ng l\u00e1 t\u1ea1i Tonkin Craft ch\u00ednh l\u00e0 \u201c\u0111\u1eb7c s\u1ea3n\u201d, l\u00e0m t\u00f4n l\u00ean n\u00e9t \u0111\u1eb9p truy\u1ec1n th\u1ed1ng v\u1ed1n c\u00f3 c\u1ee7a t\u00e0 \u00e1o d\u00e0i, \u00e1o l\u1ee5a. V\u1edbi k\u1ebft c\u1ea5u l\u00e0 chi\u1ebfc ki\u1ec1ng m\u1edf v\u00e0 l\u00e1, l\u00e0m \u0111i\u1ec3m nh\u1ea5n cho trang ph\u1ee5c th\u00eam ph\u1ea7n kh\u00e1c bi\u1ec7t v\u00e0 n\u1ed5i b\u1eadt g\u01b0\u01a1ng m\u1eb7t.<\/p>\n","protected":false},"featured_media":2782,"comment_status":"open","ping_status":"closed","template":"","meta":[],"product_brand":[],"product_cat":[276],"product_tag":[237,219,216,220,221,218,217,259,260],"class_list":{"0":"post-1911","1":"product","2":"type-product","3":"status-publish","4":"has-post-thumbnail","6":"product_cat-vong-tay","7":"product_tag-kieng-ao-lua","8":"product_tag-kieng-deo-co","9":"product_tag-kieng-dong","10":"product_tag-kieng-hoa-sen","11":"product_tag-phu-kien-dong","12":"product_tag-vong-co","13":"product_tag-vong-dong","14":"product_tag-vong-tay-dong","15":"product_tag-vong-tay-thu-cong","17":"first","18":"instock","19":"shipping-taxable","20":"product-type-simple"},"aioseo_notices":[],"_links":{"self":[{"href":"https:\/\/tonkincraft.vn\/vn\/wp-json\/wp\/v2\/product\/1911","targetHints":{"allow":["GET"]}}],"collection":[{"href":"https:\/\/tonkincraft.vn\/vn\/wp-json\/wp\/v2\/product"}],"about":[{"href":"https:\/\/tonkincraft.vn\/vn\/wp-json\/wp\/v2\/types\/product"}],"replies":[{"embeddable":true,"href":"https:\/\/tonkincraft.vn\/vn\/wp-json\/wp\/v2\/comments?post=1911"}],"wp:featuredmedia":[{"embeddable":true,"href":"https:\/\/tonkincraft.vn\/vn\/wp-json\/wp\/v2\/media\/2782"}],"wp:attachment":[{"href":"https:\/\/tonkincraft.vn\/vn\/wp-json\/wp\/v2\/media?parent=1911"}],"wp:term":[{"taxonomy":"product_brand","embeddable":true,"href":"https:\/\/tonkincraft.vn\/vn\/wp-json\/wp\/v2\/product_brand?post=1911"},{"taxonomy":"product_cat","embeddable":true,"href":"https:\/\/tonkincraft.vn\/vn\/wp-json\/wp\/v2\/product_cat?post=1911"},{"taxonomy":"product_tag","embeddable":true,"href":"https:\/\/tonkincraft.vn\/vn\/wp-json\/wp\/v2\/product_tag?post=1911"}],"curies":[{"name":"wp","href":"https:\/\/api.w.org\/{rel}","templated":true}]}}