{"id":1906,"date":"2022-09-13T12:09:19","date_gmt":"2022-09-13T05:09:19","guid":{"rendered":"https:\/\/tonkincraft.vn\/vn\/?post_type=product&#038;p=1906"},"modified":"2025-10-09T22:08:43","modified_gmt":"2025-10-09T15:08:43","slug":"vong-tay-chuon-chuon-cham-noi-bang-dong","status":"publish","type":"product","link":"https:\/\/tonkincraft.vn\/vn\/product\/vong-tay-chuon-chuon-cham-noi-bang-dong\/","title":{"rendered":"V\u00f2ng Tay \u0110\u1ed3ng Ch\u1ea1m Chu\u1ed3n chu\u1ed3n Th\u1ee7 C\u00f4ng"},"content":{"rendered":"<h3 data-start=\"210\" data-end=\"294\"><strong data-start=\"214\" data-end=\"294\">V\u00f2ng Tay \u0110\u1ed3ng Ch\u1ea1m Chu\u1ed3n Chu\u1ed3n \u2013 T\u1ef1 do, nh\u1eb9 nh\u00f5m v\u00e0 mang n\u0103ng l\u01b0\u1ee3ng t\u01b0\u01a1i m\u1edbi<\/strong><\/h3>\n<p data-start=\"296\" data-end=\"554\">L\u1ea5y c\u1ea3m h\u1ee9ng t\u1eeb <strong data-start=\"312\" data-end=\"336\">h\u00ecnh \u1ea3nh chu\u1ed3n chu\u1ed3n<\/strong> \u2013 lo\u00e0i v\u1eadt g\u1eafn li\u1ec1n v\u1edbi l\u00e0ng qu\u00ea Vi\u1ec7t, bi\u1ec3u tr\u01b0ng cho <strong data-start=\"391\" data-end=\"434\">s\u1ef1 t\u1ef1 do, ni\u1ec1m tin v\u00e0 thay \u0111\u1ed5i t\u00edch c\u1ef1c<\/strong>, chi\u1ebfc <strong data-start=\"442\" data-end=\"476\">V\u00f2ng Tay \u0110\u1ed3ng Ch\u1ea1m Chu\u1ed3n Chu\u1ed3n<\/strong> mang trong m\u00ecnh v\u1ebb \u0111\u1eb9p tinh ngh\u1ecbch m\u00e0 thanh tho\u00e1t, gi\u1ea3n d\u1ecb m\u00e0 \u0111\u1ea7y s\u1ee9c s\u1ed1ng.<\/p>\n<p data-start=\"556\" data-end=\"856\">M\u1ed7i chi ti\u1ebft c\u00e1nh chu\u1ed3n \u0111\u01b0\u1ee3c <strong data-start=\"585\" data-end=\"634\">ch\u1ea1m tay t\u1ec9 m\u1ec9 tr\u00ean n\u1ec1n \u0111\u1ed3ng v\u00e0ng nguy\u00ean ch\u1ea5t<\/strong>, t\u00e1i hi\u1ec7n h\u00ecnh \u1ea3nh \u0111\u00f4i c\u00e1nh m\u1ea3nh mai l\u1ea5p l\u00e1nh trong n\u1eafng s\u1edbm.<br data-start=\"696\" data-end=\"699\" \/>S\u1eafc v\u00e0ng \u1ea5m v\u00e0 \u00e1nh kim t\u1ef1 nhi\u00ean c\u1ee7a \u0111\u1ed3ng khi\u1ebfn chi\u1ebfc v\u00f2ng v\u1eeba m\u1ed9c m\u1ea1c v\u1eeba n\u1ed5i b\u1eadt \u2013 m\u1ed9t m\u00f3n trang s\u1ee9c th\u1ee7 c\u00f4ng tinh t\u1ebf, g\u1ee3i c\u1ea3m gi\u00e1c b\u00ecnh y\u00ean v\u00e0 ho\u00e0i ni\u1ec7m.<\/p>\n<p data-start=\"858\" data-end=\"1060\">Chi\u1ebfc v\u00f2ng kh\u00f4ng ch\u1ec9 l\u00e0 ph\u1ee5 ki\u1ec7n, m\u00e0 c\u00f2n l\u00e0 <strong data-start=\"902\" data-end=\"981\">bi\u1ec3u t\u01b0\u1ee3ng c\u1ee7a tinh th\u1ea7n t\u1ef1 do, ni\u1ec1m vui v\u00e0 ni\u1ec1m tin v\u00e0o nh\u1eefng kh\u1edfi \u0111\u1ea7u m\u1edbi<\/strong>, d\u00e0nh cho nh\u1eefng t\u00e2m h\u1ed3n y\u00eau thi\u00ean nhi\u00ean, y\u00eau s\u1ef1 nh\u1eb9 nh\u00e0ng nh\u01b0ng v\u1eabn m\u1ea1nh m\u1ebd.<\/p>\n<p data-start=\"1062\" data-end=\"1087\">\ud83e\udeb6 <strong data-start=\"1065\" data-end=\"1087\">C\u1ea3m h\u1ee9ng &amp; \u00fd ngh\u0129a<\/strong><\/p>\n<p data-start=\"1089\" data-end=\"1143\">Trong v\u0103n h\u00f3a Vi\u1ec7t, <strong data-start=\"1109\" data-end=\"1124\">chu\u1ed3n chu\u1ed3n<\/strong> t\u01b0\u1ee3ng tr\u01b0ng cho:<\/p>\n<ul data-start=\"1144\" data-end=\"1451\">\n<li data-start=\"1144\" data-end=\"1235\">\n<p data-start=\"1146\" data-end=\"1235\"><strong data-start=\"1146\" data-end=\"1173\">S\u1ef1 t\u1ef1 do v\u00e0 thanh tho\u00e1t<\/strong> \u2013 bay l\u01b0\u1ee3n gi\u1eefa kh\u00f4ng trung, mang theo ni\u1ec1m vui v\u00e0 hy v\u1ecdng.<\/p>\n<\/li>\n<li data-start=\"1236\" data-end=\"1343\">\n<p data-start=\"1238\" data-end=\"1343\"><strong data-start=\"1238\" data-end=\"1262\">\u0110i\u1ec1m l\u00e0nh v\u00e0 may m\u1eafn<\/strong> \u2013 d\u00e2n gian tin r\u1eb1ng chu\u1ed3n chu\u1ed3n xu\u1ea5t hi\u1ec7n b\u00e1o hi\u1ec7u tr\u1eddi \u0111\u1eb9p, mang l\u1ea1i tin vui.<\/p>\n<\/li>\n<li data-start=\"1344\" data-end=\"1451\">\n<p data-start=\"1346\" data-end=\"1451\"><strong data-start=\"1346\" data-end=\"1370\">S\u1ef1 \u0111\u1ed5i thay t\u00edch c\u1ef1c<\/strong> \u2013 bi\u1ec3u tr\u01b0ng cho kh\u1ea3 n\u0103ng th\u00edch nghi, v\u01b0\u1ee3t qua kh\u00f3 kh\u0103n \u0111\u1ec3 h\u01b0\u1edbng t\u1edbi \u00e1nh s\u00e1ng.<\/p>\n<\/li>\n<\/ul>\n<p data-start=\"1453\" data-end=\"1606\">V\u00ec v\u1eady, <strong data-start=\"1461\" data-end=\"1495\">V\u00f2ng Tay \u0110\u1ed3ng Ch\u1ea1m Chu\u1ed3n Chu\u1ed3n<\/strong> l\u00e0 m\u00f3n trang s\u1ee9c mang n\u0103ng l\u01b0\u1ee3ng l\u1ea1c quan, nh\u1eafc ta lu\u00f4n gi\u1eef t\u00e2m h\u1ed3n trong tr\u1ebbo v\u00e0 ni\u1ec1m tin v\u00e0o \u0111i\u1ec1u t\u1ed1t \u0111\u1eb9p.<\/p>\n<p data-start=\"1608\" data-end=\"1635\">\ud83d\udc57 <strong data-start=\"1611\" data-end=\"1635\">Ph\u1ed1i c\u00f9ng trang ph\u1ee5c<\/strong><\/p>\n<ul data-start=\"1637\" data-end=\"1968\">\n<li data-start=\"1637\" data-end=\"1750\">\n<p data-start=\"1639\" data-end=\"1750\"><strong data-start=\"1639\" data-end=\"1666\">Trang ph\u1ee5c th\u01b0\u1eddng ng\u00e0y:<\/strong> Mix c\u00f9ng \u00e1o linen, v\u00e1y th\u00f4 hay s\u01a1 mi s\u00e1ng m\u00e0u \u2013 t\u1ea1o \u0111i\u1ec3m nh\u1ea5n nh\u1eb9 nh\u00e0ng, tinh t\u1ebf.<\/p>\n<\/li>\n<li data-start=\"1751\" data-end=\"1860\">\n<p data-start=\"1753\" data-end=\"1860\"><strong data-start=\"1753\" data-end=\"1781\">Trang ph\u1ee5c truy\u1ec1n th\u1ed1ng:<\/strong> Khi k\u1ebft h\u1ee3p v\u1edbi \u00e1o d\u00e0i ho\u1eb7c y\u1ebfm l\u1ee5a, chi\u1ebfc v\u00f2ng g\u1ee3i n\u00e9t duy\u00ean d\u00e1ng, ho\u00e0i c\u1ed5.<\/p>\n<\/li>\n<li data-start=\"1861\" data-end=\"1968\">\n<p data-start=\"1863\" data-end=\"1968\"><strong data-start=\"1863\" data-end=\"1887\">Phong c\u00e1ch hi\u1ec7n \u0111\u1ea1i:<\/strong> C\u00f3 th\u1ec3 \u0111eo \u0111\u01a1n ho\u1eb7c ph\u1ed1i nhi\u1ec1u v\u00f2ng \u0111\u1ec3 t\u1ea1o n\u00e9t c\u00e1 t\u00ednh, t\u1ef1 do v\u00e0 ph\u00f3ng kho\u00e1ng.<\/p>\n<\/li>\n<\/ul>\n<p data-start=\"1970\" data-end=\"2002\">\u2692\ufe0f <strong data-start=\"1973\" data-end=\"2002\">Ch\u1ebf t\u00e1c th\u1ee7 c\u00f4ng tinh x\u1ea3o<\/strong><\/p>\n<p data-start=\"2004\" data-end=\"2362\">Chi\u1ebfc v\u00f2ng \u0111\u01b0\u1ee3c <strong data-start=\"2020\" data-end=\"2065\">g\u00f2, ch\u1ea1m v\u00e0 ho\u00e0n thi\u1ec7n ho\u00e0n to\u00e0n th\u1ee7 c\u00f4ng<\/strong> b\u1edfi ngh\u1ec7 nh\u00e2n Tonkin Craft.<br data-start=\"2093\" data-end=\"2096\" \/>T\u1eebng c\u00f4ng \u0111o\u1ea1n \u2013 t\u1eeb ch\u1ecdn \u0111\u1ed3ng, \u0111\u1ecbnh h\u00ecnh d\u00e1ng, ch\u1ea1m c\u00e1nh chu\u1ed3n \u0111\u1ebfn m\u00e0i s\u00e1ng b\u1ec1 m\u1eb7t \u2013 \u0111\u1ec1u \u0111\u01b0\u1ee3c l\u00e0m b\u1eb1ng tay, kh\u00f4ng khu\u00f4n \u0111\u00fac, kh\u00f4ng \u00e9p m\u00e1y.<br data-start=\"2234\" data-end=\"2237\" \/>Nh\u1edd v\u1eady, m\u1ed7i chi\u1ebfc v\u00f2ng l\u00e0 <strong data-start=\"2264\" data-end=\"2288\">m\u1ed9t t\u00e1c ph\u1ea9m \u0111\u1ed9c b\u1ea3n<\/strong>, mang h\u01a1i th\u1edf c\u1ee7a ngh\u1ec1 \u0111\u1ed3ng truy\u1ec1n th\u1ed1ng v\u00e0 d\u1ea5u \u1ea5n ri\u00eang c\u1ee7a ng\u01b0\u1eddi th\u1ee3.<\/p>\n<p data-start=\"2364\" data-end=\"2390\">\ud83c\udf81 <strong data-start=\"2367\" data-end=\"2390\">\u1ee8ng d\u1ee5ng &amp; qu\u00e0 t\u1eb7ng<\/strong><\/p>\n<p data-start=\"2392\" data-end=\"2645\">Ph\u00f9 h\u1ee3p l\u00e0m <strong data-start=\"2404\" data-end=\"2450\">qu\u00e0 t\u1eb7ng \u00fd ngh\u0129a cho m\u1eb9, b\u1ea1n b\u00e8, ng\u01b0\u1eddi y\u00eau<\/strong>, ho\u1eb7c d\u00e0nh t\u1eb7ng ch\u00ednh m\u00ecnh nh\u01b0 <strong data-start=\"2482\" data-end=\"2534\">l\u1eddi nh\u1eafc v\u1ec1 s\u1ef1 t\u1ef1 do, l\u1ea1c quan v\u00e0 ni\u1ec1m vui s\u1ed1ng.<\/strong><br data-start=\"2534\" data-end=\"2537\" \/>Chi\u1ebfc v\u00f2ng c\u0169ng l\u00e0 l\u1ef1a ch\u1ecdn tinh t\u1ebf cho c\u00e1c d\u1ecbp \u0111\u1eb7c bi\u1ec7t: sinh nh\u1eadt, 20\/10, l\u1ec5 T\u1ebft hay k\u1ef7 ni\u1ec7m quan tr\u1ecdng.<\/p>\n<p data-start=\"2647\" data-end=\"2690\">\u2728 <strong data-start=\"2649\" data-end=\"2690\">S\u1ef1 kh\u00e1c bi\u1ec7t c\u1ee7a \u0111\u1ed3 \u0111\u1ed3ng Tonkin Craft<\/strong><\/p>\n<ul data-start=\"2692\" data-end=\"2917\">\n<li data-start=\"2692\" data-end=\"2752\">\n<p data-start=\"2694\" data-end=\"2752\">Th\u1ee7 c\u00f4ng ho\u00e0n to\u00e0n \u2013 kh\u00f4ng khu\u00f4n \u0111\u00fac, kh\u00f4ng c\u00f4ng nghi\u1ec7p.<\/p>\n<\/li>\n<li data-start=\"2753\" data-end=\"2850\">\n<p data-start=\"2755\" data-end=\"2850\">M\u1ed7i s\u1ea3n ph\u1ea9m l\u00e0 <strong data-start=\"2771\" data-end=\"2782\">\u0111\u1ed9c b\u1ea3n<\/strong>, k\u1ebft h\u1ee3p gi\u1eefa <strong data-start=\"2797\" data-end=\"2848\">ngh\u1ec7 thu\u1eadt truy\u1ec1n th\u1ed1ng v\u00e0 tinh th\u1ea7n \u0111\u01b0\u01a1ng \u0111\u1ea1i.<\/strong><\/p>\n<\/li>\n<li data-start=\"2851\" data-end=\"2917\">\n<p data-start=\"2853\" data-end=\"2917\">B\u1ec1n v\u1eefng, tinh t\u1ebf, mang gi\u00e1 tr\u1ecb v\u0103n h\u00f3a v\u00e0 ngh\u1ec7 thu\u1eadt l\u00e2u d\u00e0i.<\/p>\n<\/li>\n<\/ul>\n<p data-start=\"2919\" data-end=\"2945\">\ud83d\udd38 <strong data-start=\"2922\" data-end=\"2945\">Ch\u1ea5t l\u01b0\u1ee3ng &amp; \u0111\u1ed9 b\u1ec1n<\/strong><\/p>\n<p data-start=\"2947\" data-end=\"3107\">\u0110\u1ed3ng Tonkin Craft c\u00e0ng d\u00f9ng c\u00e0ng \u0111\u1eb9p \u2013 theo th\u1eddi gian, b\u1ec1 m\u1eb7t \u0111\u1ed3ng d\u1ea7n chuy\u1ec3n sang s\u1eafc tr\u1ea7m \u1ea5m, c\u1ed5 \u0111i\u1ec3n, th\u1ec3 hi\u1ec7n n\u00e9t s\u1ed1ng \u0111\u1ed9ng v\u00e0 d\u1ea5u \u1ea5n ri\u00eang c\u1ee7a ng\u01b0\u1eddi \u0111eo.<\/p>\n<p data-start=\"3109\" data-end=\"3135\">\ud83d\udca7 <strong data-start=\"3112\" data-end=\"3135\">Ch\u0103m s\u00f3c &amp; b\u1ea3o qu\u1ea3n<\/strong><\/p>\n<ul data-start=\"3137\" data-end=\"3332\">\n<li data-start=\"3137\" data-end=\"3212\">\n<p data-start=\"3139\" data-end=\"3212\">Khi v\u00f2ng xu\u1ed1ng m\u00e0u, c\u00f3 th\u1ec3 \u0111\u00e1nh s\u00e1ng b\u1eb1ng chanh, gi\u1ea5m ho\u1eb7c baking soda.<\/p>\n<\/li>\n<li data-start=\"3213\" data-end=\"3264\">\n<p data-start=\"3215\" data-end=\"3264\">Tr\u00e1nh ti\u1ebfp x\u00fac v\u1edbi n\u01b0\u1edbc hoa, m\u1ef9 ph\u1ea9m, h\u00f3a ch\u1ea5t.<\/p>\n<\/li>\n<li data-start=\"3265\" data-end=\"3332\">\n<p data-start=\"3267\" data-end=\"3332\">B\u1ea3o qu\u1ea3n n\u01a1i kh\u00f4 r\u00e1o, trong t\u00fai v\u1ea3i ho\u1eb7c h\u1ed9p g\u1ed7 k\u00e8m g\u00f3i h\u00fat \u1ea9m.<\/p>\n<\/li>\n<\/ul>\n<p data-start=\"3334\" data-end=\"3532\">\ud83c\udf3f<br data-start=\"3336\" data-end=\"3339\" \/><strong data-start=\"3339\" data-end=\"3373\">V\u00f2ng Tay \u0110\u1ed3ng Ch\u1ea1m Chu\u1ed3n Chu\u1ed3n<\/strong> l\u00e0 m\u00f3n trang s\u1ee9c th\u1ee7 c\u00f4ng tinh x\u1ea3o, \u1ea9n ch\u1ee9a tinh th\u1ea7n t\u1ef1 do v\u00e0 l\u1ea1c quan \u2013 l\u1eddi ch\u00fac b\u00ecnh an v\u00e0 h\u1ea1nh ph\u00fac m\u00e0 Tonkin Craft g\u1eedi g\u1eafm qua b\u00e0n tay ng\u01b0\u1eddi ngh\u1ec7 nh\u00e2n.<\/p>\n","protected":false},"excerpt":{"rendered":"<p data-start=\"76\" data-end=\"297\">L\u1ea5y c\u1ea3m h\u1ee9ng t\u1eeb <strong data-start=\"92\" data-end=\"116\">h\u00ecnh \u1ea3nh chu\u1ed3n chu\u1ed3n<\/strong> \u2013 bi\u1ec3u t\u01b0\u1ee3ng c\u1ee7a <strong data-start=\"134\" data-end=\"178\">t\u1ef1 do, \u0111i\u1ec1m l\u00e0nh v\u00e0 s\u1ef1 thay \u0111\u1ed5i t\u00edch c\u1ef1c<\/strong>, chi\u1ebfc v\u00f2ng \u0111\u01b0\u1ee3c <strong data-start=\"196\" data-end=\"238\">ch\u1ea1m th\u1ee7 c\u00f4ng t\u1eeb \u0111\u1ed3ng v\u00e0ng nguy\u00ean ch\u1ea5t<\/strong>, t\u00e1i hi\u1ec7n \u0111\u00f4i c\u00e1nh m\u1ea3nh mai, l\u1ea5p l\u00e1nh \u00e1nh s\u00e1ng t\u1ef1 nhi\u00ean.<\/p>\n<p data-start=\"299\" data-end=\"475\" data-is-last-node=\"\" data-is-only-node=\"\">V\u00f2ng mang <strong data-start=\"309\" data-end=\"341\">v\u1ebb \u0111\u1eb9p thanh tho\u00e1t, nh\u1eb9 nh\u00f5m<\/strong> v\u00e0 <strong data-start=\"345\" data-end=\"368\">n\u0103ng l\u01b0\u1ee3ng l\u1ea1c quan<\/strong>, l\u00e0 <strong data-start=\"373\" data-end=\"392\">m\u00f3n qu\u00e0 \u00fd ngh\u0129a<\/strong> d\u00e0nh cho nh\u1eefng t\u00e2m h\u1ed3n y\u00eau thi\u00ean nhi\u00ean, y\u00eau s\u1ef1 t\u1ef1 do v\u00e0 ni\u1ec1m tin v\u00e0o \u0111i\u1ec1u t\u1ed1t \u0111\u1eb9p.<\/p>\n<p>Th\u00f4ng tin chi ti\u1ebft SP:<\/p>\n<p>\u2013 Ch\u1ea5t li\u1ec7u: \u0110\u1ed3ng thau, \u0111\u1ed3ng \u0111\u1ecf nguy\u00ean ch\u1ea5t<\/p>\n<p>\u2013 Ph\u01b0\u01a1ng c\u00e1ch ch\u1ebf t\u1ea1o: Th\u1ee7 c\u00f4ng, g\u00f2 tay<\/p>\n<p>\u2013 Xu\u1ea5t x\u1ee9: Vi\u1ec7t Nam<\/p>\n<p>\u2013 M\u00e0u s\u1eafc: v\u00e0ng<\/p>\n<p>\u2013 Nh\u1eadn l\u00e0m theo m\u1eabu, k\u00edch th\u01b0\u1edbc y\u00eau c\u1ea7u<\/p>\n<p>Kh\u00e1c bi\u1ec7t v\u1edbi nh\u1eefng m\u1eabu v\u00f2ng hi\u1ec7n \u0111\u1ea1i, v\u00f2ng ki\u1ec1ng l\u00e1 t\u1ea1i Tonkin Craft ch\u00ednh l\u00e0 \u201c\u0111\u1eb7c s\u1ea3n\u201d, l\u00e0m t\u00f4n l\u00ean n\u00e9t \u0111\u1eb9p truy\u1ec1n th\u1ed1ng v\u1ed1n c\u00f3 c\u1ee7a t\u00e0 \u00e1o d\u00e0i, \u00e1o l\u1ee5a. V\u1edbi k\u1ebft c\u1ea5u l\u00e0 chi\u1ebfc ki\u1ec1ng m\u1edf v\u00e0 l\u00e1, l\u00e0m \u0111i\u1ec3m nh\u1ea5n cho trang ph\u1ee5c th\u00eam ph\u1ea7n kh\u00e1c bi\u1ec7t v\u00e0 n\u1ed5i b\u1eadt g\u01b0\u01a1ng m\u1eb7t.<\/p>\n","protected":false},"featured_media":1887,"comment_status":"open","ping_status":"closed","template":"","meta":[],"product_brand":[],"product_cat":[276],"product_tag":[237,219,216,220,221,218,217,259,260],"class_list":{"0":"post-1906","1":"product","2":"type-product","3":"status-publish","4":"has-post-thumbnail","6":"product_cat-vong-tay","7":"product_tag-kieng-ao-lua","8":"product_tag-kieng-deo-co","9":"product_tag-kieng-dong","10":"product_tag-kieng-hoa-sen","11":"product_tag-phu-kien-dong","12":"product_tag-vong-co","13":"product_tag-vong-dong","14":"product_tag-vong-tay-dong","15":"product_tag-vong-tay-thu-cong","17":"first","18":"instock","19":"shipping-taxable","20":"product-type-simple"},"aioseo_notices":[],"_links":{"self":[{"href":"https:\/\/tonkincraft.vn\/vn\/wp-json\/wp\/v2\/product\/1906","targetHints":{"allow":["GET"]}}],"collection":[{"href":"https:\/\/tonkincraft.vn\/vn\/wp-json\/wp\/v2\/product"}],"about":[{"href":"https:\/\/tonkincraft.vn\/vn\/wp-json\/wp\/v2\/types\/product"}],"replies":[{"embeddable":true,"href":"https:\/\/tonkincraft.vn\/vn\/wp-json\/wp\/v2\/comments?post=1906"}],"wp:featuredmedia":[{"embeddable":true,"href":"https:\/\/tonkincraft.vn\/vn\/wp-json\/wp\/v2\/media\/1887"}],"wp:attachment":[{"href":"https:\/\/tonkincraft.vn\/vn\/wp-json\/wp\/v2\/media?parent=1906"}],"wp:term":[{"taxonomy":"product_brand","embeddable":true,"href":"https:\/\/tonkincraft.vn\/vn\/wp-json\/wp\/v2\/product_brand?post=1906"},{"taxonomy":"product_cat","embeddable":true,"href":"https:\/\/tonkincraft.vn\/vn\/wp-json\/wp\/v2\/product_cat?post=1906"},{"taxonomy":"product_tag","embeddable":true,"href":"https:\/\/tonkincraft.vn\/vn\/wp-json\/wp\/v2\/product_tag?post=1906"}],"curies":[{"name":"wp","href":"https:\/\/api.w.org\/{rel}","templated":true}]}}