{"id":1827,"date":"2022-09-13T00:05:11","date_gmt":"2022-09-12T17:05:11","guid":{"rendered":"https:\/\/tonkincraft.vn\/vn\/?post_type=product&#038;p=1827"},"modified":"2025-10-10T22:13:13","modified_gmt":"2025-10-10T15:13:13","slug":"khuyen-tai-la-ginkgo-dong-vang","status":"publish","type":"product","link":"https:\/\/tonkincraft.vn\/vn\/product\/khuyen-tai-la-ginkgo-dong-vang\/","title":{"rendered":"Khuy\u00ean Tai \u0110\u1ed3ng Ch\u1ea1m L\u00e1 R\u1ebb Qu\u1ea1t"},"content":{"rendered":"<article class=\"text-token-text-primary w-full focus:outline-none [--shadow-height:45px] has-data-writing-block:pointer-events-none has-data-writing-block:-mt-(--shadow-height) has-data-writing-block:pt-(--shadow-height) [&amp;:has([data-writing-block])&gt;*]:pointer-events-auto [content-visibility:auto] supports-[content-visibility:auto]:[contain-intrinsic-size:auto_100lvh] scroll-mt-[calc(var(--header-height)+min(200px,max(70px,20svh)))]\" dir=\"auto\" tabindex=\"-1\" data-turn-id=\"request-68e68ec7-8804-8320-808a-e3ebc72c4d84-10\" data-testid=\"conversation-turn-64\" data-scroll-anchor=\"true\" data-turn=\"assistant\">\n<div class=\"text-base my-auto mx-auto pb-10 [--thread-content-margin:--spacing(4)] thread-sm:[--thread-content-margin:--spacing(6)] thread-lg:[--thread-content-margin:--spacing(16)] px-(--thread-content-margin)\">\n<div class=\"[--thread-content-max-width:40rem] thread-lg:[--thread-content-max-width:48rem] mx-auto max-w-(--thread-content-max-width) flex-1 group\/turn-messages focus-visible:outline-hidden relative flex w-full min-w-0 flex-col agent-turn\" tabindex=\"-1\">\n<div class=\"flex max-w-full flex-col grow\">\n<div class=\"min-h-8 text-message relative flex w-full flex-col items-end gap-2 text-start break-words whitespace-normal [.text-message+&amp;]:mt-5\" dir=\"auto\" data-message-author-role=\"assistant\" data-message-id=\"95001d62-e2d9-482e-b861-62504798add2\" data-message-model-slug=\"gpt-5\">\n<div class=\"flex w-full flex-col gap-1 empty:hidden first:pt-[1px]\">\n<div class=\"markdown prose dark:prose-invert w-full break-words light markdown-new-styling\">\n<p data-start=\"0\" data-end=\"75\"><strong data-start=\"0\" data-end=\"73\">Khuy\u00ean Tai Ch\u1ea1m L\u00e1 B\u1ea1ch Qu\u1ea3 \u2013 Thanh tao, v\u1eefng b\u1ec1n v\u00e0 \u0111\u1ea7y \u00fd ngh\u0129a<\/strong><\/p>\n<p data-start=\"77\" data-end=\"372\">L\u1ea5y c\u1ea3m h\u1ee9ng t\u1eeb <strong data-start=\"93\" data-end=\"124\">l\u00e1 b\u1ea1ch qu\u1ea3 (Ginkgo biloba)<\/strong> \u2013 lo\u00e0i l\u00e1 mang h\u00ecnh qu\u1ea1t \u0111\u1eb7c tr\u01b0ng, t\u01b0\u1ee3ng tr\u01b0ng cho <strong data-start=\"177\" data-end=\"225\">s\u1ee9c s\u1ed1ng m\u00e3nh li\u1ec7t, s\u1ef1 tr\u01b0\u1eddng t\u1ed3n v\u00e0 tr\u00ed tu\u1ec7<\/strong>, \u0111\u00f4i <strong data-start=\"231\" data-end=\"267\">Khuy\u00ean Tai \u0110\u1ed3ng Ch\u1ea1m L\u00e1 B\u1ea1ch Qu\u1ea3<\/strong> l\u00e0 s\u1ef1 k\u1ebft h\u1ee3p tinh t\u1ebf gi\u1eefa <strong data-start=\"295\" data-end=\"331\">ngh\u1ec7 thu\u1eadt th\u1ee7 c\u00f4ng truy\u1ec1n th\u1ed1ng<\/strong> v\u00e0 <strong data-start=\"335\" data-end=\"369\">v\u1ebb \u0111\u1eb9p thi\u00ean nhi\u00ean thanh tho\u00e1t<\/strong>.<\/p>\n<p data-start=\"374\" data-end=\"613\">T\u1eebng \u0111\u01b0\u1eddng g\u00e2n l\u00e1 \u0111\u01b0\u1ee3c <strong data-start=\"397\" data-end=\"445\">g\u00f2 ch\u1ea1m t\u1ec9 m\u1ec9 tr\u00ean n\u1ec1n \u0111\u1ed3ng v\u00e0ng nguy\u00ean ch\u1ea5t<\/strong>, t\u1ea1o n\u00ean c\u1ea3m gi\u00e1c chuy\u1ec3n \u0111\u1ed9ng nh\u1eb9 nh\u00e0ng, s\u1ed1ng \u0111\u1ed9ng nh\u01b0 l\u00e1 \u0111ung \u0111\u01b0a trong gi\u00f3. \u00c1nh \u0111\u1ed3ng \u1ea5m pha s\u1eafc m\u1edd t\u1ef1 nhi\u00ean mang \u0111\u1ebfn v\u1ebb \u0111\u1eb9p <strong data-start=\"572\" data-end=\"610\">vintage, sang tr\u1ecdng m\u00e0 v\u1eabn g\u1ea7n g\u0169i<\/strong>.<\/p>\n<p data-start=\"615\" data-end=\"882\">\ud83c\udf3f <strong data-start=\"618\" data-end=\"640\">C\u1ea3m h\u1ee9ng &amp; \u00fd ngh\u0129a<\/strong><br data-start=\"640\" data-end=\"643\" \/>L\u00e1 b\u1ea1ch qu\u1ea3 l\u00e0 bi\u1ec3u t\u01b0\u1ee3ng c\u1ee7a <strong data-start=\"673\" data-end=\"722\">tu\u1ed5i th\u1ecd, tr\u00ed tu\u1ec7 v\u00e0 s\u1ef1 b\u1ec1n b\u1ec9 v\u01b0\u1ee3t th\u1eddi gian<\/strong>. Trong v\u0103n h\u00f3a \u00c1 \u0110\u00f4ng, n\u00f3 c\u00f2n t\u01b0\u1ee3ng tr\u01b0ng cho <strong data-start=\"769\" data-end=\"811\">t\u00ecnh y\u00eau v\u0129nh c\u1eedu v\u00e0 ni\u1ec1m tin b\u1ea5t di\u1ec7t<\/strong> \u2013 m\u1ed9t l\u1eddi ch\u00fac \u0111\u1eb9p v\u1ec1 <strong data-start=\"834\" data-end=\"879\">s\u1ee9c kh\u1ecfe, s\u1ef1 an l\u00e0nh v\u00e0 h\u1ea1nh ph\u00fac l\u00e2u d\u00e0i<\/strong>.<\/p>\n<p data-start=\"884\" data-end=\"1047\">\ud83d\udc57 <strong data-start=\"887\" data-end=\"911\">Ph\u1ed1i c\u00f9ng trang ph\u1ee5c<\/strong><br data-start=\"911\" data-end=\"914\" \/>Ph\u00f9 h\u1ee3p v\u1edbi <strong data-start=\"926\" data-end=\"993\">\u00e1o d\u00e0i, v\u00e1y linen, s\u01a1 mi tr\u1eafng hay trang ph\u1ee5c hi\u1ec7n \u0111\u1ea1i t\u1ed1i gi\u1ea3n<\/strong>, gi\u00fap t\u00f4n l\u00ean v\u1ebb thanh tho\u00e1t, nh\u1eb9 nh\u00e0ng v\u00e0 tinh t\u1ebf.<\/p>\n<p data-start=\"1049\" data-end=\"1275\">\u2692\ufe0f <strong data-start=\"1052\" data-end=\"1081\">Ch\u1ebf t\u00e1c th\u1ee7 c\u00f4ng tinh x\u1ea3o<\/strong><br data-start=\"1081\" data-end=\"1084\" \/>\u0110\u01b0\u1ee3c <strong data-start=\"1089\" data-end=\"1119\">ch\u1ebf t\u00e1c ho\u00e0n to\u00e0n th\u1ee7 c\u00f4ng<\/strong> b\u1edfi ngh\u1ec7 nh\u00e2n Tonkin Craft \u2013 t\u1eeb kh\u00e2u t\u1ea1o h\u00ecnh, g\u00f2 ch\u1ea1m chi ti\u1ebft \u0111\u1ebfn \u0111\u00e1nh b\u00f3ng m\u1edd t\u1ef1 nhi\u00ean, m\u1ed7i \u0111\u00f4i khuy\u00ean l\u00e0 <strong data-start=\"1229\" data-end=\"1253\">m\u1ed9t t\u00e1c ph\u1ea9m \u0111\u1ed9c b\u1ea3n<\/strong> mang h\u1ed3n ngh\u1ec1 Vi\u1ec7t.<\/p>\n<p data-start=\"1277\" data-end=\"1488\">\ud83c\udf81 <strong data-start=\"1280\" data-end=\"1302\">\u00dd ngh\u0129a &amp; qu\u00e0 t\u1eb7ng<\/strong><br data-start=\"1302\" data-end=\"1305\" \/>\u0110\u00f4i <strong data-start=\"1309\" data-end=\"1345\">Khuy\u00ean Tai \u0110\u1ed3ng Ch\u1ea1m L\u00e1 B\u1ea1ch Qu\u1ea3<\/strong> l\u00e0 <strong data-start=\"1349\" data-end=\"1379\">m\u00f3n qu\u00e0 tinh t\u1ebf v\u00e0 s\u00e2u s\u1eafc<\/strong> d\u00e0nh cho <strong data-start=\"1389\" data-end=\"1419\">m\u1eb9, b\u1ea1n b\u00e8 ho\u1eb7c ch\u00ednh m\u00ecnh<\/strong> \u2013 nh\u01b0 m\u1ed9t l\u1eddi ch\u00fac v\u1ec1 <strong data-start=\"1442\" data-end=\"1485\">s\u1ef1 an y\u00ean, tr\u00ed tu\u1ec7 v\u00e0 t\u00ecnh y\u00eau b\u1ec1n v\u1eefng<\/strong>.<\/p>\n<p data-start=\"1490\" data-end=\"1679\" data-is-last-node=\"\" data-is-only-node=\"\">\u2728<br data-start=\"1491\" data-end=\"1494\" \/>M\u1ed9t thi\u1ebft k\u1ebf gi\u1ea3n d\u1ecb m\u00e0 sang tr\u1ecdng, n\u01a1i <strong data-start=\"1534\" data-end=\"1587\">v\u1ebb \u0111\u1eb9p c\u1ee7a thi\u00ean nhi\u00ean v\u00e0 tinh th\u1ea7n th\u1ee7 c\u00f4ng Vi\u1ec7t<\/strong> h\u00f2a quy\u1ec7n \u2013 \u0111\u00f3 ch\u00ednh l\u00e0 tinh t\u00fay m\u00e0 Tonkin Craft g\u1eedi g\u1eafm trong t\u1eebng \u0111\u01b0\u1eddng ch\u1ea1m l\u00e1 b\u1ea1ch qu\u1ea3.<\/p>\n<\/div>\n<\/div>\n<\/div>\n<\/div>\n<div class=\"z-0 flex min-h-[46px] justify-start\"><\/div>\n<\/div>\n<\/div>\n<\/article>\n","protected":false},"excerpt":{"rendered":"<p data-start=\"64\" data-end=\"273\">L\u1ea5y c\u1ea3m h\u1ee9ng t\u1eeb <strong data-start=\"80\" data-end=\"95\">l\u00e1 b\u1ea1ch qu\u1ea3<\/strong> \u2013 bi\u1ec3u t\u01b0\u1ee3ng c\u1ee7a <strong data-start=\"113\" data-end=\"155\">tr\u00ed tu\u1ec7, tu\u1ed5i th\u1ecd v\u00e0 t\u00ecnh y\u00eau v\u0129nh c\u1eedu<\/strong>, \u0111\u00f4i khuy\u00ean \u0111\u01b0\u1ee3c <strong data-start=\"173\" data-end=\"215\">ch\u1ea1m th\u1ee7 c\u00f4ng t\u1eeb \u0111\u1ed3ng v\u00e0ng nguy\u00ean ch\u1ea5t<\/strong>, t\u00e1i hi\u1ec7n \u0111\u01b0\u1eddng g\u00e2n l\u00e1 m\u1ec1m m\u1ea1i v\u00e0 \u00e1nh \u0111\u1ed3ng \u1ea5m t\u1ef1 nhi\u00ean.<\/p>\n<p data-start=\"275\" data-end=\"468\" data-is-last-node=\"\" data-is-only-node=\"\">Thi\u1ebft k\u1ebf <strong data-start=\"284\" data-end=\"320\">tinh t\u1ebf, nh\u1eb9 nh\u00e0ng m\u00e0 sang tr\u1ecdng<\/strong>, ph\u00f9 h\u1ee3p v\u1edbi <strong data-start=\"334\" data-end=\"379\">\u00e1o d\u00e0i, v\u00e1y linen hay trang ph\u1ee5c hi\u1ec7n \u0111\u1ea1i<\/strong>, l\u00e0 <strong data-start=\"384\" data-end=\"403\">m\u00f3n qu\u00e0 \u00fd ngh\u0129a<\/strong> g\u1eedi g\u1eafm l\u1eddi ch\u00fac <strong data-start=\"421\" data-end=\"453\">an y\u00ean, h\u1ea1nh ph\u00fac v\u00e0 b\u1ec1n l\u00e2u<\/strong> \u0111\u1ebfn ng\u01b0\u1eddi \u0111eo.<\/p>\n<p>Th\u00f4ng tin chi ti\u1ebft SP:<\/p>\n<p>\u2013 Ch\u1ea5t li\u1ec7u: \u0110\u1ed3ng thau, \u0111\u1ed3ng \u0111\u1ecf nguy\u00ean ch\u1ea5t<\/p>\n<p>\u2013 Nh\u1eadn l\u00e0m theo m\u1eabu, k\u00edch th\u01b0\u1edbc y\u00eau c\u1ea7u<\/p>\n<p>Kh\u00e1c bi\u1ec7t v\u1edbi nh\u1eefng m\u1eabu v\u00f2ng hi\u1ec7n \u0111\u1ea1i, v\u00f2ng ki\u1ec1ng l\u00e1 t\u1ea1i Tonkin Craft ch\u00ednh l\u00e0 \u201c\u0111\u1eb7c s\u1ea3n\u201d, l\u00e0m t\u00f4n l\u00ean n\u00e9t \u0111\u1eb9p truy\u1ec1n th\u1ed1ng v\u1ed1n c\u00f3 c\u1ee7a t\u00e0 \u00e1o d\u00e0i, \u00e1o l\u1ee5a. V\u1edbi k\u1ebft c\u1ea5u l\u00e0 chi\u1ebfc ki\u1ec1ng m\u1edf v\u00e0 l\u00e1, l\u00e0m \u0111i\u1ec3m nh\u1ea5n cho trang ph\u1ee5c th\u00eam ph\u1ea7n kh\u00e1c bi\u1ec7t v\u00e0 n\u1ed5i b\u1eadt g\u01b0\u01a1ng m\u1eb7t.<\/p>\n","protected":false},"featured_media":2494,"comment_status":"open","ping_status":"closed","template":"","meta":[],"product_brand":[],"product_cat":[280,249],"product_tag":[251,252,250,237,219,216,220,221,218,217],"class_list":{"0":"post-1827","1":"product","2":"type-product","3":"status-publish","4":"has-post-thumbnail","6":"product_cat-bst-la-bach-qua","7":"product_cat-khuye-tai","8":"product_tag-khuyen-tai-dong","9":"product_tag-khuyen-tai-la","10":"product_tag-khuyen-tai-sen","11":"product_tag-kieng-ao-lua","12":"product_tag-kieng-deo-co","13":"product_tag-kieng-dong","14":"product_tag-kieng-hoa-sen","15":"product_tag-phu-kien-dong","16":"product_tag-vong-co","17":"product_tag-vong-dong","19":"first","20":"instock","21":"shipping-taxable","22":"product-type-simple"},"aioseo_notices":[],"_links":{"self":[{"href":"https:\/\/tonkincraft.vn\/vn\/wp-json\/wp\/v2\/product\/1827","targetHints":{"allow":["GET"]}}],"collection":[{"href":"https:\/\/tonkincraft.vn\/vn\/wp-json\/wp\/v2\/product"}],"about":[{"href":"https:\/\/tonkincraft.vn\/vn\/wp-json\/wp\/v2\/types\/product"}],"replies":[{"embeddable":true,"href":"https:\/\/tonkincraft.vn\/vn\/wp-json\/wp\/v2\/comments?post=1827"}],"wp:featuredmedia":[{"embeddable":true,"href":"https:\/\/tonkincraft.vn\/vn\/wp-json\/wp\/v2\/media\/2494"}],"wp:attachment":[{"href":"https:\/\/tonkincraft.vn\/vn\/wp-json\/wp\/v2\/media?parent=1827"}],"wp:term":[{"taxonomy":"product_brand","embeddable":true,"href":"https:\/\/tonkincraft.vn\/vn\/wp-json\/wp\/v2\/product_brand?post=1827"},{"taxonomy":"product_cat","embeddable":true,"href":"https:\/\/tonkincraft.vn\/vn\/wp-json\/wp\/v2\/product_cat?post=1827"},{"taxonomy":"product_tag","embeddable":true,"href":"https:\/\/tonkincraft.vn\/vn\/wp-json\/wp\/v2\/product_tag?post=1827"}],"curies":[{"name":"wp","href":"https:\/\/api.w.org\/{rel}","templated":true}]}}