{"id":1824,"date":"2022-09-13T00:01:22","date_gmt":"2022-09-12T17:01:22","guid":{"rendered":"https:\/\/tonkincraft.vn\/vn\/?post_type=product&#038;p=1824"},"modified":"2025-10-10T22:08:47","modified_gmt":"2025-10-10T15:08:47","slug":"khuyen-tai-hoa-dao-mai-dong-vang-thu-cong-sao-chep","status":"publish","type":"product","link":"https:\/\/tonkincraft.vn\/vn\/product\/khuyen-tai-hoa-dao-mai-dong-vang-thu-cong-sao-chep\/","title":{"rendered":"Khuy\u00ean Tai \u0110\u1ed3ng Cala Lily Th\u1ee7 C\u00f4ng"},"content":{"rendered":"<p data-start=\"0\" data-end=\"67\"><strong data-start=\"0\" data-end=\"65\">Khuy\u00ean Tai \u0110\u1ed3ng Ch\u1ea1m Hoa Calla Lily \u2013 Thanh l\u1ecbch v\u00e0 tinh kh\u00f4i<\/strong><\/p>\n<p data-start=\"69\" data-end=\"330\">L\u1ea5y c\u1ea3m h\u1ee9ng t\u1eeb <strong data-start=\"85\" data-end=\"109\">Calla Lily (hoa rum)<\/strong> \u2013 lo\u00e0i hoa bi\u1ec3u tr\u01b0ng cho <strong data-start=\"136\" data-end=\"190\">v\u1ebb \u0111\u1eb9p thanh khi\u1ebft, qu\u00fd ph\u00e1i v\u00e0 t\u00ecnh y\u00eau thu\u1ea7n t\u00fay<\/strong>, \u0111\u00f4i <strong data-start=\"196\" data-end=\"235\">Khuy\u00ean Tai \u0110\u1ed3ng Ch\u1ea1m Hoa Calla Lily<\/strong> \u0111\u01b0\u1ee3c <strong data-start=\"241\" data-end=\"271\">ch\u1ebf t\u00e1c ho\u00e0n to\u00e0n th\u1ee7 c\u00f4ng<\/strong> t\u1eeb <strong data-start=\"275\" data-end=\"300\">\u0111\u1ed3ng v\u00e0ng nguy\u00ean ch\u1ea5t<\/strong> b\u1edfi ngh\u1ec7 nh\u00e2n Tonkin Craft.<\/p>\n<p data-start=\"332\" data-end=\"577\">T\u1eebng c\u00e1nh hoa \u0111\u01b0\u1ee3c <strong data-start=\"351\" data-end=\"390\">g\u00f2 ch\u1ea1m tinh t\u1ebf, u\u1ed1n cong nh\u1eb9 nh\u00e0ng<\/strong> nh\u01b0 \u0111ang h\u00e9 n\u1edf, mang l\u1ea1i c\u1ea3m gi\u00e1c <strong data-start=\"425\" data-end=\"448\">nh\u1eb9 b\u1eabng v\u00e0 m\u1ec1m m\u1ea1i<\/strong>. \u00c1nh \u0111\u1ed3ng m\u1edd t\u1ef1 nhi\u00ean t\u1ea1o n\u00ean v\u1ebb <strong data-start=\"482\" data-end=\"521\">sang tr\u1ecdng, c\u1ed5 \u0111i\u1ec3n m\u00e0 v\u1eabn hi\u1ec7n \u0111\u1ea1i<\/strong>, khi\u1ebfn ng\u01b0\u1eddi \u0111eo tr\u1edf n\u00ean n\u1ed5i b\u1eadt theo c\u00e1ch r\u1ea5t ri\u00eang.<\/p>\n<p data-start=\"579\" data-end=\"891\">\ud83c\udf38 <strong data-start=\"582\" data-end=\"604\">C\u1ea3m h\u1ee9ng &amp; \u00dd ngh\u0129a<\/strong><br data-start=\"604\" data-end=\"607\" \/>Hoa Calla Lily t\u01b0\u1ee3ng tr\u01b0ng cho <strong data-start=\"638\" data-end=\"691\">s\u1ef1 trong s\u00e1ng, l\u00f2ng bi\u1ebft \u01a1n v\u00e0 v\u1ebb \u0111\u1eb9p thanh khi\u1ebft<\/strong> \u2013 l\u00e0 h\u00ecnh \u1ea3nh c\u1ee7a ng\u01b0\u1eddi ph\u1ee5 n\u1eef v\u1eeba <strong data-start=\"727\" data-end=\"752\">d\u1ecbu d\u00e0ng, v\u1eeba m\u1ea1nh m\u1ebd<\/strong>, s\u1ed1ng ch\u00e2n th\u00e0nh v\u00e0 t\u1ef1 tin.<br data-start=\"780\" data-end=\"783\" \/>\u0110\u00f4i khuy\u00ean nh\u01b0 m\u1ed9t <strong data-start=\"802\" data-end=\"844\">l\u1eddi ch\u00fac b\u00ecnh an v\u00e0 thanh xu\u00e2n b\u1ec1n l\u00e2u<\/strong>, mang theo n\u0103ng l\u01b0\u1ee3ng d\u1ecbu d\u00e0ng v\u00e0 tinh kh\u00f4i.<\/p>\n<p data-start=\"893\" data-end=\"922\">\ud83d\udc57 <strong data-start=\"896\" data-end=\"920\">Ph\u1ed1i c\u00f9ng trang ph\u1ee5c<\/strong><\/p>\n<ul data-start=\"923\" data-end=\"1108\">\n<li data-start=\"923\" data-end=\"976\">\n<p data-start=\"925\" data-end=\"976\"><strong data-start=\"925\" data-end=\"945\">\u00c1o d\u00e0i, v\u00e1y l\u1ee5a:<\/strong> T\u00f4n n\u00e9t thanh l\u1ecbch, n\u1eef t\u00ednh.<\/p>\n<\/li>\n<li data-start=\"977\" data-end=\"1039\">\n<p data-start=\"979\" data-end=\"1039\"><strong data-start=\"979\" data-end=\"1003\">Trang ph\u1ee5c t\u1ed1i gi\u1ea3n:<\/strong> T\u1ea1o \u0111i\u1ec3m nh\u1ea5n nh\u1eb9 nh\u00e0ng, tinh t\u1ebf.<\/p>\n<\/li>\n<li data-start=\"1040\" data-end=\"1108\">\n<p data-start=\"1042\" data-end=\"1108\"><strong data-start=\"1042\" data-end=\"1066\">Phong c\u00e1ch hi\u1ec7n \u0111\u1ea1i:<\/strong> D\u1ec5 ph\u1ed1i, t\u00f4n g\u01b0\u01a1ng m\u1eb7t s\u00e1ng v\u00e0 m\u1ec1m m\u1ea1i.<\/p>\n<\/li>\n<\/ul>\n<p data-start=\"1110\" data-end=\"1363\">\u2692\ufe0f <strong data-start=\"1113\" data-end=\"1142\">Ch\u1ebf t\u00e1c th\u1ee7 c\u00f4ng tinh x\u1ea3o<\/strong><br data-start=\"1142\" data-end=\"1145\" \/>M\u1ed7i \u0111\u00f4i khuy\u00ean \u0111\u01b0\u1ee3c <strong data-start=\"1165\" data-end=\"1213\">g\u00f2, t\u1ea1o d\u00e1ng v\u00e0 \u0111\u00e1nh b\u00f3ng ho\u00e0n to\u00e0n b\u1eb1ng tay<\/strong>, gi\u1eef tr\u1ecdn \u0111\u01b0\u1eddng n\u00e9t t\u1ef1 nhi\u00ean c\u1ee7a hoa.<br data-start=\"1251\" data-end=\"1254\" \/>Kh\u00f4ng s\u1eed d\u1ee5ng khu\u00f4n \u0111\u00fac, v\u00ec th\u1ebf <strong data-start=\"1286\" data-end=\"1321\">m\u1ed7i s\u1ea3n ph\u1ea9m l\u00e0 m\u1ed9t b\u1ea3n \u0111\u1ed9c b\u1ea3n<\/strong>, mang d\u1ea5u \u1ea5n ri\u00eang c\u1ee7a ng\u01b0\u1eddi ngh\u1ec7 nh\u00e2n.<\/p>\n<p data-start=\"1365\" data-end=\"1693\">\ud83c\udf81 <strong data-start=\"1368\" data-end=\"1391\">\u1ee8ng d\u1ee5ng &amp; Qu\u00e0 t\u1eb7ng<\/strong><br data-start=\"1391\" data-end=\"1394\" \/>\u0110\u00f4i khuy\u00ean Calla Lily l\u00e0 <strong data-start=\"1419\" data-end=\"1467\">m\u00f3n trang s\u1ee9c mang v\u1ebb \u0111\u1eb9p thanh cao, tinh t\u1ebf<\/strong>, ph\u00f9 h\u1ee3p cho nh\u1eefng ng\u01b0\u1eddi y\u00eau phong c\u00e1ch nh\u1eb9 nh\u00e0ng nh\u01b0ng s\u00e2u s\u1eafc.<br data-start=\"1532\" data-end=\"1535\" \/>L\u00e0 <strong data-start=\"1538\" data-end=\"1557\">m\u00f3n qu\u00e0 \u00fd ngh\u0129a<\/strong> g\u1eedi \u0111\u1ebfn m\u1eb9, c\u00f4, ch\u1ecb hay ng\u01b0\u1eddi ph\u1ee5 n\u1eef b\u1ea1n y\u00eau th\u01b0\u01a1ng \u2013 nh\u01b0 m\u1ed9t \u0111\u00f3a hoa bi\u1ec3u tr\u01b0ng cho <strong data-start=\"1643\" data-end=\"1690\">t\u00ecnh y\u00eau, s\u1ef1 bi\u1ebft \u01a1n v\u00e0 n\u00e9t \u0111\u1eb9p thu\u1ea7n khi\u1ebft<\/strong>.<\/p>\n<p data-start=\"1695\" data-end=\"1900\" data-is-last-node=\"\" data-is-only-node=\"\">\u2728<br data-start=\"1696\" data-end=\"1699\" \/><strong data-start=\"1699\" data-end=\"1738\">Khuy\u00ean Tai \u0110\u1ed3ng Ch\u1ea1m Hoa Calla Lily<\/strong> kh\u00f4ng ch\u1ec9 l\u00e0 ph\u1ee5 ki\u1ec7n trang s\u1ee9c, m\u00e0 c\u00f2n l\u00e0 <strong data-start=\"1782\" data-end=\"1812\">t\u00e1c ph\u1ea9m ngh\u1ec7 thu\u1eadt nh\u1ecf b\u00e9<\/strong>, g\u00f3i tr\u1ecdn <strong data-start=\"1823\" data-end=\"1900\" data-is-last-node=\"\">v\u1ebb \u0111\u1eb9p v\u00e0 c\u1ea3m x\u00fac c\u1ee7a ng\u01b0\u1eddi ph\u1ee5 n\u1eef Vi\u1ec7t \u2013 thanh l\u1ecbch, t\u1ef1 tin v\u00e0 d\u1ecbu d\u00e0ng.<\/strong><\/p>\n","protected":false},"excerpt":{"rendered":"<p data-start=\"69\" data-end=\"316\">L\u1ea5y c\u1ea3m h\u1ee9ng t\u1eeb <strong data-start=\"85\" data-end=\"103\">hoa Calla Lily<\/strong> \u2013 bi\u1ec3u t\u01b0\u1ee3ng c\u1ee7a <strong data-start=\"121\" data-end=\"180\">v\u1ebb \u0111\u1eb9p thu\u1ea7n khi\u1ebft, l\u00f2ng bi\u1ebft \u01a1n v\u00e0 t\u00ecnh y\u00eau ch\u00e2n th\u00e0nh<\/strong>, \u0111\u00f4i khuy\u00ean \u0111\u01b0\u1ee3c <strong data-start=\"198\" data-end=\"243\">ch\u1ebf t\u00e1c th\u1ee7 c\u00f4ng t\u1eeb \u0111\u1ed3ng v\u00e0ng nguy\u00ean ch\u1ea5t<\/strong> v\u1edbi t\u1eebng c\u00e1nh hoa u\u1ed1n cong m\u1ec1m m\u1ea1i, \u00e1nh \u0111\u1ed3ng m\u1edd sang tr\u1ecdng v\u00e0 tinh t\u1ebf.<\/p>\n<p data-start=\"318\" data-end=\"520\" data-is-last-node=\"\" data-is-only-node=\"\">Ph\u00f9 h\u1ee3p v\u1edbi phong c\u00e1ch <strong data-start=\"341\" data-end=\"387\">n\u1eef t\u00ednh, thanh l\u1ecbch ho\u1eb7c t\u1ed1i gi\u1ea3n hi\u1ec7n \u0111\u1ea1i<\/strong>, \u0111\u00f4i khuy\u00ean l\u00e0 <strong data-start=\"403\" data-end=\"456\">m\u00f3n qu\u00e0 \u00fd ngh\u0129a d\u00e0nh t\u1eb7ng ng\u01b0\u1eddi ph\u1ee5 n\u1eef y\u00eau th\u01b0\u01a1ng<\/strong>, g\u1eedi g\u1eafm l\u1eddi ch\u00fac v\u1ec1 <strong data-start=\"478\" data-end=\"520\" data-is-last-node=\"\">b\u00ecnh an, thanh xu\u00e2n v\u00e0 v\u1ebb \u0111\u1eb9p b\u1ec1n l\u00e2u.<\/strong><\/p>\n<p>Th\u00f4ng tin chi ti\u1ebft SP:<\/p>\n<p>\u2013 Ch\u1ea5t li\u1ec7u: \u0110\u1ed3ng thau, \u0111\u1ed3ng \u0111\u1ecf nguy\u00ean ch\u1ea5t<\/p>\n<p>\u2013 Nh\u1eadn l\u00e0m theo m\u1eabu, k\u00edch th\u01b0\u1edbc y\u00eau c\u1ea7u<\/p>\n<p>Kh\u00e1c bi\u1ec7t v\u1edbi nh\u1eefng m\u1eabu v\u00f2ng hi\u1ec7n \u0111\u1ea1i, v\u00f2ng ki\u1ec1ng l\u00e1 t\u1ea1i Tonkin Craft ch\u00ednh l\u00e0 \u201c\u0111\u1eb7c s\u1ea3n\u201d, l\u00e0m t\u00f4n l\u00ean n\u00e9t \u0111\u1eb9p truy\u1ec1n th\u1ed1ng v\u1ed1n c\u00f3 c\u1ee7a t\u00e0 \u00e1o d\u00e0i, \u00e1o l\u1ee5a. V\u1edbi k\u1ebft c\u1ea5u l\u00e0 chi\u1ebfc ki\u1ec1ng m\u1edf v\u00e0 l\u00e1, l\u00e0m \u0111i\u1ec3m nh\u1ea5n cho trang ph\u1ee5c th\u00eam ph\u1ea7n kh\u00e1c bi\u1ec7t v\u00e0 n\u1ed5i b\u1eadt g\u01b0\u01a1ng m\u1eb7t.<\/p>\n","protected":false},"featured_media":2495,"comment_status":"open","ping_status":"closed","template":"","meta":[],"product_brand":[],"product_cat":[283,249],"product_tag":[251,252,250,237,219,216,220,221,218,217],"class_list":{"0":"post-1824","1":"product","2":"type-product","3":"status-publish","4":"has-post-thumbnail","6":"product_cat-bst-hoa-calla-lily","7":"product_cat-khuye-tai","8":"product_tag-khuyen-tai-dong","9":"product_tag-khuyen-tai-la","10":"product_tag-khuyen-tai-sen","11":"product_tag-kieng-ao-lua","12":"product_tag-kieng-deo-co","13":"product_tag-kieng-dong","14":"product_tag-kieng-hoa-sen","15":"product_tag-phu-kien-dong","16":"product_tag-vong-co","17":"product_tag-vong-dong","19":"first","20":"instock","21":"shipping-taxable","22":"product-type-simple"},"aioseo_notices":[],"_links":{"self":[{"href":"https:\/\/tonkincraft.vn\/vn\/wp-json\/wp\/v2\/product\/1824","targetHints":{"allow":["GET"]}}],"collection":[{"href":"https:\/\/tonkincraft.vn\/vn\/wp-json\/wp\/v2\/product"}],"about":[{"href":"https:\/\/tonkincraft.vn\/vn\/wp-json\/wp\/v2\/types\/product"}],"replies":[{"embeddable":true,"href":"https:\/\/tonkincraft.vn\/vn\/wp-json\/wp\/v2\/comments?post=1824"}],"wp:featuredmedia":[{"embeddable":true,"href":"https:\/\/tonkincraft.vn\/vn\/wp-json\/wp\/v2\/media\/2495"}],"wp:attachment":[{"href":"https:\/\/tonkincraft.vn\/vn\/wp-json\/wp\/v2\/media?parent=1824"}],"wp:term":[{"taxonomy":"product_brand","embeddable":true,"href":"https:\/\/tonkincraft.vn\/vn\/wp-json\/wp\/v2\/product_brand?post=1824"},{"taxonomy":"product_cat","embeddable":true,"href":"https:\/\/tonkincraft.vn\/vn\/wp-json\/wp\/v2\/product_cat?post=1824"},{"taxonomy":"product_tag","embeddable":true,"href":"https:\/\/tonkincraft.vn\/vn\/wp-json\/wp\/v2\/product_tag?post=1824"}],"curies":[{"name":"wp","href":"https:\/\/api.w.org\/{rel}","templated":true}]}}