{"id":1818,"date":"2022-09-12T23:53:04","date_gmt":"2022-09-12T16:53:04","guid":{"rendered":"https:\/\/tonkincraft.vn\/vn\/?post_type=product&#038;p=1818"},"modified":"2025-10-10T22:15:38","modified_gmt":"2025-10-10T15:15:38","slug":"khuyen-tai-hoa-dao-mai-dong-vang-thu-cong","status":"publish","type":"product","link":"https:\/\/tonkincraft.vn\/vn\/product\/khuyen-tai-hoa-dao-mai-dong-vang-thu-cong\/","title":{"rendered":"Khuy\u00ean Tai \u0110\u1ed3ng Ch\u1ea1m Hoa Mai, \u0110\u00e0o Th\u1ee7 C\u00f4ng"},"content":{"rendered":"<p data-start=\"0\" data-end=\"78\"><strong data-start=\"0\" data-end=\"76\">Khuy\u00ean Tai \u0110\u1ed3ng Ch\u1ea1m Hoa \u0110\u00e0o \u2013 Hoa Mai \u2013 R\u1ea1ng r\u1ee1, thanh khi\u1ebft v\u00e0 an l\u00e0nh<\/strong><\/p>\n<p data-start=\"80\" data-end=\"374\">L\u1ea5y c\u1ea3m h\u1ee9ng t\u1eeb <strong data-start=\"96\" data-end=\"145\">hai lo\u00e0i hoa bi\u1ec3u t\u01b0\u1ee3ng c\u1ee7a m\u00f9a xu\u00e2n Vi\u1ec7t Nam<\/strong> \u2013 <strong data-start=\"148\" data-end=\"159\">hoa Mai<\/strong> t\u01b0\u1ee3ng tr\u01b0ng cho ph\u00fac l\u1ed9c, kh\u00ed ti\u1ebft v\u00e0 may m\u1eafn; <strong data-start=\"207\" data-end=\"218\">hoa \u0110\u00e0o<\/strong> bi\u1ec3u tr\u01b0ng cho t\u00ecnh y\u00eau, s\u1ee9c s\u1ed1ng v\u00e0 kh\u1edfi \u0111\u1ea7u t\u01b0\u01a1i m\u1edbi \u2013 \u0111\u00f4i <strong data-start=\"280\" data-end=\"322\">Khuy\u00ean Tai \u0110\u1ed3ng Ch\u1ea1m Hoa \u0110\u00e0o \u2013 Hoa Mai<\/strong> mang v\u1ebb \u0111\u1eb9p <strong data-start=\"335\" data-end=\"371\">tinh t\u1ebf, r\u1ef1c r\u1ee1 m\u00e0 v\u1eabn thanh nh\u00e3<\/strong>.<\/p>\n<p data-start=\"376\" data-end=\"672\">\u0110\u01b0\u1ee3c <strong data-start=\"381\" data-end=\"426\">ch\u1ebf t\u00e1c th\u1ee7 c\u00f4ng t\u1eeb \u0111\u1ed3ng v\u00e0ng nguy\u00ean ch\u1ea5t<\/strong> b\u1edfi ngh\u1ec7 nh\u00e2n Tonkin Craft, t\u1eebng c\u00e1nh hoa \u0111\u01b0\u1ee3c <strong data-start=\"474\" data-end=\"491\">g\u00f2 ch\u1ea1m t\u1ec9 m\u1ec9<\/strong>, t\u1ea1o c\u1ea3m gi\u00e1c m\u1ec1m m\u1ea1i, t\u1ef1 nhi\u00ean nh\u01b0 hoa \u0111ang n\u1edf trong n\u1eafng s\u1edbm. \u00c1nh \u0111\u1ed3ng m\u1edd c\u1ed5 \u0111i\u1ec3n gi\u00fap \u0111\u00f4i khuy\u00ean v\u1eeba mang n\u00e9t <strong data-start=\"605\" data-end=\"628\">truy\u1ec1n th\u1ed1ng \u00c1 \u0110\u00f4ng<\/strong>, v\u1eeba <strong data-start=\"634\" data-end=\"669\">ph\u00f9 h\u1ee3p v\u1edbi phong c\u00e1ch hi\u1ec7n \u0111\u1ea1i<\/strong>.<\/p>\n<p data-start=\"674\" data-end=\"701\">\ud83c\udf38 <strong data-start=\"677\" data-end=\"699\">C\u1ea3m h\u1ee9ng &amp; \u00dd ngh\u0129a<\/strong><\/p>\n<ul data-start=\"702\" data-end=\"966\">\n<li data-start=\"702\" data-end=\"771\">\n<p data-start=\"704\" data-end=\"771\"><strong data-start=\"704\" data-end=\"716\">Hoa Mai:<\/strong> bi\u1ec3u t\u01b0\u1ee3ng c\u1ee7a may m\u1eafn, ph\u00fa qu\u00fd, v\u00e0 ngh\u1ecb l\u1ef1c b\u1ec1n b\u1ec9.<\/p>\n<\/li>\n<li data-start=\"772\" data-end=\"966\">\n<p data-start=\"774\" data-end=\"966\"><strong data-start=\"774\" data-end=\"786\">Hoa \u0110\u00e0o:<\/strong> t\u01b0\u1ee3ng tr\u01b0ng cho s\u1ee9c s\u1ed1ng, t\u00ecnh duy\u00ean v\u00e0 kh\u1edfi \u0111\u1ea7u an l\u00e0nh.<br data-start=\"844\" data-end=\"847\" \/>S\u1ef1 h\u00f2a quy\u1ec7n c\u1ee7a hai lo\u00e0i hoa l\u00e0 h\u00ecnh \u1ea3nh ng\u01b0\u1eddi ph\u1ee5 n\u1eef Vi\u1ec7t \u2013 <strong data-start=\"909\" data-end=\"964\">hi\u1ec1n h\u1eadu m\u00e0 m\u1ea1nh m\u1ebd, d\u1ecbu d\u00e0ng m\u00e0 tr\u00e0n \u0111\u1ea7y s\u1ee9c s\u1ed1ng.<\/strong><\/p>\n<\/li>\n<\/ul>\n<p data-start=\"968\" data-end=\"997\">\ud83d\udc57 <strong data-start=\"971\" data-end=\"995\">Ph\u1ed1i c\u00f9ng trang ph\u1ee5c<\/strong><\/p>\n<ul data-start=\"998\" data-end=\"1198\">\n<li data-start=\"998\" data-end=\"1054\">\n<p data-start=\"1000\" data-end=\"1054\"><strong data-start=\"1000\" data-end=\"1020\">\u00c1o d\u00e0i, v\u00e1y l\u1ee5a:<\/strong> t\u00f4n l\u00ean v\u1ebb thanh l\u1ecbch, c\u1ed5 \u0111i\u1ec3n.<\/p>\n<\/li>\n<li data-start=\"1055\" data-end=\"1126\">\n<p data-start=\"1057\" data-end=\"1126\"><strong data-start=\"1057\" data-end=\"1092\">Trang ph\u1ee5c nh\u1eb9 nh\u00e0ng, t\u1ed1i gi\u1ea3n:<\/strong> l\u00e0m \u0111i\u1ec3m nh\u1ea5n m\u1ec1m m\u1ea1i, tinh t\u1ebf.<\/p>\n<\/li>\n<li data-start=\"1127\" data-end=\"1198\">\n<p data-start=\"1129\" data-end=\"1198\"><strong data-start=\"1129\" data-end=\"1153\">Phong c\u00e1ch hi\u1ec7n \u0111\u1ea1i:<\/strong> t\u1ea1o \u0111i\u1ec3m s\u00e1ng t\u01b0\u01a1i tr\u1ebb, mang h\u01a1i th\u1edf xu\u00e2n.<\/p>\n<\/li>\n<\/ul>\n<p data-start=\"1200\" data-end=\"1416\">\u2692\ufe0f <strong data-start=\"1203\" data-end=\"1232\">Ch\u1ebf t\u00e1c th\u1ee7 c\u00f4ng tinh x\u1ea3o<\/strong><br data-start=\"1232\" data-end=\"1235\" \/>Th\u1ef1c hi\u1ec7n qua nhi\u1ec1u c\u00f4ng \u0111o\u1ea1n: <strong data-start=\"1266\" data-end=\"1316\">ch\u1ecdn \u0111\u1ed3ng, g\u00f2, ch\u1ea1m hoa, \u0111\u00e1nh b\u00f3ng m\u1edd t\u1ef1 nhi\u00ean<\/strong>, kh\u00f4ng khu\u00f4n \u0111\u00fac \u2013 m\u1ed7i \u0111\u00f4i khuy\u00ean l\u00e0 <strong data-start=\"1354\" data-end=\"1378\">m\u1ed9t t\u00e1c ph\u1ea9m \u0111\u1ed9c b\u1ea3n<\/strong> ch\u1ee9a \u0111\u1ef1ng tinh th\u1ea7n ngh\u1ec1 \u0111\u1ed3ng Vi\u1ec7t.<\/p>\n<p data-start=\"1418\" data-end=\"1626\">\ud83c\udf81 <strong data-start=\"1421\" data-end=\"1444\">\u1ee8ng d\u1ee5ng &amp; Qu\u00e0 t\u1eb7ng<\/strong><br data-start=\"1444\" data-end=\"1447\" \/>Ph\u00f9 h\u1ee3p \u0111\u1ec3 \u0111eo trong c\u00e1c d\u1ecbp l\u1ec5, T\u1ebft, s\u1ef1 ki\u1ec7n, ho\u1eb7c l\u00e0m <strong data-start=\"1503\" data-end=\"1523\">qu\u00e0 t\u1eb7ng \u00fd ngh\u0129a<\/strong> g\u1eedi \u0111\u1ebfn m\u1eb9, c\u00f4, ch\u1ecb, b\u1ea1n b\u00e8 \u2013 nh\u01b0 <strong data-start=\"1558\" data-end=\"1624\">l\u1eddi ch\u00fac b\u00ecnh an, may m\u1eafn v\u00e0 kh\u1edfi \u0111\u1ea7u m\u1edbi tr\u00e0n \u0111\u1ea7y n\u0103ng l\u01b0\u1ee3ng.<\/strong><\/p>\n<p data-start=\"1628\" data-end=\"1838\" data-is-last-node=\"\" data-is-only-node=\"\">\u2728<br data-start=\"1629\" data-end=\"1632\" \/><strong data-start=\"1632\" data-end=\"1674\">Khuy\u00ean Tai \u0110\u1ed3ng Ch\u1ea1m Hoa \u0110\u00e0o \u2013 Hoa Mai<\/strong> kh\u00f4ng ch\u1ec9 l\u00e0 m\u00f3n trang s\u1ee9c tinh x\u1ea3o, m\u00e0 c\u00f2n l\u00e0 <strong data-start=\"1722\" data-end=\"1782\">bi\u1ec3u t\u01b0\u1ee3ng c\u1ee7a m\u00f9a xu\u00e2n, c\u1ee7a v\u1ebb \u0111\u1eb9p v\u00e0 ni\u1ec1m tin v\u01b0\u01a1n l\u00ean<\/strong>, \u0111\u01b0\u1ee3c Tonkin Craft g\u1eedi g\u1eafm qua b\u00e0n tay ng\u01b0\u1eddi ngh\u1ec7 nh\u00e2n.<\/p>\n","protected":false},"excerpt":{"rendered":"<p data-start=\"67\" data-end=\"339\">L\u1ea5y c\u1ea3m h\u1ee9ng t\u1eeb <strong data-start=\"83\" data-end=\"128\">hai lo\u00e0i hoa bi\u1ec3u t\u01b0\u1ee3ng c\u1ee7a m\u00f9a xu\u00e2n Vi\u1ec7t<\/strong> \u2013 <strong data-start=\"131\" data-end=\"138\">Mai<\/strong> t\u01b0\u1ee3ng tr\u01b0ng cho ph\u00fac l\u1ed9c, may m\u1eafn v\u00e0 kh\u00ed ti\u1ebft; <strong data-start=\"186\" data-end=\"193\">\u0110\u00e0o<\/strong> bi\u1ec3u tr\u01b0ng cho t\u00ecnh y\u00eau, s\u1ee9c s\u1ed1ng v\u00e0 kh\u1edfi \u0111\u1ea7u m\u1edbi \u2013 \u0111\u00f4i khuy\u00ean \u0111\u01b0\u1ee3c <strong data-start=\"262\" data-end=\"307\">ch\u1ebf t\u00e1c th\u1ee7 c\u00f4ng t\u1eeb \u0111\u1ed3ng v\u00e0ng nguy\u00ean ch\u1ea5t<\/strong>, g\u00f2 ch\u1ea1m t\u1ec9 m\u1ec9 t\u1eebng c\u00e1nh hoa.<\/p>\n<p data-start=\"341\" data-end=\"541\" data-is-last-node=\"\" data-is-only-node=\"\">V\u1ebb \u0111\u1eb9p <strong data-start=\"348\" data-end=\"373\">r\u1ef1c r\u1ee1 m\u00e0 thanh khi\u1ebft<\/strong>, ph\u00f9 h\u1ee3p v\u1edbi c\u1ea3 <strong data-start=\"390\" data-end=\"430\">trang ph\u1ee5c truy\u1ec1n th\u1ed1ng l\u1eabn hi\u1ec7n \u0111\u1ea1i<\/strong>, l\u00e0 <strong data-start=\"435\" data-end=\"483\">m\u00f3n qu\u00e0 \u00fd ngh\u0129a g\u1eedi t\u1eb7ng m\u1eb9, c\u00f4, ch\u1ecb, b\u1ea1n b\u00e8<\/strong> \u2013 nh\u01b0 <strong data-start=\"490\" data-end=\"541\" data-is-last-node=\"\">l\u1eddi ch\u00fac b\u00ecnh an, may m\u1eafn v\u00e0 kh\u1edfi \u0111\u1ea7u t\u01b0\u01a1i m\u1edbi.<\/strong><\/p>\n<p>Th\u00f4ng tin chi ti\u1ebft SP:<\/p>\n<p>\u2013 Ch\u1ea5t li\u1ec7u: \u0110\u1ed3ng thau, \u0111\u1ed3ng \u0111\u1ecf nguy\u00ean ch\u1ea5t<\/p>\n<p>\u2013 Nh\u1eadn l\u00e0m theo m\u1eabu, k\u00edch th\u01b0\u1edbc y\u00eau c\u1ea7u<\/p>\n<p>Kh\u00e1c bi\u1ec7t v\u1edbi nh\u1eefng m\u1eabu v\u00f2ng hi\u1ec7n \u0111\u1ea1i, v\u00f2ng ki\u1ec1ng l\u00e1 t\u1ea1i Tonkin Craft ch\u00ednh l\u00e0 \u201c\u0111\u1eb7c s\u1ea3n\u201d, l\u00e0m t\u00f4n l\u00ean n\u00e9t \u0111\u1eb9p truy\u1ec1n th\u1ed1ng v\u1ed1n c\u00f3 c\u1ee7a t\u00e0 \u00e1o d\u00e0i, \u00e1o l\u1ee5a. V\u1edbi k\u1ebft c\u1ea5u l\u00e0 chi\u1ebfc ki\u1ec1ng m\u1edf v\u00e0 l\u00e1, l\u00e0m \u0111i\u1ec3m nh\u1ea5n cho trang ph\u1ee5c th\u00eam ph\u1ea7n kh\u00e1c bi\u1ec7t v\u00e0 n\u1ed5i b\u1eadt g\u01b0\u01a1ng m\u1eb7t.<\/p>\n","protected":false},"featured_media":3471,"comment_status":"open","ping_status":"closed","template":"","meta":[],"product_brand":[],"product_cat":[282,249],"product_tag":[251,252,250,237,219,216,220,221,218,217],"class_list":{"0":"post-1818","1":"product","2":"type-product","3":"status-publish","4":"has-post-thumbnail","6":"product_cat-bst-hoa-mai-dao","7":"product_cat-khuye-tai","8":"product_tag-khuyen-tai-dong","9":"product_tag-khuyen-tai-la","10":"product_tag-khuyen-tai-sen","11":"product_tag-kieng-ao-lua","12":"product_tag-kieng-deo-co","13":"product_tag-kieng-dong","14":"product_tag-kieng-hoa-sen","15":"product_tag-phu-kien-dong","16":"product_tag-vong-co","17":"product_tag-vong-dong","19":"first","20":"instock","21":"shipping-taxable","22":"product-type-simple"},"aioseo_notices":[],"_links":{"self":[{"href":"https:\/\/tonkincraft.vn\/vn\/wp-json\/wp\/v2\/product\/1818","targetHints":{"allow":["GET"]}}],"collection":[{"href":"https:\/\/tonkincraft.vn\/vn\/wp-json\/wp\/v2\/product"}],"about":[{"href":"https:\/\/tonkincraft.vn\/vn\/wp-json\/wp\/v2\/types\/product"}],"replies":[{"embeddable":true,"href":"https:\/\/tonkincraft.vn\/vn\/wp-json\/wp\/v2\/comments?post=1818"}],"wp:featuredmedia":[{"embeddable":true,"href":"https:\/\/tonkincraft.vn\/vn\/wp-json\/wp\/v2\/media\/3471"}],"wp:attachment":[{"href":"https:\/\/tonkincraft.vn\/vn\/wp-json\/wp\/v2\/media?parent=1818"}],"wp:term":[{"taxonomy":"product_brand","embeddable":true,"href":"https:\/\/tonkincraft.vn\/vn\/wp-json\/wp\/v2\/product_brand?post=1818"},{"taxonomy":"product_cat","embeddable":true,"href":"https:\/\/tonkincraft.vn\/vn\/wp-json\/wp\/v2\/product_cat?post=1818"},{"taxonomy":"product_tag","embeddable":true,"href":"https:\/\/tonkincraft.vn\/vn\/wp-json\/wp\/v2\/product_tag?post=1818"}],"curies":[{"name":"wp","href":"https:\/\/api.w.org\/{rel}","templated":true}]}}