{"id":1750,"date":"2022-09-12T00:56:07","date_gmt":"2022-09-11T17:56:07","guid":{"rendered":"https:\/\/tonkincraft.vn\/vn\/?post_type=product&#038;p=1750"},"modified":"2025-10-10T22:08:13","modified_gmt":"2025-10-10T15:08:13","slug":"khuyen-tai-ha-lien-dong-che-tac-thu-cong","status":"publish","type":"product","link":"https:\/\/tonkincraft.vn\/vn\/product\/khuyen-tai-ha-lien-dong-che-tac-thu-cong\/","title":{"rendered":"Khuy\u00ean Tai M\u1ea1 B\u1ea1c B\u1ea1ch Li\u00ean Hoa Sen"},"content":{"rendered":"<article class=\"text-token-text-primary w-full focus:outline-none [--shadow-height:45px] has-data-writing-block:pointer-events-none has-data-writing-block:-mt-(--shadow-height) has-data-writing-block:pt-(--shadow-height) [&amp;:has([data-writing-block])&gt;*]:pointer-events-auto [content-visibility:auto] supports-[content-visibility:auto]:[contain-intrinsic-size:auto_100lvh] scroll-mt-[calc(var(--header-height)+min(200px,max(70px,20svh)))]\" dir=\"auto\" tabindex=\"-1\" data-turn-id=\"request-68e68ec7-8804-8320-808a-e3ebc72c4d84-15\" data-testid=\"conversation-turn-74\" data-scroll-anchor=\"true\" data-turn=\"assistant\">\n<div class=\"text-base my-auto mx-auto pb-10 [--thread-content-margin:--spacing(4)] thread-sm:[--thread-content-margin:--spacing(6)] thread-lg:[--thread-content-margin:--spacing(16)] px-(--thread-content-margin)\">\n<div class=\"[--thread-content-max-width:40rem] thread-lg:[--thread-content-max-width:48rem] mx-auto max-w-(--thread-content-max-width) flex-1 group\/turn-messages focus-visible:outline-hidden relative flex w-full min-w-0 flex-col agent-turn\" tabindex=\"-1\">\n<div class=\"flex max-w-full flex-col grow\">\n<div class=\"min-h-8 text-message relative flex w-full flex-col items-end gap-2 text-start break-words whitespace-normal [.text-message+&amp;]:mt-5\" dir=\"auto\" data-message-author-role=\"assistant\" data-message-id=\"b3f545a5-ab5d-4d7a-b5a5-c2056788876f\" data-message-model-slug=\"gpt-5\">\n<div class=\"flex w-full flex-col gap-1 empty:hidden first:pt-[1px]\">\n<div class=\"markdown prose dark:prose-invert w-full break-words light markdown-new-styling\">\n<p data-start=\"0\" data-end=\"68\"><strong data-start=\"0\" data-end=\"66\">huy\u00ean Tai Ch\u1ea1m Hoa Sen \u2013 V\u1ebb \u0111\u1eb9p thu\u1ea7n khi\u1ebft v\u00e0 thanh cao<\/strong><\/p>\n<p data-start=\"70\" data-end=\"289\">L\u1ea5y c\u1ea3m h\u1ee9ng t\u1eeb <strong data-start=\"86\" data-end=\"97\">hoa sen<\/strong> \u2013 bi\u1ec3u t\u01b0\u1ee3ng c\u1ee7a <strong data-start=\"115\" data-end=\"164\">s\u1ef1 tinh kh\u00f4i, trong s\u1ea1ch v\u00e0 ngh\u1ecb l\u1ef1c v\u01b0\u01a1n l\u00ean<\/strong>, \u0111\u00f4i <strong data-start=\"170\" data-end=\"202\">Khuy\u00ean Tai \u0110\u1ed3ng Ch\u1ea1m Hoa Sen<\/strong> \u0111\u01b0\u1ee3c <strong data-start=\"208\" data-end=\"259\">ch\u1ebf t\u00e1c th\u1ee7 c\u00f4ng t\u1ec9 m\u1ec9 t\u1eeb \u0111\u1ed3ng v\u00e0ng nguy\u00ean ch\u1ea5t<\/strong> b\u1edfi ngh\u1ec7 nh\u00e2n Tonkin Craft.<\/p>\n<p data-start=\"291\" data-end=\"532\">T\u1eebng c\u00e1nh hoa sen \u0111\u01b0\u1ee3c <strong data-start=\"314\" data-end=\"334\">g\u00f2 ch\u1ea1m b\u1eb1ng tay<\/strong>, kh\u1eafc h\u1ecda s\u1ed1ng \u0111\u1ed9ng nh\u1eefng \u0111\u01b0\u1eddng cong uy\u1ec3n chuy\u1ec3n, m\u1ec1m m\u1ea1i m\u00e0 \u0111\u1ea7y s\u1ee9c s\u1ed1ng. \u00c1nh \u0111\u1ed3ng m\u1edd \u1ea5m, k\u1ebft h\u1ee3p c\u00f9ng h\u00ecnh d\u00e1ng thanh tho\u00e1t, t\u1ea1o n\u00ean v\u1ebb <strong data-start=\"473\" data-end=\"529\">thanh tao, nh\u1eb9 nh\u00e0ng nh\u01b0ng kh\u00f4ng k\u00e9m ph\u1ea7n sang tr\u1ecdng<\/strong>.<\/p>\n<p data-start=\"534\" data-end=\"919\">\ud83c\udf38 <strong data-start=\"537\" data-end=\"559\">C\u1ea3m h\u1ee9ng &amp; \u00dd ngh\u0129a<\/strong><br data-start=\"559\" data-end=\"562\" \/>Hoa sen trong v\u0103n h\u00f3a Vi\u1ec7t l\u00e0 <strong data-start=\"592\" data-end=\"676\">bi\u1ec3u t\u01b0\u1ee3ng c\u1ee7a v\u1ebb \u0111\u1eb9p thanh cao, c\u1ee7a t\u00e2m h\u1ed3n trong s\u00e1ng v\u00e0 \u0111\u1ee9c h\u1ea1nh ng\u01b0\u1eddi ph\u1ee5 n\u1eef<\/strong>. D\u00f9 m\u1ecdc gi\u1eefa b\u00f9n l\u1ea7y, sen v\u1eabn v\u01b0\u01a1n l\u00ean \u0111\u00f3n n\u1eafng, t\u1ecfa h\u01b0\u01a1ng thu\u1ea7n khi\u1ebft \u2013 nh\u01b0 h\u00ecnh \u1ea3nh ng\u01b0\u1eddi ph\u1ee5 n\u1eef Vi\u1ec7t <strong data-start=\"781\" data-end=\"821\">ki\u00ean c\u01b0\u1eddng, d\u1ecbu d\u00e0ng v\u00e0 \u0111\u1ea7y b\u1ea3n l\u0129nh<\/strong>.<br data-start=\"822\" data-end=\"825\" \/>\u0110\u00f4i khuy\u00ean v\u00ec th\u1ebf mang th\u00f4ng \u0111i\u1ec7p v\u1ec1 <strong data-start=\"862\" data-end=\"916\">s\u1ef1 b\u00ecnh an, t\u1ef1 t\u1ea1i v\u00e0 v\u1ebb \u0111\u1eb9p t\u1ecfa s\u00e1ng t\u1eeb b\u00ean trong<\/strong>.<\/p>\n<p data-start=\"921\" data-end=\"950\">\ud83d\udc57 <strong data-start=\"924\" data-end=\"948\">Ph\u1ed1i c\u00f9ng trang ph\u1ee5c<\/strong><\/p>\n<ul data-start=\"951\" data-end=\"1182\">\n<li data-start=\"951\" data-end=\"1020\">\n<p data-start=\"953\" data-end=\"1020\"><strong data-start=\"953\" data-end=\"986\">\u00c1o d\u00e0i truy\u1ec1n th\u1ed1ng, v\u00e1y l\u1ee5a:<\/strong> T\u00f4n n\u00e9t duy\u00ean d\u00e1ng, thanh l\u1ecbch.<\/p>\n<\/li>\n<li data-start=\"1021\" data-end=\"1086\">\n<p data-start=\"1023\" data-end=\"1086\"><strong data-start=\"1023\" data-end=\"1050\">Trang ph\u1ee5c linen, boho:<\/strong> G\u1ee3i c\u1ea3m gi\u00e1c nh\u1eb9 nh\u00e0ng, t\u1ef1 nhi\u00ean.<\/p>\n<\/li>\n<li data-start=\"1087\" data-end=\"1182\">\n<p data-start=\"1089\" data-end=\"1182\"><strong data-start=\"1089\" data-end=\"1119\">Outfit t\u1ed1i gi\u1ea3n, hi\u1ec7n \u0111\u1ea1i:<\/strong> \u0110\u00f4i khuy\u00ean tr\u1edf th\u00e0nh \u0111i\u1ec3m nh\u1ea5n tinh t\u1ebf, mang h\u01a1i th\u1edf \u00c1 \u0110\u00f4ng.<\/p>\n<\/li>\n<\/ul>\n<p data-start=\"1184\" data-end=\"1483\">\u2692\ufe0f <strong data-start=\"1187\" data-end=\"1216\">Ch\u1ebf t\u00e1c th\u1ee7 c\u00f4ng tinh x\u1ea3o<\/strong><br data-start=\"1216\" data-end=\"1219\" \/>\u0110\u01b0\u1ee3c <strong data-start=\"1224\" data-end=\"1254\">g\u00f2 ch\u1ea1m ho\u00e0n to\u00e0n th\u1ee7 c\u00f4ng<\/strong>, m\u1ed7i chi ti\u1ebft \u2013 t\u1eeb c\u00e1nh hoa, nh\u1ee5y sen \u0111\u1ebfn \u0111\u01b0\u1eddng g\u1edd nh\u1ecf \u2013 \u0111\u1ec1u \u0111\u01b0\u1ee3c th\u1ef1c hi\u1ec7n v\u1edbi <strong data-start=\"1335\" data-end=\"1370\">\u0111\u1ed9 ch\u00ednh x\u00e1c v\u00e0 c\u1ea3m x\u00fac tinh t\u1ebf<\/strong>.<br data-start=\"1371\" data-end=\"1374\" \/>Kh\u00f4ng c\u00f3 \u0111\u00f4i n\u00e0o gi\u1ed1ng h\u1ec7t \u0111\u00f4i n\u00e0o, b\u1edfi <strong data-start=\"1414\" data-end=\"1480\">m\u1ed7i s\u1ea3n ph\u1ea9m l\u00e0 m\u1ed9t b\u1ea3n \u0111\u1ed9c b\u1ea3n mang d\u1ea5u v\u00e2n tay c\u1ee7a ng\u01b0\u1eddi th\u1ee3<\/strong>.<\/p>\n<p data-start=\"1485\" data-end=\"1803\">\ud83c\udf81 <strong data-start=\"1488\" data-end=\"1510\">\u00dd ngh\u0129a &amp; Qu\u00e0 t\u1eb7ng<\/strong><br data-start=\"1510\" data-end=\"1513\" \/>Khuy\u00ean Tai \u0110\u1ed3ng Ch\u1ea1m Hoa Sen l\u00e0 <strong data-start=\"1545\" data-end=\"1594\">m\u00f3n qu\u00e0 ch\u1ee9a \u0111\u1ef1ng s\u1ef1 tr\u00e2n tr\u1ecdng v\u00e0 y\u00eau th\u01b0\u01a1ng<\/strong>, thay cho l\u1eddi ch\u00fac v\u1ec1 <strong data-start=\"1617\" data-end=\"1663\">s\u1ef1 thanh th\u1ea3n, an nhi\u00ean v\u00e0 v\u1ebb \u0111\u1eb9p b\u1ec1n v\u1eefng<\/strong>.<br data-start=\"1664\" data-end=\"1667\" \/>Ph\u00f9 h\u1ee3p l\u00e0m <strong data-start=\"1679\" data-end=\"1736\">qu\u00e0 t\u1eb7ng m\u1eb9, c\u00f4, ch\u1ecb ho\u1eb7c ng\u01b0\u1eddi ph\u1ee5 n\u1eef b\u1ea1n y\u00eau th\u01b0\u01a1ng<\/strong> \u2013 nh\u01b0 m\u1ed9t \u0111\u00f3a sen v\u00e0ng l\u01b0u gi\u1eef n\u00e9t \u0111\u1eb9p Vi\u1ec7t trong t\u1eebng chi ti\u1ebft.<\/p>\n<p data-start=\"1805\" data-end=\"2027\" data-is-last-node=\"\" data-is-only-node=\"\">\u2728<br data-start=\"1806\" data-end=\"1809\" \/>\u0110\u00f4i <strong data-start=\"1813\" data-end=\"1835\">Khuy\u00ean Tai Hoa Sen<\/strong> kh\u00f4ng ch\u1ec9 l\u00e0 trang s\u1ee9c, m\u00e0 c\u00f2n l\u00e0 <strong data-start=\"1870\" data-end=\"1898\">m\u1ed9t bi\u1ec3u t\u01b0\u1ee3ng tinh th\u1ea7n<\/strong>, n\u01a1i <strong data-start=\"1904\" data-end=\"1954\">v\u1ebb \u0111\u1eb9p truy\u1ec1n th\u1ed1ng g\u1eb7p g\u1ee1 s\u1ef1 tinh t\u1ebf hi\u1ec7n \u0111\u1ea1i<\/strong> \u2013 mang \u0111\u1ebfn c\u1ea3m gi\u00e1c <strong data-start=\"1975\" data-end=\"2012\">b\u00ecnh y\u00ean, d\u1ecbu d\u00e0ng v\u00e0 \u0111\u1ea7y n\u1eef t\u00ednh<\/strong> cho ng\u01b0\u1eddi \u0111eo.<\/p>\n<\/div>\n<\/div>\n<\/div>\n<\/div>\n<\/div>\n<\/div>\n<\/article>\n","protected":false},"excerpt":{"rendered":"<p>Khuy\u00ean tai H\u1ea1 Li\u00ean \u0111\u1ed3ng thi\u1ebft k\u1ebf m\u1ed9c m\u1ea1c, \u0111\u1ed9c l\u1ea1, m\u1edbi m\u1ebb v\u1edbi h\u00ecnh \u1ea3nh hoa sen bi\u1ec3u t\u01b0\u1ee3ng <b>c\u1ee7a s\u1ef1 trong tr\u1eafng v\u00e0 tinh khi\u1ebft<\/b>, l\u00e0 m\u1ed9t m\u00f3n ph\u1ee5 ki\u1ec7n \u0111\u01b0\u1ee3c c\u00e1c ch\u1ecb em \u01b0a th\u00edch r\u1ea5t ph\u00f9 h\u1ee3p v\u1edbi c\u00e1c trang ph\u1ee5c \u00e1o d\u00e0i, \u00e1o l\u1ee5a, c\u1ed5 ph\u1ee5c, truy\u1ec1n th\u1ed1ng,&#8230;S\u1ea3n ph\u1ea9m \u0111\u01b0\u1ee3c ch\u1ebf t\u00e1c c\u1ef1c k\u1ef3 tinh x\u1ea3o tr\u00ean ch\u1ea5t li\u1ec7u \u0111\u1ed3ng thau \u0111\u00f2i h\u1ecfi s\u1ef1 t\u1ec9 m\u1ec9 cao trong t\u1eebng \u0111\u01b0\u1eddng n\u00e9t b\u1edfi c\u00e1c ngh\u1ec7 nh\u00e2n.<\/p>\n<p>Th\u00f4ng tin chi ti\u1ebft SP:<\/p>\n<p>\u2013 Ch\u1ea5t li\u1ec7u: \u0110\u1ed3ng thau, \u0111\u1ed3ng \u0111\u1ecf nguy\u00ean ch\u1ea5t<\/p>\n<p>\u2013 Ph\u01b0\u01a1ng c\u00e1ch ch\u1ebf t\u1ea1o: Th\u1ee7 c\u00f4ng, g\u00f2 tay<\/p>\n<p>\u2013 Xu\u1ea5t x\u1ee9: Vi\u1ec7t Nam<\/p>\n<p>\u2013 M\u00e0u s\u1eafc: \u0111\u1ecf, v\u00e0ng<\/p>\n<p>\u2013 Nh\u1eadn l\u00e0m theo m\u1eabu, k\u00edch th\u01b0\u1edbc y\u00eau c\u1ea7u<\/p>\n<p>Kh\u00e1c bi\u1ec7t v\u1edbi nh\u1eefng m\u1eabu v\u00f2ng hi\u1ec7n \u0111\u1ea1i, v\u00f2ng ki\u1ec1ng l\u00e1 t\u1ea1i Tonkin Craft ch\u00ednh l\u00e0 \u201c\u0111\u1eb7c s\u1ea3n\u201d, l\u00e0m t\u00f4n l\u00ean n\u00e9t \u0111\u1eb9p truy\u1ec1n th\u1ed1ng v\u1ed1n c\u00f3 c\u1ee7a t\u00e0 \u00e1o d\u00e0i, \u00e1o l\u1ee5a. V\u1edbi k\u1ebft c\u1ea5u l\u00e0 chi\u1ebfc ki\u1ec1ng m\u1edf v\u00e0 l\u00e1, l\u00e0m \u0111i\u1ec3m nh\u1ea5n cho trang ph\u1ee5c th\u00eam ph\u1ea7n kh\u00e1c bi\u1ec7t v\u00e0 n\u1ed5i b\u1eadt g\u01b0\u01a1ng m\u1eb7t.<\/p>\n","protected":false},"featured_media":2516,"comment_status":"open","ping_status":"closed","template":"","meta":[],"product_brand":[],"product_cat":[255,249],"product_tag":[251,250,237,219,216,220,221,218,217],"class_list":{"0":"post-1750","1":"product","2":"type-product","3":"status-publish","4":"has-post-thumbnail","6":"product_cat-bts-sen","7":"product_cat-khuye-tai","8":"product_tag-khuyen-tai-dong","9":"product_tag-khuyen-tai-sen","10":"product_tag-kieng-ao-lua","11":"product_tag-kieng-deo-co","12":"product_tag-kieng-dong","13":"product_tag-kieng-hoa-sen","14":"product_tag-phu-kien-dong","15":"product_tag-vong-co","16":"product_tag-vong-dong","18":"first","19":"instock","20":"shipping-taxable","21":"product-type-simple"},"aioseo_notices":[],"_links":{"self":[{"href":"https:\/\/tonkincraft.vn\/vn\/wp-json\/wp\/v2\/product\/1750","targetHints":{"allow":["GET"]}}],"collection":[{"href":"https:\/\/tonkincraft.vn\/vn\/wp-json\/wp\/v2\/product"}],"about":[{"href":"https:\/\/tonkincraft.vn\/vn\/wp-json\/wp\/v2\/types\/product"}],"replies":[{"embeddable":true,"href":"https:\/\/tonkincraft.vn\/vn\/wp-json\/wp\/v2\/comments?post=1750"}],"wp:featuredmedia":[{"embeddable":true,"href":"https:\/\/tonkincraft.vn\/vn\/wp-json\/wp\/v2\/media\/2516"}],"wp:attachment":[{"href":"https:\/\/tonkincraft.vn\/vn\/wp-json\/wp\/v2\/media?parent=1750"}],"wp:term":[{"taxonomy":"product_brand","embeddable":true,"href":"https:\/\/tonkincraft.vn\/vn\/wp-json\/wp\/v2\/product_brand?post=1750"},{"taxonomy":"product_cat","embeddable":true,"href":"https:\/\/tonkincraft.vn\/vn\/wp-json\/wp\/v2\/product_cat?post=1750"},{"taxonomy":"product_tag","embeddable":true,"href":"https:\/\/tonkincraft.vn\/vn\/wp-json\/wp\/v2\/product_tag?post=1750"}],"curies":[{"name":"wp","href":"https:\/\/api.w.org\/{rel}","templated":true}]}}