{"id":1638,"date":"2022-09-03T00:20:43","date_gmt":"2022-09-02T17:20:43","guid":{"rendered":"https:\/\/tonkincraft.vn\/vn\/?post_type=product&#038;p=1638"},"modified":"2025-10-07T16:48:58","modified_gmt":"2025-10-07T09:48:58","slug":"vong-co-hoa-dao-hoa-mai-kieng-dong","status":"publish","type":"product","link":"https:\/\/tonkincraft.vn\/vn\/product\/vong-co-hoa-dao-hoa-mai-kieng-dong\/","title":{"rendered":"Ki\u1ec1ng \u0110\u1ed3ng Ch\u1ea1m Hoa Mai \u0110\u00e0o"},"content":{"rendered":"<article class=\"text-token-text-primary w-full focus:outline-none scroll-mt-[calc(var(--header-height)+min(200px,max(70px,20svh)))]\" dir=\"auto\" tabindex=\"-1\" data-turn-id=\"request-68e49a41-2c98-8320-9551-82c65397f7b8-32\" data-testid=\"conversation-turn-72\" data-scroll-anchor=\"true\" data-turn=\"assistant\">\n<div class=\"text-base my-auto mx-auto pb-10 [--thread-content-margin:--spacing(4)] thread-sm:[--thread-content-margin:--spacing(6)] thread-lg:[--thread-content-margin:--spacing(16)] px-(--thread-content-margin)\">\n<div class=\"[--thread-content-max-width:40rem] thread-lg:[--thread-content-max-width:48rem] mx-auto max-w-(--thread-content-max-width) flex-1 group\/turn-messages focus-visible:outline-hidden relative flex w-full min-w-0 flex-col agent-turn\" tabindex=\"-1\">\n<div class=\"flex max-w-full flex-col grow\">\n<div class=\"min-h-8 text-message relative flex w-full flex-col items-end gap-2 text-start break-words whitespace-normal [.text-message+&amp;]:mt-5\" dir=\"auto\" data-message-author-role=\"assistant\" data-message-id=\"5c20627e-3e8f-4383-870a-673f441f1733\" data-message-model-slug=\"gpt-5\">\n<div class=\"flex w-full flex-col gap-1 empty:hidden first:pt-[1px]\">\n<div class=\"markdown prose dark:prose-invert w-full break-words light markdown-new-styling\">\n<p data-start=\"0\" data-end=\"58\"><strong data-start=\"0\" data-end=\"56\">Ki\u1ec1ng c\u1ed5 Hoa Mai \u0110\u00e0o \u2013 Thanh xu\u00e2n, may m\u1eafn v\u00e0 r\u1ef1c r\u1ee1<\/strong><\/p>\n<p data-start=\"60\" data-end=\"352\">L\u1ea5y c\u1ea3m h\u1ee9ng t\u1eeb <strong data-start=\"76\" data-end=\"98\">hoa Mai v\u00e0 hoa \u0110\u00e0o<\/strong> \u2013 hai lo\u00e0i hoa bi\u1ec3u t\u01b0\u1ee3ng cho <strong data-start=\"129\" data-end=\"172\">s\u1ee9c s\u1ed1ng, ni\u1ec1m vui v\u00e0 kh\u1edfi \u0111\u1ea7u t\u1ed1t l\u00e0nh<\/strong>, <strong data-start=\"174\" data-end=\"198\">Ki\u1ec1ng c\u1ed5 Hoa Mai \u0110\u00e0o<\/strong> \u0111\u01b0\u1ee3c <strong data-start=\"204\" data-end=\"254\">ch\u1ebf t\u00e1c th\u1ee7 c\u00f4ng 100% t\u1eeb \u0111\u1ed3ng v\u00e0ng nguy\u00ean ch\u1ea5t<\/strong> b\u1edfi <strong data-start=\"259\" data-end=\"285\">ngh\u1ec7 nh\u00e2n Tonkin Craft<\/strong>, mang theo h\u01a1i th\u1edf c\u1ee7a m\u00f9a xu\u00e2n v\u00e0 tinh th\u1ea7n l\u1ea1c quan, t\u01b0\u01a1i m\u1edbi.<\/p>\n<p data-start=\"354\" data-end=\"631\">C\u00e1nh hoa \u0111\u01b0\u1ee3c g\u00f2 ch\u1ea1m n\u1ed5i kh\u1ed1i, t\u1eebng \u0111\u01b0\u1eddng n\u00e9t uy\u1ec3n chuy\u1ec3n, \u00e1nh \u0111\u1ed3ng m\u1edd c\u1ed5 \u0111i\u1ec3n t\u1ea1o n\u00ean v\u1ebb \u0111\u1eb9p <strong data-start=\"449\" data-end=\"480\">v\u1eeba sang tr\u1ecdng, v\u1eeba g\u1ea7n g\u0169i<\/strong>, nh\u01b0 nh\u00e0nh hoa n\u1edf kh\u1ebd tr\u00ean c\u1ed5 ng\u01b0\u1eddi ph\u1ee5 n\u1eef. M\u1ed7i chi\u1ebfc ki\u1ec1ng l\u01b0u l\u1ea1i d\u1ea5u b\u00faa th\u1ee7 c\u00f4ng \u2013 minh ch\u1ee9ng cho <strong data-start=\"583\" data-end=\"628\">s\u1ef1 \u0111\u1ed9c b\u1ea3n v\u00e0 linh h\u1ed3n c\u1ee7a ngh\u1ec1 \u0111\u1ed3ng Vi\u1ec7t<\/strong>.<\/p>\n<p data-start=\"633\" data-end=\"649\">\ud83d\udee0 <strong data-start=\"636\" data-end=\"647\">Ch\u1ebf t\u00e1c<\/strong><\/p>\n<ul data-start=\"650\" data-end=\"817\">\n<li data-start=\"650\" data-end=\"694\">\n<p data-start=\"652\" data-end=\"694\">Th\u1ee7 c\u00f4ng 100% b\u1edfi ngh\u1ec7 nh\u00e2n Tonkin Craft<\/p>\n<\/li>\n<li data-start=\"695\" data-end=\"754\">\n<p data-start=\"697\" data-end=\"754\">G\u00f2 ch\u1ea1m v\u00e0 t\u1ea1o h\u00ecnh c\u00e1nh hoa Mai \u2013 \u0110\u00e0o n\u1ed5i kh\u1ed1i m\u1ec1m m\u1ea1i<\/p>\n<\/li>\n<li data-start=\"755\" data-end=\"817\">\n<p data-start=\"757\" data-end=\"817\">\u00c1nh \u0111\u1ed3ng c\u1ed5 \u0111i\u1ec3n, b\u1ec1n b\u1ec9 v\u00e0 c\u00e0ng d\u00f9ng c\u00e0ng l\u00ean m\u00e0u tr\u1ea7m \u1ea5m<\/p>\n<\/li>\n<\/ul>\n<p data-start=\"819\" data-end=\"1123\">\ud83c\udf38 <strong data-start=\"822\" data-end=\"842\">Khi n\u00e0o n\u00ean \u0111eo?<\/strong><br data-start=\"842\" data-end=\"845\" \/>Ki\u1ec1ng Hoa Mai \u0110\u00e0o ph\u00f9 h\u1ee3p cho <strong data-start=\"875\" data-end=\"919\">l\u1ec5 T\u1ebft, ti\u1ec7c v\u0103n h\u00f3a, s\u1ef1 ki\u1ec7n ngh\u1ec7 thu\u1eadt<\/strong>, ho\u1eb7c nh\u01b0 <strong data-start=\"930\" data-end=\"980\">\u0111i\u1ec3m nh\u1ea5n tinh t\u1ebf trong trang ph\u1ee5c th\u01b0\u1eddng ng\u00e0y<\/strong>.<br data-start=\"981\" data-end=\"984\" \/>Tr\u00ean n\u1ec1n <strong data-start=\"993\" data-end=\"1007\">\u00e1o d\u00e0i l\u1ee5a<\/strong>, ki\u1ec1ng g\u1ee3i n\u00e9t trang nh\u00e3, t\u01b0\u01a1i s\u00e1ng; v\u1edbi <strong data-start=\"1049\" data-end=\"1065\">\u0111\u1ea7m t\u1ed1i gi\u1ea3n<\/strong>, \u00e1nh \u0111\u1ed3ng tr\u1ea7m tr\u1edf th\u00e0nh chi ti\u1ebft sang tr\u1ecdng, hi\u1ec7n \u0111\u1ea1i.<\/p>\n<p data-start=\"1125\" data-end=\"1159\">\ud83c\udf3f <strong data-start=\"1128\" data-end=\"1157\">C\u00e1ch ph\u1ed1i c\u00f9ng trang ph\u1ee5c<\/strong><\/p>\n<ul data-start=\"1160\" data-end=\"1379\">\n<li data-start=\"1160\" data-end=\"1236\">\n<p data-start=\"1162\" data-end=\"1236\"><strong data-start=\"1162\" data-end=\"1185\">\u00c1o d\u00e0i ho\u1eb7c \u00e1o y\u1ebfm:<\/strong> Ki\u1ec1ng t\u00f4n l\u00ean v\u1ebb \u0111\u1eb9p truy\u1ec1n th\u1ed1ng v\u00e0 thanh l\u1ecbch.<\/p>\n<\/li>\n<li data-start=\"1237\" data-end=\"1301\">\n<p data-start=\"1239\" data-end=\"1301\"><strong data-start=\"1239\" data-end=\"1264\">\u0110\u1ea7m satin, v\u00e1y linen:<\/strong> T\u1ea1o \u0111i\u1ec3m nh\u1ea5n m\u1ec1m m\u1ea1i v\u00e0 t\u1ef1 nhi\u00ean.<\/p>\n<\/li>\n<li data-start=\"1302\" data-end=\"1379\">\n<p data-start=\"1304\" data-end=\"1379\"><strong data-start=\"1304\" data-end=\"1328\">Trang ph\u1ee5c t\u1ed1i gi\u1ea3n:<\/strong> Hoa \u0111\u1ed3ng \u00e1nh nh\u1eb9 tr\u1edf th\u00e0nh \u0111i\u1ec3m s\u00e1ng duy\u00ean d\u00e1ng.<\/p>\n<\/li>\n<\/ul>\n<p data-start=\"1381\" data-end=\"1409\">\ud83d\udc9b <strong data-start=\"1384\" data-end=\"1407\">Ch\u0103m s\u00f3c &amp; b\u1ea3o qu\u1ea3n<\/strong><\/p>\n<ul data-start=\"1410\" data-end=\"1643\">\n<li data-start=\"1410\" data-end=\"1448\">\n<p data-start=\"1412\" data-end=\"1448\">Lau kh\u00f4 b\u1eb1ng kh\u0103n m\u1ec1m sau khi \u0111eo.<\/p>\n<\/li>\n<li data-start=\"1449\" data-end=\"1512\">\n<p data-start=\"1451\" data-end=\"1512\">Tr\u00e1nh ti\u1ebfp x\u00fac tr\u1ef1c ti\u1ebfp v\u1edbi n\u01b0\u1edbc hoa, chlorine, n\u01b0\u1edbc bi\u1ec3n.<\/p>\n<\/li>\n<li data-start=\"1513\" data-end=\"1582\">\n<p data-start=\"1515\" data-end=\"1582\">B\u1ea3o qu\u1ea3n n\u01a1i kh\u00f4 tho\u00e1ng, trong t\u00fai v\u1ea3i ho\u1eb7c h\u1ed9p g\u1ed7 c\u00f3 g\u00f3i h\u00fat \u1ea9m.<\/p>\n<\/li>\n<li data-start=\"1583\" data-end=\"1643\">\n<p data-start=\"1585\" data-end=\"1643\">Khi h\u01a1i x\u1ec9n, \u0111\u00e1nh b\u00f3ng nh\u1eb9 \u0111\u1ec3 \u00e1nh \u0111\u1ed3ng tr\u1edf l\u1ea1i t\u1ef1 nhi\u00ean.<\/p>\n<\/li>\n<\/ul>\n<p data-start=\"1645\" data-end=\"1878\" data-is-last-node=\"\" data-is-only-node=\"\"><strong data-start=\"1645\" data-end=\"1669\">Ki\u1ec1ng c\u1ed5 Hoa Mai \u0110\u00e0o<\/strong> kh\u00f4ng ch\u1ec9 l\u00e0 m\u00f3n trang s\u1ee9c, m\u00e0 c\u00f2n l\u00e0 <strong data-start=\"1708\" data-end=\"1770\">l\u1eddi ch\u00fac m\u00f9a xu\u00e2n \u2013 t\u01b0\u01a1i m\u1edbi, may m\u1eafn v\u00e0 tr\u00e0n \u0111\u1ea7y s\u1ee9c s\u1ed1ng<\/strong>, n\u01a1i <strong data-start=\"1776\" data-end=\"1802\">ngh\u1ec7 nh\u00e2n Tonkin Craft<\/strong> g\u1eedi g\u1eafm <strong data-start=\"1811\" data-end=\"1878\" data-is-last-node=\"\">v\u1ebb \u0111\u1eb9p thanh xu\u00e2n v\u00e0 tinh th\u1ea7n Vi\u1ec7t trong t\u1eebng \u0111\u01b0\u1eddng ch\u1ea1m \u0111\u1ed3ng.<\/strong><\/p>\n<\/div>\n<\/div>\n<\/div>\n<\/div>\n<\/div>\n<\/div>\n<\/article>\n","protected":false},"excerpt":{"rendered":"<p>Ki\u1ec1ng \u0111\u1ed3ng <strong data-start=\"52\" data-end=\"67\">Hoa Mai \u0110\u00e0o<\/strong> \u0111\u01b0\u1ee3c <strong data-start=\"73\" data-end=\"123\">ch\u1ebf t\u00e1c th\u1ee7 c\u00f4ng 100% t\u1eeb \u0111\u1ed3ng v\u00e0ng nguy\u00ean ch\u1ea5t<\/strong> b\u1edfi <strong data-start=\"128\" data-end=\"154\">ngh\u1ec7 nh\u00e2n Tonkin Craft<\/strong>, l\u1ea5y c\u1ea3m h\u1ee9ng t\u1eeb <strong data-start=\"172\" data-end=\"243\">s\u1eafc hoa m\u00f9a xu\u00e2n \u2013 bi\u1ec3u t\u01b0\u1ee3ng c\u1ee7a may m\u1eafn, s\u1ee9c s\u1ed1ng v\u00e0 kh\u1edfi \u0111\u1ea7u m\u1edbi<\/strong>.<br data-start=\"244\" data-end=\"247\" \/>C\u00e1nh hoa \u0111\u01b0\u1ee3c g\u00f2 ch\u1ea1m tinh x\u1ea3o, \u00e1nh \u0111\u1ed3ng m\u1edd c\u1ed5 \u0111i\u1ec3n t\u00f4n l\u00ean <strong data-start=\"307\" data-end=\"352\">v\u1ebb \u0111\u1eb9p d\u1ecbu d\u00e0ng, thanh xu\u00e2n v\u00e0 sang tr\u1ecdng<\/strong>, d\u1ec5 d\u00e0ng ph\u1ed1i c\u00f9ng <strong data-start=\"372\" data-end=\"415\">\u00e1o d\u00e0i, \u0111\u1ea7m l\u1ee5a hay trang ph\u1ee5c t\u1ed1i gi\u1ea3n<\/strong>, mang l\u1ea1i <strong data-start=\"426\" data-end=\"463\" data-is-last-node=\"\">\u0111i\u1ec3m nh\u1ea5n tinh t\u1ebf v\u00e0 \u0111\u1ea7y \u00fd ngh\u0129a.<\/strong><\/p>\n<p>Th\u00f4ng tin chi ti\u1ebft SP:<\/p>\n<p>\u2013 Ch\u1ea5t li\u1ec7u: \u0110\u1ed3ng thau nguy\u00ean ch\u1ea5t<\/p>\n<p>\u2013 M\u00e0u s\u1eafc: v\u00e0ng<\/p>\n<p>\u2013 Nh\u1eadn l\u00e0m theo m\u1eabu, k\u00edch th\u01b0\u1edbc y\u00eau c\u1ea7u<\/p>\n<p>Kh\u00e1c bi\u1ec7t v\u1edbi nh\u1eefng m\u1eabu v\u00f2ng hi\u1ec7n \u0111\u1ea1i, v\u00f2ng ki\u1ec1ng l\u00e1 t\u1ea1i Tonkin Craft ch\u00ednh l\u00e0 \u201c\u0111\u1eb7c s\u1ea3n\u201d, l\u00e0m t\u00f4n l\u00ean n\u00e9t \u0111\u1eb9p truy\u1ec1n th\u1ed1ng v\u1ed1n c\u00f3 c\u1ee7a t\u00e0 \u00e1o d\u00e0i, \u00e1o l\u1ee5a. V\u1edbi k\u1ebft c\u1ea5u l\u00e0 chi\u1ebfc ki\u1ec1ng m\u1edf v\u00e0 l\u00e1, l\u00e0m \u0111i\u1ec3m nh\u1ea5n cho trang ph\u1ee5c th\u00eam ph\u1ea7n kh\u00e1c bi\u1ec7t v\u00e0 n\u1ed5i b\u1eadt g\u01b0\u01a1ng m\u1eb7t.<\/p>\n","protected":false},"featured_media":3158,"comment_status":"open","ping_status":"closed","template":"","meta":[],"product_brand":[],"product_cat":[282,286,204],"product_tag":[212,222,237,239,219,216,220,236,240,221,218,241,217,238],"class_list":{"0":"post-1638","1":"product","2":"type-product","3":"status-publish","4":"has-post-thumbnail","6":"product_cat-bst-hoa-mai-dao","7":"product_cat-kieng","8":"product_cat-kieng-vong-co","9":"product_tag-brass-hair-pin","10":"product_tag-kieng-ao-dai","11":"product_tag-kieng-ao-lua","12":"product_tag-kieng-bac","13":"product_tag-kieng-deo-co","14":"product_tag-kieng-dong","15":"product_tag-kieng-hoa-sen","16":"product_tag-kieng-la","17":"product_tag-kieng-tron","18":"product_tag-phu-kien-dong","19":"product_tag-vong-co","20":"product_tag-vong-co-tron","21":"product_tag-vong-dong","22":"product_tag-vong-ginkgo","24":"first","25":"instock","26":"shipping-taxable","27":"product-type-simple"},"aioseo_notices":[],"_links":{"self":[{"href":"https:\/\/tonkincraft.vn\/vn\/wp-json\/wp\/v2\/product\/1638","targetHints":{"allow":["GET"]}}],"collection":[{"href":"https:\/\/tonkincraft.vn\/vn\/wp-json\/wp\/v2\/product"}],"about":[{"href":"https:\/\/tonkincraft.vn\/vn\/wp-json\/wp\/v2\/types\/product"}],"replies":[{"embeddable":true,"href":"https:\/\/tonkincraft.vn\/vn\/wp-json\/wp\/v2\/comments?post=1638"}],"wp:featuredmedia":[{"embeddable":true,"href":"https:\/\/tonkincraft.vn\/vn\/wp-json\/wp\/v2\/media\/3158"}],"wp:attachment":[{"href":"https:\/\/tonkincraft.vn\/vn\/wp-json\/wp\/v2\/media?parent=1638"}],"wp:term":[{"taxonomy":"product_brand","embeddable":true,"href":"https:\/\/tonkincraft.vn\/vn\/wp-json\/wp\/v2\/product_brand?post=1638"},{"taxonomy":"product_cat","embeddable":true,"href":"https:\/\/tonkincraft.vn\/vn\/wp-json\/wp\/v2\/product_cat?post=1638"},{"taxonomy":"product_tag","embeddable":true,"href":"https:\/\/tonkincraft.vn\/vn\/wp-json\/wp\/v2\/product_tag?post=1638"}],"curies":[{"name":"wp","href":"https:\/\/api.w.org\/{rel}","templated":true}]}}