{"id":1586,"date":"2022-09-02T23:28:46","date_gmt":"2022-09-02T16:28:46","guid":{"rendered":"https:\/\/tonkincraft.vn\/vn\/?post_type=product&#038;p=1586"},"modified":"2025-10-07T17:03:54","modified_gmt":"2025-10-07T10:03:54","slug":"vong-co-ginkgo-tron-bang-dong-kieng-ginkgo-dong","status":"publish","type":"product","link":"https:\/\/tonkincraft.vn\/vn\/product\/vong-co-ginkgo-tron-bang-dong-kieng-ginkgo-dong\/","title":{"rendered":"Ki\u1ec1ng \u0110\u1ed3ng L\u00e1 B\u1ea1ch Q\u1ee7a &#8211; Ki\u1ec1ng Tr\u00f2n"},"content":{"rendered":"<article class=\"text-token-text-primary w-full focus:outline-none scroll-mt-[calc(var(--header-height)+min(200px,max(70px,20svh)))]\" dir=\"auto\" tabindex=\"-1\" data-turn-id=\"request-68e49a41-2c98-8320-9551-82c65397f7b8-36\" data-testid=\"conversation-turn-80\" data-scroll-anchor=\"true\" data-turn=\"assistant\">\n<div class=\"text-base my-auto mx-auto pb-10 [--thread-content-margin:--spacing(4)] thread-sm:[--thread-content-margin:--spacing(6)] thread-lg:[--thread-content-margin:--spacing(16)] px-(--thread-content-margin)\">\n<div class=\"[--thread-content-max-width:40rem] thread-lg:[--thread-content-max-width:48rem] mx-auto max-w-(--thread-content-max-width) flex-1 group\/turn-messages focus-visible:outline-hidden relative flex w-full min-w-0 flex-col agent-turn\" tabindex=\"-1\">\n<div class=\"flex max-w-full flex-col grow\">\n<div class=\"min-h-8 text-message relative flex w-full flex-col items-end gap-2 text-start break-words whitespace-normal [.text-message+&amp;]:mt-5\" dir=\"auto\" data-message-author-role=\"assistant\" data-message-id=\"1b6f39f8-b344-45c8-a7e3-5b95ca79a01a\" data-message-model-slug=\"gpt-5\">\n<div class=\"flex w-full flex-col gap-1 empty:hidden first:pt-[1px]\">\n<div class=\"markdown prose dark:prose-invert w-full break-words light markdown-new-styling\">\n<p data-start=\"0\" data-end=\"60\"><strong data-start=\"0\" data-end=\"58\">Ki\u1ec1ng c\u1ed5 Ginkgo \u0111\u1ed3ng \u2013 Tr\u01b0\u1eddng th\u1ecd, tr\u00ed tu\u1ec7 v\u00e0 c\u00e2n b\u1eb1ng<\/strong><\/p>\n<p data-start=\"62\" data-end=\"332\">L\u1ea5y c\u1ea3m h\u1ee9ng t\u1eeb <strong data-start=\"78\" data-end=\"102\">l\u00e1 Ginkgo (B\u1ea1ch Qu\u1ea3)<\/strong> \u2013 bi\u1ec3u t\u01b0\u1ee3ng c\u1ee7a <strong data-start=\"120\" data-end=\"166\">s\u1ef1 tr\u01b0\u1eddng th\u1ecd, tr\u00ed tu\u1ec7 v\u00e0 c\u00e2n b\u1eb1ng n\u1ed9i t\u00e2m<\/strong>, <strong data-start=\"168\" data-end=\"192\">Ki\u1ec1ng c\u1ed5 Ginkgo \u0111\u1ed3ng<\/strong> \u0111\u01b0\u1ee3c <strong data-start=\"198\" data-end=\"248\">ch\u1ebf t\u00e1c th\u1ee7 c\u00f4ng 100% t\u1eeb \u0111\u1ed3ng v\u00e0ng nguy\u00ean ch\u1ea5t<\/strong> b\u1edfi <strong data-start=\"253\" data-end=\"279\">ngh\u1ec7 nh\u00e2n Tonkin Craft<\/strong>, mang v\u1ebb \u0111\u1eb9p <strong data-start=\"293\" data-end=\"329\">t\u1ed1i gi\u1ea3n, thanh khi\u1ebft v\u00e0 tinh t\u1ebf<\/strong>.<\/p>\n<p data-start=\"334\" data-end=\"575\">D\u00e1ng l\u00e1 Ginkgo \u0111\u01b0\u1ee3c g\u00f2 ch\u1ea1m m\u1ec1m m\u1ea1i, g\u00e2n l\u00e1 t\u1ecfa \u0111\u1ec1u t\u1ef1 nhi\u00ean, \u00e1nh \u0111\u1ed3ng m\u1edd c\u1ed5 \u0111i\u1ec3n ph\u1ea3n chi\u1ebfu n\u00e9t <strong data-start=\"431\" data-end=\"454\">tr\u1ea7m \u1ea5m v\u00e0 an nhi\u00ean<\/strong>. M\u1ed7i chi\u1ebfc ki\u1ec1ng mang v\u00e2n b\u00faa ri\u00eang \u2013 <strong data-start=\"493\" data-end=\"521\">\u0111\u1ed9c b\u1ea3n, kh\u00f4ng tr\u00f9ng l\u1eb7p<\/strong>, th\u1ec3 hi\u1ec7n linh h\u1ed3n c\u1ee7a <strong data-start=\"545\" data-end=\"572\">ngh\u1ec1 \u0111\u1ed3ng th\u1ee7 c\u00f4ng Vi\u1ec7t<\/strong>.<\/p>\n<p data-start=\"577\" data-end=\"593\">\ud83d\udee0 <strong data-start=\"580\" data-end=\"591\">Ch\u1ebf t\u00e1c<\/strong><\/p>\n<ul data-start=\"594\" data-end=\"756\">\n<li data-start=\"594\" data-end=\"638\">\n<p data-start=\"596\" data-end=\"638\">Th\u1ee7 c\u00f4ng 100% b\u1edfi ngh\u1ec7 nh\u00e2n Tonkin Craft<\/p>\n<\/li>\n<li data-start=\"639\" data-end=\"688\">\n<p data-start=\"641\" data-end=\"688\">G\u00f2 ch\u1ea1m, t\u1ea1o h\u00ecnh l\u00e1 Ginkgo t\u1ef1 nhi\u00ean, h\u00e0i h\u00f2a<\/p>\n<\/li>\n<li data-start=\"689\" data-end=\"756\">\n<p data-start=\"691\" data-end=\"756\">\u00c1nh \u0111\u1ed3ng c\u1ed5 \u0111i\u1ec3n, c\u00e0ng d\u00f9ng c\u00e0ng l\u00ean m\u00e0u tr\u1ea7m \u1ea5m theo th\u1eddi gian<\/p>\n<\/li>\n<\/ul>\n<p data-start=\"758\" data-end=\"1094\">\ud83c\udf38 <strong data-start=\"761\" data-end=\"781\">Khi n\u00e0o n\u00ean \u0111eo?<\/strong><br data-start=\"781\" data-end=\"784\" \/>Ki\u1ec1ng Ginkgo \u0111\u1ed3ng ph\u00f9 h\u1ee3p cho <strong data-start=\"814\" data-end=\"848\">l\u1ec5, ti\u1ec7c, tri\u1ec3n l\u00e3m ngh\u1ec7 thu\u1eadt<\/strong>, ho\u1eb7c <strong data-start=\"855\" data-end=\"887\">nh\u1eefng kho\u1ea3nh kh\u1eafc \u0111\u1eddi th\u01b0\u1eddng<\/strong> khi b\u1ea1n mu\u1ed1n gi\u1eef cho m\u00ecnh m\u1ed9t chi ti\u1ebft b\u00ecnh y\u00ean, c\u00e2n b\u1eb1ng.<br data-start=\"946\" data-end=\"949\" \/>Tr\u00ean n\u1ec1n <strong data-start=\"958\" data-end=\"972\">\u00e1o d\u00e0i l\u1ee5a<\/strong>, ki\u1ec1ng t\u00f4n n\u00e9t thanh nh\u00e3; v\u1edbi <strong data-start=\"1003\" data-end=\"1035\">v\u00e1y ho\u1eb7c trang ph\u1ee5c t\u1ed1i gi\u1ea3n<\/strong>, \u00e1nh \u0111\u1ed3ng tr\u1ea7m tr\u1edf th\u00e0nh \u0111i\u1ec3m nh\u1ea5n sang tr\u1ecdng, t\u1ef1 nhi\u00ean.<\/p>\n<p data-start=\"1096\" data-end=\"1130\">\ud83c\udf3f <strong data-start=\"1099\" data-end=\"1128\">C\u00e1ch ph\u1ed1i c\u00f9ng trang ph\u1ee5c<\/strong><\/p>\n<ul data-start=\"1131\" data-end=\"1344\">\n<li data-start=\"1131\" data-end=\"1195\">\n<p data-start=\"1133\" data-end=\"1195\"><strong data-start=\"1133\" data-end=\"1161\">\u00c1o d\u00e0i, \u00e1o y\u1ebfm c\u00e1ch t\u00e2n:<\/strong> T\u1ea1o v\u1ebb \u0111\u1eb9p c\u1ed5 \u0111i\u1ec3n, duy\u00ean d\u00e1ng.<\/p>\n<\/li>\n<li data-start=\"1196\" data-end=\"1256\">\n<p data-start=\"1198\" data-end=\"1256\"><strong data-start=\"1198\" data-end=\"1223\">V\u00e1y linen, \u0111\u1ea7m satin:<\/strong> G\u1ee3i c\u1ea3m gi\u00e1c m\u1ec1m m\u1ea1i, organic.<\/p>\n<\/li>\n<li data-start=\"1257\" data-end=\"1344\">\n<p data-start=\"1259\" data-end=\"1344\"><strong data-start=\"1259\" data-end=\"1283\">Trang ph\u1ee5c t\u1ed1i gi\u1ea3n:<\/strong> Chi\u1ebfc l\u00e1 \u00e1nh v\u00e0ng tr\u1edf th\u00e0nh chi ti\u1ebft c\u00e2n b\u1eb1ng, thanh l\u1ecbch.<\/p>\n<\/li>\n<\/ul>\n<p data-start=\"1346\" data-end=\"1374\">\ud83d\udc9b <strong data-start=\"1349\" data-end=\"1372\">Ch\u0103m s\u00f3c &amp; b\u1ea3o qu\u1ea3n<\/strong><\/p>\n<ul data-start=\"1375\" data-end=\"1609\">\n<li data-start=\"1375\" data-end=\"1413\">\n<p data-start=\"1377\" data-end=\"1413\">Lau kh\u00f4 b\u1eb1ng kh\u0103n m\u1ec1m sau khi \u0111eo.<\/p>\n<\/li>\n<li data-start=\"1414\" data-end=\"1477\">\n<p data-start=\"1416\" data-end=\"1477\">Tr\u00e1nh ti\u1ebfp x\u00fac tr\u1ef1c ti\u1ebfp v\u1edbi n\u01b0\u1edbc hoa, chlorine, n\u01b0\u1edbc bi\u1ec3n.<\/p>\n<\/li>\n<li data-start=\"1478\" data-end=\"1548\">\n<p data-start=\"1480\" data-end=\"1548\">B\u1ea3o qu\u1ea3n n\u01a1i kh\u00f4 tho\u00e1ng, trong t\u00fai v\u1ea3i ho\u1eb7c h\u1ed9p g\u1ed7 k\u00e8m g\u00f3i h\u00fat \u1ea9m.<\/p>\n<\/li>\n<li data-start=\"1549\" data-end=\"1609\">\n<p data-start=\"1551\" data-end=\"1609\">Khi h\u01a1i x\u1ec9n, \u0111\u00e1nh b\u00f3ng nh\u1eb9 \u0111\u1ec3 \u00e1nh \u0111\u1ed3ng tr\u1edf l\u1ea1i t\u1ef1 nhi\u00ean.<\/p>\n<\/li>\n<\/ul>\n<p data-start=\"1611\" data-end=\"1826\" data-is-last-node=\"\" data-is-only-node=\"\"><strong data-start=\"1611\" data-end=\"1635\">Ki\u1ec1ng c\u1ed5 Ginkgo \u0111\u1ed3ng<\/strong> kh\u00f4ng ch\u1ec9 l\u00e0 m\u00f3n trang s\u1ee9c, m\u00e0 c\u00f2n l\u00e0 <strong data-start=\"1674\" data-end=\"1715\">bi\u1ec3u t\u01b0\u1ee3ng c\u1ee7a tr\u00ed tu\u1ec7 v\u00e0 s\u1ef1 an nhi\u00ean<\/strong>, n\u01a1i <strong data-start=\"1721\" data-end=\"1755\">b\u00e0n tay ngh\u1ec7 nh\u00e2n Tonkin Craft<\/strong> g\u1eedi g\u1eafm <strong data-start=\"1764\" data-end=\"1826\" data-is-last-node=\"\">tinh th\u1ea7n c\u00e2n b\u1eb1ng v\u00e0 v\u1ebb \u0111\u1eb9p v\u01b0\u1ee3t th\u1eddi gian c\u1ee7a \u0111\u1ed3ng Vi\u1ec7t.<\/strong><\/p>\n<\/div>\n<\/div>\n<\/div>\n<\/div>\n<\/div>\n<\/div>\n<\/article>\n","protected":false},"excerpt":{"rendered":"<p>Ki\u1ec1ng \u0111\u1ed3ng L\u00e1 B\u1ea1ch Qu\u1ea3 \u0111\u01b0\u1ee3c\u00a0<strong data-start=\"69\" data-end=\"119\">ch\u1ebf t\u00e1c th\u1ee7 c\u00f4ng 100% t\u1eeb \u0111\u1ed3ng v\u00e0ng nguy\u00ean ch\u1ea5t<\/strong>\u00a0b\u1edfi\u00a0<strong data-start=\"124\" data-end=\"150\">ngh\u1ec7 nh\u00e2n Tonkin Craft<\/strong>, l\u1ea5y c\u1ea3m h\u1ee9ng t\u1eeb lo\u00e0i c\u00e2y bi\u1ec3u tr\u01b0ng cho\u00a0<strong data-start=\"192\" data-end=\"238\">s\u1ef1 tr\u01b0\u1eddng th\u1ecd, tr\u00ed tu\u1ec7 v\u00e0 c\u00e2n b\u1eb1ng n\u1ed9i t\u00e2m<\/strong>.<br data-start=\"239\" data-end=\"242\" \/>\u0110\u01b0\u1eddng g\u00f2 ch\u1ea1m m\u1ec1m m\u1ea1i, \u00e1nh \u0111\u1ed3ng m\u1edd c\u1ed5 \u0111i\u1ec3n t\u1ea1o n\u00ean\u00a0<strong data-start=\"293\" data-end=\"323\">v\u1ebb \u0111\u1eb9p tinh t\u1ebf v\u00e0 an nhi\u00ean<\/strong>, d\u1ec5 d\u00e0ng k\u1ebft h\u1ee3p c\u00f9ng \u00e1o d\u00e0i, \u0111\u1ea7m ho\u1eb7c trang ph\u1ee5c t\u1ed1i gi\u1ea3n \u2013 v\u1eeba sang tr\u1ecdng, v\u1eeba \u0111\u1eadm d\u1ea5u \u1ea5n v\u0103n h\u00f3a Vi\u1ec7t.<\/p>\n<p>Th\u00f4ng tin chi ti\u1ebft SP:<\/p>\n<p>\u2013 Ch\u1ea5t li\u1ec7u: \u0110\u1ed3ng thau nguy\u00ean ch\u1ea5t\/ M\u1ea1 B\u1ea1c<\/p>\n<p>\u2013 Nh\u1eadn l\u00e0m theo m\u1eabu, k\u00edch th\u01b0\u1edbc y\u00eau c\u1ea7u<\/p>\n<p>Kh\u00e1c bi\u1ec7t v\u1edbi nh\u1eefng m\u1eabu v\u00f2ng hi\u1ec7n \u0111\u1ea1i, v\u00f2ng ki\u1ec1ng l\u00e1 t\u1ea1i Tonkin Craft ch\u00ednh l\u00e0 \u201c\u0111\u1eb7c s\u1ea3n\u201d, l\u00e0m t\u00f4n l\u00ean n\u00e9t \u0111\u1eb9p truy\u1ec1n th\u1ed1ng v\u1ed1n c\u00f3 c\u1ee7a t\u00e0 \u00e1o d\u00e0i, \u00e1o l\u1ee5a. V\u1edbi k\u1ebft c\u1ea5u l\u00e0 chi\u1ebfc ki\u1ec1ng m\u1edf v\u00e0 l\u00e1, l\u00e0m \u0111i\u1ec3m nh\u1ea5n cho trang ph\u1ee5c th\u00eam ph\u1ea7n kh\u00e1c bi\u1ec7t v\u00e0 n\u1ed5i b\u1eadt g\u01b0\u01a1ng m\u1eb7t.<\/p>\n","protected":false},"featured_media":2693,"comment_status":"open","ping_status":"closed","template":"","meta":[],"product_brand":[],"product_cat":[280,286,204],"product_tag":[212,222,237,239,219,216,220,236,240,221,218,241,217,238],"class_list":{"0":"post-1586","1":"product","2":"type-product","3":"status-publish","4":"has-post-thumbnail","6":"product_cat-bst-la-bach-qua","7":"product_cat-kieng","8":"product_cat-kieng-vong-co","9":"product_tag-brass-hair-pin","10":"product_tag-kieng-ao-dai","11":"product_tag-kieng-ao-lua","12":"product_tag-kieng-bac","13":"product_tag-kieng-deo-co","14":"product_tag-kieng-dong","15":"product_tag-kieng-hoa-sen","16":"product_tag-kieng-la","17":"product_tag-kieng-tron","18":"product_tag-phu-kien-dong","19":"product_tag-vong-co","20":"product_tag-vong-co-tron","21":"product_tag-vong-dong","22":"product_tag-vong-ginkgo","24":"first","25":"instock","26":"shipping-taxable","27":"product-type-simple"},"aioseo_notices":[],"_links":{"self":[{"href":"https:\/\/tonkincraft.vn\/vn\/wp-json\/wp\/v2\/product\/1586","targetHints":{"allow":["GET"]}}],"collection":[{"href":"https:\/\/tonkincraft.vn\/vn\/wp-json\/wp\/v2\/product"}],"about":[{"href":"https:\/\/tonkincraft.vn\/vn\/wp-json\/wp\/v2\/types\/product"}],"replies":[{"embeddable":true,"href":"https:\/\/tonkincraft.vn\/vn\/wp-json\/wp\/v2\/comments?post=1586"}],"wp:featuredmedia":[{"embeddable":true,"href":"https:\/\/tonkincraft.vn\/vn\/wp-json\/wp\/v2\/media\/2693"}],"wp:attachment":[{"href":"https:\/\/tonkincraft.vn\/vn\/wp-json\/wp\/v2\/media?parent=1586"}],"wp:term":[{"taxonomy":"product_brand","embeddable":true,"href":"https:\/\/tonkincraft.vn\/vn\/wp-json\/wp\/v2\/product_brand?post=1586"},{"taxonomy":"product_cat","embeddable":true,"href":"https:\/\/tonkincraft.vn\/vn\/wp-json\/wp\/v2\/product_cat?post=1586"},{"taxonomy":"product_tag","embeddable":true,"href":"https:\/\/tonkincraft.vn\/vn\/wp-json\/wp\/v2\/product_tag?post=1586"}],"curies":[{"name":"wp","href":"https:\/\/api.w.org\/{rel}","templated":true}]}}