{"id":1584,"date":"2022-09-02T22:51:15","date_gmt":"2022-09-02T15:51:15","guid":{"rendered":"https:\/\/tonkincraft.vn\/vn\/?post_type=product&#038;p=1584"},"modified":"2025-10-07T17:02:44","modified_gmt":"2025-10-07T10:02:44","slug":"vong-co-mat-troi-kieng-dong-tron-mat-troi","status":"publish","type":"product","link":"https:\/\/tonkincraft.vn\/vn\/product\/vong-co-mat-troi-kieng-dong-tron-mat-troi\/","title":{"rendered":"Ki\u1ec1ng \u0110\u1ed3ng Ch\u1ea1m H\u00ecnh N\u00f3n &#8211; Ki\u1ec1ng Tr\u00f2n"},"content":{"rendered":"<article class=\"text-token-text-primary w-full focus:outline-none scroll-mt-[calc(var(--header-height)+min(200px,max(70px,20svh)))]\" dir=\"auto\" tabindex=\"-1\" data-turn-id=\"request-68e49a41-2c98-8320-9551-82c65397f7b8-37\" data-testid=\"conversation-turn-82\" data-scroll-anchor=\"true\" data-turn=\"assistant\">\n<div class=\"text-base my-auto mx-auto pb-10 [--thread-content-margin:--spacing(4)] thread-sm:[--thread-content-margin:--spacing(6)] thread-lg:[--thread-content-margin:--spacing(16)] px-(--thread-content-margin)\">\n<div class=\"[--thread-content-max-width:40rem] thread-lg:[--thread-content-max-width:48rem] mx-auto max-w-(--thread-content-max-width) flex-1 group\/turn-messages focus-visible:outline-hidden relative flex w-full min-w-0 flex-col agent-turn\" tabindex=\"-1\">\n<div class=\"flex max-w-full flex-col grow\">\n<div class=\"min-h-8 text-message relative flex w-full flex-col items-end gap-2 text-start break-words whitespace-normal [.text-message+&amp;]:mt-5\" dir=\"auto\" data-message-author-role=\"assistant\" data-message-id=\"fcdf38dc-de75-4dd4-95f7-bd71322e9902\" data-message-model-slug=\"gpt-5\">\n<div class=\"flex w-full flex-col gap-1 empty:hidden first:pt-[1px]\">\n<div class=\"markdown prose dark:prose-invert w-full break-words light markdown-new-styling\">\n<p data-start=\"0\" data-end=\"61\"><strong data-start=\"0\" data-end=\"59\">Ki\u1ec1ng c\u1ed5 ch\u1ea1m N\u00f3n \u2013 Duy\u00ean d\u00e1ng, m\u1ed9c m\u1ea1c v\u00e0 \u0111\u1eadm h\u1ed3n Vi\u1ec7t<\/strong><\/p>\n<p data-start=\"63\" data-end=\"354\">L\u1ea5y c\u1ea3m h\u1ee9ng t\u1eeb <strong data-start=\"79\" data-end=\"98\">n\u00f3n l\u00e1 Vi\u1ec7t Nam<\/strong> \u2013 bi\u1ec3u t\u01b0\u1ee3ng c\u1ee7a <strong data-start=\"116\" data-end=\"176\">s\u1ef1 d\u1ecbu d\u00e0ng, thu\u1ea7n khi\u1ebft v\u00e0 n\u00e9t \u0111\u1eb9p lao \u0111\u1ed9ng ch\u00e2n ph\u01b0\u01a1ng<\/strong>, <strong data-start=\"178\" data-end=\"199\">Ki\u1ec1ng c\u1ed5 ch\u1ea1m N\u00f3n<\/strong> \u0111\u01b0\u1ee3c <strong data-start=\"205\" data-end=\"255\">ch\u1ebf t\u00e1c th\u1ee7 c\u00f4ng 100% t\u1eeb \u0111\u1ed3ng v\u00e0ng nguy\u00ean ch\u1ea5t<\/strong> b\u1edfi <strong data-start=\"260\" data-end=\"286\">ngh\u1ec7 nh\u00e2n Tonkin Craft<\/strong>, l\u01b0u gi\u1eef tinh th\u1ea7n v\u0103n h\u00f3a Vi\u1ec7t trong t\u1eebng \u0111\u01b0\u1eddng g\u00f2 ch\u1ea1m tinh t\u1ebf.<\/p>\n<p data-start=\"356\" data-end=\"659\">Tr\u00ean d\u00e1ng <strong data-start=\"366\" data-end=\"391\">ki\u1ec1ng tr\u00f2n thanh m\u1ea3nh<\/strong>, nh\u1eefng h\u1ecda ti\u1ebft n\u00f3n l\u00e1 \u0111\u01b0\u1ee3c <strong data-start=\"420\" data-end=\"438\">ch\u1ea1m n\u1ed5i t\u1ec9 m\u1ec9<\/strong>, ph\u1ea3n chi\u1ebfu \u00e1nh \u0111\u1ed3ng m\u1edd c\u1ed5 \u0111i\u1ec3n, t\u1ea1o n\u00ean <strong data-start=\"480\" data-end=\"512\">v\u1ebb \u0111\u1eb9p gi\u1ea3n d\u1ecb m\u00e0 duy\u00ean d\u00e1ng<\/strong>, v\u1eeba truy\u1ec1n th\u1ed1ng, v\u1eeba hi\u1ec7n \u0111\u1ea1i.<br data-start=\"545\" data-end=\"548\" \/>M\u1ed7i chi\u1ebfc ki\u1ec1ng mang d\u1ea5u v\u00e2n b\u00faa v\u00e0 \u00e1nh kim kh\u00e1c nhau \u2013 <strong data-start=\"604\" data-end=\"615\">\u0111\u1ed9c b\u1ea3n<\/strong>, ch\u1ee9a \u0111\u1ef1ng <strong data-start=\"627\" data-end=\"656\">h\u01a1i th\u1edf c\u1ee7a l\u00e0ng ngh\u1ec1 x\u01b0a<\/strong>.<\/p>\n<p data-start=\"661\" data-end=\"677\">\ud83d\udee0 <strong data-start=\"664\" data-end=\"675\">Ch\u1ebf t\u00e1c<\/strong><\/p>\n<ul data-start=\"678\" data-end=\"841\">\n<li data-start=\"678\" data-end=\"722\">\n<p data-start=\"680\" data-end=\"722\">Th\u1ee7 c\u00f4ng 100% b\u1edfi ngh\u1ec7 nh\u00e2n Tonkin Craft<\/p>\n<\/li>\n<li data-start=\"723\" data-end=\"788\">\n<p data-start=\"725\" data-end=\"788\">G\u00f2 ch\u1ea1m h\u00ecnh n\u00f3n l\u00e1 Vi\u1ec7t Nam tr\u00ean ki\u1ec1ng tr\u00f2n \u0111\u1ed3ng nguy\u00ean kh\u1ed1i<\/p>\n<\/li>\n<li data-start=\"789\" data-end=\"841\">\n<p data-start=\"791\" data-end=\"841\">\u00c1nh \u0111\u1ed3ng c\u1ed5 \u0111i\u1ec3n, c\u00e0ng d\u00f9ng c\u00e0ng l\u00ean m\u00e0u tr\u1ea7m \u1ea5m<\/p>\n<\/li>\n<\/ul>\n<p data-start=\"843\" data-end=\"1102\">\ud83c\udf38 <strong data-start=\"846\" data-end=\"866\">Khi n\u00e0o n\u00ean \u0111eo?<\/strong><br data-start=\"866\" data-end=\"869\" \/>Ki\u1ec1ng ch\u1ea1m N\u00f3n ph\u00f9 h\u1ee3p cho <strong data-start=\"896\" data-end=\"934\">l\u1ec5 h\u1ed9i v\u0103n h\u00f3a, s\u1ef1 ki\u1ec7n ngh\u1ec7 thu\u1eadt<\/strong>, ho\u1eb7c nh\u01b0 <strong data-start=\"945\" data-end=\"997\">m\u1ed9t \u0111i\u1ec3m nh\u1ea5n tinh t\u1ebf trong \u0111\u1eddi s\u1ed1ng th\u01b0\u1eddng ng\u00e0y<\/strong>.<br data-start=\"998\" data-end=\"1001\" \/>Tr\u00ean n\u1ec1n <strong data-start=\"1010\" data-end=\"1045\">\u00e1o d\u00e0i, \u00e1o b\u00e0 ba ho\u1eb7c v\u00e1y linen<\/strong>, chi\u1ebfc ki\u1ec1ng g\u1ee3i n\u00e9t duy\u00ean th\u1ea7m, g\u1ea7n g\u0169i v\u00e0 trang nh\u00e3.<\/p>\n<p data-start=\"1104\" data-end=\"1138\">\ud83c\udf3f <strong data-start=\"1107\" data-end=\"1136\">C\u00e1ch ph\u1ed1i c\u00f9ng trang ph\u1ee5c<\/strong><\/p>\n<ul data-start=\"1139\" data-end=\"1362\">\n<li data-start=\"1139\" data-end=\"1208\">\n<p data-start=\"1141\" data-end=\"1208\"><strong data-start=\"1141\" data-end=\"1168\">\u00c1o d\u00e0i l\u1ee5a ho\u1eb7c \u00e1o y\u1ebfm:<\/strong> T\u00f4n l\u00ean v\u1ebb \u0111\u1eb9p truy\u1ec1n th\u1ed1ng, m\u1ec1m m\u1ea1i.<\/p>\n<\/li>\n<li data-start=\"1209\" data-end=\"1284\">\n<p data-start=\"1211\" data-end=\"1284\"><strong data-start=\"1211\" data-end=\"1239\">\u0110\u1ea7m linen, v\u00e1y t\u1ed1i gi\u1ea3n:<\/strong> \u00c1nh \u0111\u1ed3ng c\u1ed5 \u0111i\u1ec3n t\u1ea1o \u0111i\u1ec3m nh\u1ea5n thanh l\u1ecbch.<\/p>\n<\/li>\n<li data-start=\"1285\" data-end=\"1362\">\n<p data-start=\"1287\" data-end=\"1362\"><strong data-start=\"1287\" data-end=\"1311\">Trang ph\u1ee5c hi\u1ec7n \u0111\u1ea1i:<\/strong> M\u1ed9t chi ti\u1ebft nh\u1ecf k\u1ec3 l\u1ea1i c\u00e2u chuy\u1ec7n v\u0103n h\u00f3a Vi\u1ec7t.<\/p>\n<\/li>\n<\/ul>\n<p data-start=\"1364\" data-end=\"1392\">\ud83d\udc9b <strong data-start=\"1367\" data-end=\"1390\">Ch\u0103m s\u00f3c &amp; b\u1ea3o qu\u1ea3n<\/strong><\/p>\n<ul data-start=\"1393\" data-end=\"1626\">\n<li data-start=\"1393\" data-end=\"1431\">\n<p data-start=\"1395\" data-end=\"1431\">Lau kh\u00f4 b\u1eb1ng kh\u0103n m\u1ec1m sau khi \u0111eo.<\/p>\n<\/li>\n<li data-start=\"1432\" data-end=\"1495\">\n<p data-start=\"1434\" data-end=\"1495\">Tr\u00e1nh ti\u1ebfp x\u00fac tr\u1ef1c ti\u1ebfp v\u1edbi n\u01b0\u1edbc hoa, chlorine, n\u01b0\u1edbc bi\u1ec3n.<\/p>\n<\/li>\n<li data-start=\"1496\" data-end=\"1565\">\n<p data-start=\"1498\" data-end=\"1565\">B\u1ea3o qu\u1ea3n n\u01a1i kh\u00f4 tho\u00e1ng, trong t\u00fai v\u1ea3i ho\u1eb7c h\u1ed9p g\u1ed7 c\u00f3 g\u00f3i h\u00fat \u1ea9m.<\/p>\n<\/li>\n<li data-start=\"1566\" data-end=\"1626\">\n<p data-start=\"1568\" data-end=\"1626\">Khi h\u01a1i x\u1ec9n, \u0111\u00e1nh b\u00f3ng nh\u1eb9 \u0111\u1ec3 \u00e1nh \u0111\u1ed3ng tr\u1edf l\u1ea1i t\u1ef1 nhi\u00ean.<\/p>\n<\/li>\n<\/ul>\n<p data-start=\"1628\" data-end=\"1828\" data-is-last-node=\"\" data-is-only-node=\"\"><strong data-start=\"1628\" data-end=\"1649\">Ki\u1ec1ng c\u1ed5 ch\u1ea1m N\u00f3n<\/strong> kh\u00f4ng ch\u1ec9 l\u00e0 m\u00f3n trang s\u1ee9c, m\u00e0 c\u00f2n l\u00e0 <strong data-start=\"1688\" data-end=\"1716\">m\u1ed9t l\u00e1t c\u1eaft v\u0103n h\u00f3a Vi\u1ec7t<\/strong>, n\u01a1i <strong data-start=\"1722\" data-end=\"1756\">b\u00e0n tay ngh\u1ec7 nh\u00e2n Tonkin Craft<\/strong> kh\u1eafc h\u1ecda <strong data-start=\"1766\" data-end=\"1828\" data-is-last-node=\"\">v\u1ebb \u0111\u1eb9p ch\u00e2n ph\u01b0\u01a1ng, duy\u00ean d\u00e1ng v\u00e0 b\u1ec1n v\u1eefng c\u00f9ng th\u1eddi gian<\/strong><\/p>\n<\/div>\n<\/div>\n<\/div>\n<\/div>\n<\/div>\n<\/div>\n<\/article>\n","protected":false},"excerpt":{"rendered":"<p>L\u1ea5y c\u1ea3m h\u1ee9ng t\u1eeb <strong data-start=\"85\" data-end=\"104\">n\u00f3n l\u00e1 Vi\u1ec7t Nam<\/strong>, chi\u1ebfc <strong data-start=\"112\" data-end=\"135\">ki\u1ec1ng \u0111\u1ed3ng ch\u1ea1m N\u00f3n<\/strong> mang v\u1ebb \u0111\u1eb9p <strong data-start=\"148\" data-end=\"190\">m\u1ed9c m\u1ea1c, thanh tao v\u00e0 \u0111\u1eadm b\u1ea3n s\u1eafc Vi\u1ec7t<\/strong>.<br data-start=\"191\" data-end=\"194\" \/>\u0110\u01b0\u1ee3c <strong data-start=\"199\" data-end=\"251\">g\u00f2 ch\u1ea1m th\u1ee7 c\u00f4ng 100% b\u1edfi ngh\u1ec7 nh\u00e2n Tonkin Craft<\/strong>, h\u1ecda ti\u1ebft n\u00f3n l\u00e1 n\u1ed5i b\u1eadt tr\u00ean n\u1ec1n \u0111\u1ed3ng v\u00e0ng c\u1ed5 \u0111i\u1ec3n, l\u01b0u gi\u1eef v\u00e2n b\u00faa tinh t\u1ebf \u2013 d\u1ea5u \u1ea5n c\u1ee7a ngh\u1ec1 g\u00f2 \u0111\u1ed3ng truy\u1ec1n th\u1ed1ng h\u01a1n 800 n\u0103m.<\/p>\n<p>Th\u00f4ng tin chi ti\u1ebft SP:<\/p>\n<p>\u2013 Ch\u1ea5t li\u1ec7u: \u0110\u1ed3ng thau nguy\u00ean ch\u1ea5t<\/p>\n<p>\u2013 \u0110\u01b0\u1eddng K\u00ednh: 15cm<\/p>\n<p>\u2013 Nh\u1eadn l\u00e0m theo m\u1eabu, k\u00edch th\u01b0\u1edbc y\u00eau c\u1ea7u<\/p>\n<p>Kh\u00e1c bi\u1ec7t v\u1edbi nh\u1eefng m\u1eabu v\u00f2ng hi\u1ec7n \u0111\u1ea1i, v\u00f2ng ki\u1ec1ng l\u00e1 t\u1ea1i Tonkin Craft ch\u00ednh l\u00e0 \u201c\u0111\u1eb7c s\u1ea3n\u201d, l\u00e0m t\u00f4n l\u00ean n\u00e9t \u0111\u1eb9p truy\u1ec1n th\u1ed1ng v\u1ed1n c\u00f3 c\u1ee7a t\u00e0 \u00e1o d\u00e0i, \u00e1o l\u1ee5a. V\u1edbi k\u1ebft c\u1ea5u l\u00e0 chi\u1ebfc ki\u1ec1ng m\u1edf v\u00e0 l\u00e1, l\u00e0m \u0111i\u1ec3m nh\u1ea5n cho trang ph\u1ee5c th\u00eam ph\u1ea7n kh\u00e1c bi\u1ec7t v\u00e0 n\u1ed5i b\u1eadt g\u01b0\u01a1ng m\u1eb7t.<\/p>\n","protected":false},"featured_media":1582,"comment_status":"open","ping_status":"closed","template":"","meta":[],"product_brand":[],"product_cat":[286,204],"product_tag":[212,222,237,239,219,216,220,236,240,221,218,241,217,238],"class_list":{"0":"post-1584","1":"product","2":"type-product","3":"status-publish","4":"has-post-thumbnail","6":"product_cat-kieng","7":"product_cat-kieng-vong-co","8":"product_tag-brass-hair-pin","9":"product_tag-kieng-ao-dai","10":"product_tag-kieng-ao-lua","11":"product_tag-kieng-bac","12":"product_tag-kieng-deo-co","13":"product_tag-kieng-dong","14":"product_tag-kieng-hoa-sen","15":"product_tag-kieng-la","16":"product_tag-kieng-tron","17":"product_tag-phu-kien-dong","18":"product_tag-vong-co","19":"product_tag-vong-co-tron","20":"product_tag-vong-dong","21":"product_tag-vong-ginkgo","23":"first","24":"instock","25":"shipping-taxable","26":"product-type-simple"},"aioseo_notices":[],"_links":{"self":[{"href":"https:\/\/tonkincraft.vn\/vn\/wp-json\/wp\/v2\/product\/1584","targetHints":{"allow":["GET"]}}],"collection":[{"href":"https:\/\/tonkincraft.vn\/vn\/wp-json\/wp\/v2\/product"}],"about":[{"href":"https:\/\/tonkincraft.vn\/vn\/wp-json\/wp\/v2\/types\/product"}],"replies":[{"embeddable":true,"href":"https:\/\/tonkincraft.vn\/vn\/wp-json\/wp\/v2\/comments?post=1584"}],"wp:featuredmedia":[{"embeddable":true,"href":"https:\/\/tonkincraft.vn\/vn\/wp-json\/wp\/v2\/media\/1582"}],"wp:attachment":[{"href":"https:\/\/tonkincraft.vn\/vn\/wp-json\/wp\/v2\/media?parent=1584"}],"wp:term":[{"taxonomy":"product_brand","embeddable":true,"href":"https:\/\/tonkincraft.vn\/vn\/wp-json\/wp\/v2\/product_brand?post=1584"},{"taxonomy":"product_cat","embeddable":true,"href":"https:\/\/tonkincraft.vn\/vn\/wp-json\/wp\/v2\/product_cat?post=1584"},{"taxonomy":"product_tag","embeddable":true,"href":"https:\/\/tonkincraft.vn\/vn\/wp-json\/wp\/v2\/product_tag?post=1584"}],"curies":[{"name":"wp","href":"https:\/\/api.w.org\/{rel}","templated":true}]}}