{"id":1544,"date":"2022-09-01T00:09:02","date_gmt":"2022-08-31T17:09:02","guid":{"rendered":"https:\/\/tonkincraft.vn\/vn\/?post_type=product&#038;p=1544"},"modified":"2025-10-07T21:13:55","modified_gmt":"2025-10-07T14:13:55","slug":"kieng-dong-moc-lan-vong-co-ao-dai-cao-cap","status":"publish","type":"product","link":"https:\/\/tonkincraft.vn\/vn\/product\/kieng-dong-moc-lan-vong-co-ao-dai-cao-cap\/","title":{"rendered":"Ki\u1ec1ng \u0110\u1ed3ng L\u00e1 C\u00fac C\u1ed5 Th\u1ee7 C\u00f4ng"},"content":{"rendered":"<p data-start=\"0\" data-end=\"69\"><strong data-start=\"0\" data-end=\"67\">Ki\u1ec1ng \u0111\u1ed3ng L\u00e1 C\u00fac C\u1ed5 \u2013 H\u01a1i th\u1edf di s\u1ea3n trong d\u00e1ng ki\u1ec1ng hi\u1ec7n \u0111\u1ea1i<\/strong><\/p>\n<p data-start=\"71\" data-end=\"318\">L\u1ea5y c\u1ea3m h\u1ee9ng t\u1eeb <strong data-start=\"87\" data-end=\"106\">h\u1ecda ti\u1ebft l\u00e1 c\u00fac<\/strong> \u2013 hoa v\u0103n c\u1ed5 t\u1eebng xu\u1ea5t hi\u1ec7n tr\u00ean <strong data-start=\"140\" data-end=\"181\">ki\u1ebfn tr\u00fac, g\u1ed1m s\u1ee9 v\u00e0 \u0111\u1ed3 trang s\u1ee9c x\u01b0a<\/strong>, chi\u1ebfc <strong data-start=\"189\" data-end=\"213\">Ki\u1ec1ng \u0111\u1ed3ng L\u00e1 C\u00fac C\u1ed5<\/strong> t\u00e1i hi\u1ec7n l\u1ea1i n\u00e9t tinh t\u1ebf c\u1ee7a qu\u00e1 kh\u1ee9 trong m\u1ed9t h\u00ecnh h\u00e0i m\u1edbi: <strong data-start=\"275\" data-end=\"315\">m\u1ed9c m\u1ea1c, sang tr\u1ecdng v\u00e0 \u0111\u1eadm ch\u1ea5t Vi\u1ec7t<\/strong>.<\/p>\n<p data-start=\"320\" data-end=\"653\">\u0110\u01b0\u1ee3c <strong data-start=\"325\" data-end=\"375\">g\u00f2 ch\u1ea1m th\u1ee7 c\u00f4ng 100% t\u1eeb \u0111\u1ed3ng v\u00e0ng nguy\u00ean ch\u1ea5t<\/strong> b\u1edfi <strong data-start=\"380\" data-end=\"406\">ngh\u1ec7 nh\u00e2n Tonkin Craft<\/strong>, t\u1eebng c\u1ee5m l\u00e1 \u0111\u01b0\u1ee3c ch\u1ea1m n\u1ed5i tinh x\u1ea3o, m\u1ec1m m\u1ea1i r\u1ee7 xu\u1ed1ng theo d\u00e1ng c\u1ed5, gi\u1eef nguy\u00ean <strong data-start=\"486\" data-end=\"506\">v\u00e2n b\u00faa th\u1ee7 c\u00f4ng<\/strong> \u2013 d\u1ea5u \u1ea5n \u0111\u1ed9c b\u1ea3n c\u1ee7a m\u1ed7i s\u1ea3n ph\u1ea9m. \u00c1nh \u0111\u1ed3ng tr\u1ea7m \u1ea5m, c\u1ed5 \u0111i\u1ec3n, c\u00e0ng \u0111eo c\u00e0ng l\u00ean m\u00e0u th\u1eddi gian, mang l\u1ea1i c\u1ea3m gi\u00e1c v\u1eeba <strong data-start=\"624\" data-end=\"650\">ho\u00e0i ni\u1ec7m v\u1eeba hi\u1ec7n \u0111\u1ea1i<\/strong>.<\/p>\n<p data-start=\"655\" data-end=\"671\">\ud83d\udee0 <strong data-start=\"658\" data-end=\"669\">Ch\u1ebf t\u00e1c<\/strong><\/p>\n<ul data-start=\"672\" data-end=\"803\">\n<li data-start=\"672\" data-end=\"717\">\n<p data-start=\"674\" data-end=\"717\">Th\u1ee7 c\u00f4ng 100% b\u1edfi ngh\u1ec7 nh\u00e2n Tonkin Craft.<\/p>\n<\/li>\n<li data-start=\"718\" data-end=\"759\">\n<p data-start=\"720\" data-end=\"759\">G\u00f2 ch\u1ea1m l\u00e1 c\u00fac n\u1ed5i, u\u1ed1n cong m\u1ec1m m\u1ea1i.<\/p>\n<\/li>\n<li data-start=\"760\" data-end=\"803\">\n<p data-start=\"762\" data-end=\"803\">\u00c1nh \u0111\u1ed3ng m\u1edd c\u1ed5 \u0111i\u1ec3n, b\u1ec1n b\u1ec9 v\u00e0 \u0111\u1ed9c b\u1ea3n.<\/p>\n<\/li>\n<\/ul>\n<p data-start=\"805\" data-end=\"1046\">\ud83c\udf3f <strong data-start=\"808\" data-end=\"827\">Khi n\u00e0o n\u00ean \u0111eo<\/strong><br data-start=\"827\" data-end=\"830\" \/>Ph\u00f9 h\u1ee3p cho <strong data-start=\"842\" data-end=\"893\">l\u1ec5 T\u1ebft, bu\u1ed5i ti\u1ec7c v\u0103n h\u00f3a, tri\u1ec3n l\u00e3m ngh\u1ec7 thu\u1eadt<\/strong> ho\u1eb7c nh\u1eefng d\u1ecbp \u0111\u1eb7c bi\u1ec7t c\u1ea7n \u0111i\u1ec3m nh\u1ea5n tinh t\u1ebf. Tr\u00ean n\u1ec1n <strong data-start=\"950\" data-end=\"985\">\u00e1o d\u00e0i, \u0111\u1ea7m satin hay v\u00e1y linen<\/strong>, ki\u1ec1ng t\u00f4n l\u00ean <strong data-start=\"1001\" data-end=\"1043\">v\u1ebb duy\u00ean d\u00e1ng, c\u1ed5 \u0111i\u1ec3n m\u00e0 ph\u00f3ng kho\u00e1ng<\/strong>.<\/p>\n<p data-start=\"1048\" data-end=\"1082\">\ud83d\udc9b <strong data-start=\"1051\" data-end=\"1080\">C\u00e1ch ph\u1ed1i c\u00f9ng trang ph\u1ee5c<\/strong><\/p>\n<ul data-start=\"1083\" data-end=\"1279\">\n<li data-start=\"1083\" data-end=\"1129\">\n<p data-start=\"1085\" data-end=\"1129\"><strong data-start=\"1085\" data-end=\"1100\">\u00c1o d\u00e0i l\u1ee5a:<\/strong> gi\u1eef n\u00e9t trang nh\u00e3 c\u1ed5 \u0111i\u1ec3n.<\/p>\n<\/li>\n<li data-start=\"1130\" data-end=\"1201\">\n<p data-start=\"1132\" data-end=\"1201\"><strong data-start=\"1132\" data-end=\"1149\">\u0110\u1ea7m t\u1ed1i gi\u1ea3n:<\/strong> \u00e1nh \u0111\u1ed3ng tr\u1edf th\u00e0nh chi ti\u1ebft sang tr\u1ecdng, hi\u1ec7n \u0111\u1ea1i.<\/p>\n<\/li>\n<li data-start=\"1202\" data-end=\"1279\">\n<p data-start=\"1204\" data-end=\"1279\"><strong data-start=\"1204\" data-end=\"1222\">Heritage chic:<\/strong> ph\u1ed1i c\u00f9ng khuy\u00ean tai \u0111\u1ed3ng, g\u1ee3i c\u1ea3m h\u1ee9ng l\u00e0ng ngh\u1ec1 x\u01b0a.<\/p>\n<\/li>\n<\/ul>\n<p data-start=\"1281\" data-end=\"1308\">\u2728 <strong data-start=\"1283\" data-end=\"1306\">Ch\u0103m s\u00f3c &amp; b\u1ea3o qu\u1ea3n<\/strong><\/p>\n<ul data-start=\"1309\" data-end=\"1495\">\n<li data-start=\"1309\" data-end=\"1347\">\n<p data-start=\"1311\" data-end=\"1347\">Lau kh\u00f4 b\u1eb1ng kh\u0103n m\u1ec1m sau khi \u0111eo.<\/p>\n<\/li>\n<li data-start=\"1348\" data-end=\"1390\">\n<p data-start=\"1350\" data-end=\"1390\">Tr\u00e1nh ti\u1ebfp x\u00fac v\u1edbi n\u01b0\u1edbc hoa, h\u00f3a ch\u1ea5t.<\/p>\n<\/li>\n<li data-start=\"1391\" data-end=\"1443\">\n<p data-start=\"1393\" data-end=\"1443\">B\u1ea3o qu\u1ea3n n\u01a1i kh\u00f4 r\u00e1o, trong t\u00fai v\u1ea3i ho\u1eb7c h\u1ed9p g\u1ed7.<\/p>\n<\/li>\n<li data-start=\"1444\" data-end=\"1495\">\n<p data-start=\"1446\" data-end=\"1495\">Khi h\u01a1i x\u1ec9n, \u0111\u00e1nh b\u00f3ng nh\u1eb9 \u0111\u1ec3 \u00e1nh \u0111\u1ed3ng tr\u1edf l\u1ea1i.<\/p>\n<\/li>\n<\/ul>\n<p data-start=\"1497\" data-end=\"1715\" data-is-last-node=\"\" data-is-only-node=\"\"><strong data-start=\"1497\" data-end=\"1521\">Ki\u1ec1ng \u0111\u1ed3ng L\u00e1 C\u00fac C\u1ed5<\/strong> kh\u00f4ng ch\u1ec9 l\u00e0 m\u00f3n trang s\u1ee9c, m\u00e0 c\u00f2n l\u00e0 <strong data-start=\"1560\" data-end=\"1602\">t\u00e1c ph\u1ea9m g\u00f3i tr\u1ecdn tinh hoa di s\u1ea3n Vi\u1ec7t<\/strong>, n\u01a1i b\u00e0n tay ngh\u1ec7 nh\u00e2n Tonkin Craft th\u1ed5i h\u1ed3n v\u00e0o t\u1eebng chi ti\u1ebft, bi\u1ebfn qu\u00e1 kh\u1ee9 th\u00e0nh v\u1ebb \u0111\u1eb9p s\u1ed1ng \u0111\u1ed9ng c\u1ee7a h\u00f4m nay.<\/p>\n","protected":false},"excerpt":{"rendered":"<article class=\"text-token-text-primary w-full focus:outline-none scroll-mt-[calc(var(--header-height)+min(200px,max(70px,20svh)))]\" dir=\"auto\" tabindex=\"-1\" data-turn-id=\"request-68e49a41-2c98-8320-9551-82c65397f7b8-51\" data-testid=\"conversation-turn-110\" data-scroll-anchor=\"true\" data-turn=\"assistant\">\n<div class=\"text-base my-auto mx-auto pb-10 [--thread-content-margin:--spacing(4)] thread-sm:[--thread-content-margin:--spacing(6)] thread-lg:[--thread-content-margin:--spacing(16)] px-(--thread-content-margin)\">\n<div class=\"[--thread-content-max-width:40rem] thread-lg:[--thread-content-max-width:48rem] mx-auto max-w-(--thread-content-max-width) flex-1 group\/turn-messages focus-visible:outline-hidden relative flex w-full min-w-0 flex-col agent-turn\" tabindex=\"-1\">\n<div class=\"flex max-w-full flex-col grow\">\n<div class=\"min-h-8 text-message relative flex w-full flex-col items-end gap-2 text-start break-words whitespace-normal [.text-message+&amp;]:mt-5\" dir=\"auto\" data-message-author-role=\"assistant\" data-message-id=\"8d4b18a6-ef0b-405a-8016-71a62978df50\" data-message-model-slug=\"gpt-5\">\n<div class=\"flex w-full flex-col gap-1 empty:hidden first:pt-[1px]\">\n<div class=\"markdown prose dark:prose-invert w-full break-words light markdown-new-styling\">\n<p data-start=\"62\" data-end=\"267\">L\u1ea5y c\u1ea3m h\u1ee9ng t\u1eeb <strong data-start=\"78\" data-end=\"106\">hoa v\u0103n l\u00e1 c\u00fac c\u1ed5 truy\u1ec1n<\/strong>, chi\u1ebfc <strong data-start=\"114\" data-end=\"138\">ki\u1ec1ng \u0111\u1ed3ng L\u00e1 C\u00fac C\u1ed5<\/strong> \u0111\u01b0\u1ee3c <strong data-start=\"144\" data-end=\"182\">g\u00f2 ch\u1ea1m th\u1ee7 c\u00f4ng 100% t\u1eeb \u0111\u1ed3ng v\u00e0ng<\/strong> b\u1edfi <strong data-start=\"187\" data-end=\"213\">ngh\u1ec7 nh\u00e2n Tonkin Craft<\/strong>, mang n\u00e9t <strong data-start=\"224\" data-end=\"264\">m\u1ed9c m\u1ea1c, sang tr\u1ecdng v\u00e0 \u0111\u1eadm ch\u1ea5t Vi\u1ec7t<\/strong>.<\/p>\n<p data-start=\"269\" data-end=\"526\" data-is-last-node=\"\" data-is-only-node=\"\">T\u1eebng c\u1ee5m l\u00e1 u\u1ed1n m\u1ec1m m\u1ea1i, v\u00e2n b\u00faa th\u1ee7 c\u00f4ng tinh x\u1ea3o v\u00e0 \u00e1nh \u0111\u1ed3ng tr\u1ea7m c\u1ed5 \u0111i\u1ec3n t\u1ea1o n\u00ean <strong data-start=\"353\" data-end=\"385\">v\u1ebb \u0111\u1eb9p ho\u00e0i ni\u1ec7m m\u00e0 hi\u1ec7n \u0111\u1ea1i<\/strong>, d\u1ec5 d\u00e0ng ph\u1ed1i c\u00f9ng <strong data-start=\"405\" data-end=\"453\">\u00e1o d\u00e0i, \u0111\u1ea7m t\u1ed1i gi\u1ea3n hay trang ph\u1ee5c th\u1ee7 c\u00f4ng<\/strong>, nh\u01b0 <strong data-start=\"459\" data-end=\"486\">m\u1ed9t l\u00e1t c\u1eaft di s\u1ea3n Vi\u1ec7t<\/strong> \u0111\u01b0\u1ee3c kho\u00e1c l\u00ean c\u1ed5 ng\u01b0\u1eddi ph\u1ee5 n\u1eef h\u00f4m nay.<\/p>\n<\/div>\n<\/div>\n<\/div>\n<\/div>\n<\/div>\n<\/div>\n<\/article>\n<p>Th\u00f4ng tin chi ti\u1ebft SP:<\/p>\n<p>\u2013 Ch\u1ea5t li\u1ec7u: \u0110\u1ed3ng thau nguy\u00ean ch\u1ea5t<\/p>\n<p>\u2013 Nh\u1eadn l\u00e0m theo m\u1eabu, k\u00edch th\u01b0\u1edbc y\u00eau c\u1ea7u<\/p>\n<p>Kh\u00e1c bi\u1ec7t v\u1edbi nh\u1eefng m\u1eabu v\u00f2ng hi\u1ec7n \u0111\u1ea1i, v\u00f2ng ki\u1ec1ng l\u00e1 t\u1ea1i Tonkin Craft ch\u00ednh l\u00e0 \u201c\u0111\u1eb7c s\u1ea3n\u201d, l\u00e0m t\u00f4n l\u00ean n\u00e9t \u0111\u1eb9p truy\u1ec1n th\u1ed1ng v\u1ed1n c\u00f3 c\u1ee7a t\u00e0 \u00e1o d\u00e0i, \u00e1o l\u1ee5a. V\u1edbi k\u1ebft c\u1ea5u l\u00e0 chi\u1ebfc ki\u1ec1ng m\u1edf v\u00e0 l\u00e1, l\u00e0m \u0111i\u1ec3m nh\u1ea5n cho trang ph\u1ee5c th\u00eam ph\u1ea7n kh\u00e1c bi\u1ec7t v\u00e0 n\u1ed5i b\u1eadt g\u01b0\u01a1ng m\u1eb7t.<\/p>\n","protected":false},"featured_media":3146,"comment_status":"open","ping_status":"closed","template":"","meta":[],"product_brand":[],"product_cat":[286,204],"product_tag":[212,222,237,239,219,216,220,236,221,218,217,238],"class_list":{"0":"post-1544","1":"product","2":"type-product","3":"status-publish","4":"has-post-thumbnail","6":"product_cat-kieng","7":"product_cat-kieng-vong-co","8":"product_tag-brass-hair-pin","9":"product_tag-kieng-ao-dai","10":"product_tag-kieng-ao-lua","11":"product_tag-kieng-bac","12":"product_tag-kieng-deo-co","13":"product_tag-kieng-dong","14":"product_tag-kieng-hoa-sen","15":"product_tag-kieng-la","16":"product_tag-phu-kien-dong","17":"product_tag-vong-co","18":"product_tag-vong-dong","19":"product_tag-vong-ginkgo","21":"first","22":"instock","23":"shipping-taxable","24":"product-type-simple"},"aioseo_notices":[],"_links":{"self":[{"href":"https:\/\/tonkincraft.vn\/vn\/wp-json\/wp\/v2\/product\/1544","targetHints":{"allow":["GET"]}}],"collection":[{"href":"https:\/\/tonkincraft.vn\/vn\/wp-json\/wp\/v2\/product"}],"about":[{"href":"https:\/\/tonkincraft.vn\/vn\/wp-json\/wp\/v2\/types\/product"}],"replies":[{"embeddable":true,"href":"https:\/\/tonkincraft.vn\/vn\/wp-json\/wp\/v2\/comments?post=1544"}],"wp:featuredmedia":[{"embeddable":true,"href":"https:\/\/tonkincraft.vn\/vn\/wp-json\/wp\/v2\/media\/3146"}],"wp:attachment":[{"href":"https:\/\/tonkincraft.vn\/vn\/wp-json\/wp\/v2\/media?parent=1544"}],"wp:term":[{"taxonomy":"product_brand","embeddable":true,"href":"https:\/\/tonkincraft.vn\/vn\/wp-json\/wp\/v2\/product_brand?post=1544"},{"taxonomy":"product_cat","embeddable":true,"href":"https:\/\/tonkincraft.vn\/vn\/wp-json\/wp\/v2\/product_cat?post=1544"},{"taxonomy":"product_tag","embeddable":true,"href":"https:\/\/tonkincraft.vn\/vn\/wp-json\/wp\/v2\/product_tag?post=1544"}],"curies":[{"name":"wp","href":"https:\/\/api.w.org\/{rel}","templated":true}]}}