{"id":1536,"date":"2022-08-31T23:48:51","date_gmt":"2022-08-31T16:48:51","guid":{"rendered":"https:\/\/tonkincraft.vn\/vn\/?post_type=product&#038;p=1536"},"modified":"2025-10-07T21:10:07","modified_gmt":"2025-10-07T14:10:07","slug":"kieng-nhat-chi-mai-ma-bac-cao-cap","status":"publish","type":"product","link":"https:\/\/tonkincraft.vn\/vn\/product\/kieng-nhat-chi-mai-ma-bac-cao-cap\/","title":{"rendered":"Ki\u1ec1ng M\u1ea1 B\u1ea1c Hoa \u0110\u00e0o Th\u1ee7 C\u00f4ng"},"content":{"rendered":"<article class=\"text-token-text-primary w-full focus:outline-none scroll-mt-[calc(var(--header-height)+min(200px,max(70px,20svh)))]\" dir=\"auto\" tabindex=\"-1\" data-turn-id=\"request-68e49a41-2c98-8320-9551-82c65397f7b8-48\" data-testid=\"conversation-turn-104\" data-scroll-anchor=\"true\" data-turn=\"assistant\">\n<div class=\"text-base my-auto mx-auto pb-10 [--thread-content-margin:--spacing(4)] thread-sm:[--thread-content-margin:--spacing(6)] thread-lg:[--thread-content-margin:--spacing(16)] px-(--thread-content-margin)\">\n<div class=\"[--thread-content-max-width:40rem] thread-lg:[--thread-content-max-width:48rem] mx-auto max-w-(--thread-content-max-width) flex-1 group\/turn-messages focus-visible:outline-hidden relative flex w-full min-w-0 flex-col agent-turn\" tabindex=\"-1\">\n<div class=\"flex max-w-full flex-col grow\">\n<div class=\"min-h-8 text-message relative flex w-full flex-col items-end gap-2 text-start break-words whitespace-normal [.text-message+&amp;]:mt-5\" dir=\"auto\" data-message-author-role=\"assistant\" data-message-id=\"60781b3c-a789-4443-8f84-4a01b85cac35\" data-message-model-slug=\"gpt-5\">\n<div class=\"flex w-full flex-col gap-1 empty:hidden first:pt-[1px]\">\n<div class=\"markdown prose dark:prose-invert w-full break-words light markdown-new-styling\">\n<p data-start=\"0\" data-end=\"49\"><strong data-start=\"0\" data-end=\"47\">Ki\u1ec1ng \u0111\u1ed3ng Hoa \u0110\u00e0o \u2013 S\u1eafc xu\u00e2n tr\u00ean \u00e1nh \u0111\u1ed3ng<\/strong><\/p>\n<p data-start=\"51\" data-end=\"220\">L\u1ea5y c\u1ea3m h\u1ee9ng t\u1eeb <strong data-start=\"67\" data-end=\"134\">hoa \u0111\u00e0o \u2013 bi\u1ec3u t\u01b0\u1ee3ng c\u1ee7a m\u00f9a xu\u00e2n, may m\u1eafn v\u00e0 kh\u1edfi \u0111\u1ea7u t\u1ed1t l\u00e0nh<\/strong>, chi\u1ebfc <strong data-start=\"142\" data-end=\"164\">Ki\u1ec1ng \u0111\u1ed3ng Hoa \u0110\u00e0o<\/strong> mang \u0111\u1ebfn v\u1ebb \u0111\u1eb9p <strong data-start=\"181\" data-end=\"217\">t\u01b0\u01a1i s\u00e1ng, n\u1eef t\u00ednh v\u00e0 thanh l\u1ecbch<\/strong>.<\/p>\n<p data-start=\"222\" data-end=\"516\">\u0110\u01b0\u1ee3c <strong data-start=\"227\" data-end=\"277\">ch\u1ebf t\u00e1c th\u1ee7 c\u00f4ng 100% t\u1eeb \u0111\u1ed3ng v\u00e0ng nguy\u00ean ch\u1ea5t<\/strong> b\u1edfi <strong data-start=\"282\" data-end=\"308\">ngh\u1ec7 nh\u00e2n Tonkin Craft<\/strong>, t\u1eebng c\u00e1nh \u0111\u00e0o \u0111\u01b0\u1ee3c <strong data-start=\"329\" data-end=\"350\">g\u00f2 ch\u1ea1m n\u1ed5i t\u1ec9 m\u1ec9<\/strong>, c\u00e1nh hoa u\u1ed1n cong m\u1ec1m m\u1ea1i, nh\u1ee5y hoa kh\u1eafc tinh t\u1ebf. \u00c1nh \u0111\u1ed3ng m\u1edd tr\u1ea7m \u1ea5m c\u00f9ng v\u00e2n b\u00faa th\u1ee7 c\u00f4ng t\u1ea1o n\u00ean <strong data-start=\"452\" data-end=\"479\">s\u1ef1 s\u1ed1ng \u0111\u1ed9ng v\u00e0 \u0111\u1ed9c b\u1ea3n<\/strong> \u2013 kh\u00f4ng chi\u1ebfc n\u00e0o gi\u1ed1ng chi\u1ebfc n\u00e0o.<\/p>\n<p data-start=\"518\" data-end=\"534\">\ud83d\udee0 <strong data-start=\"521\" data-end=\"532\">Ch\u1ebf t\u00e1c<\/strong><\/p>\n<ul data-start=\"535\" data-end=\"689\">\n<li data-start=\"535\" data-end=\"580\">\n<p data-start=\"537\" data-end=\"580\">Th\u1ee7 c\u00f4ng 100% b\u1edfi ngh\u1ec7 nh\u00e2n Tonkin Craft.<\/p>\n<\/li>\n<li data-start=\"581\" data-end=\"633\">\n<p data-start=\"583\" data-end=\"633\">T\u1ea1o h\u00ecnh c\u00e1nh \u0111\u00e0o v\u00e0 nh\u1ee5y n\u1ed5i, g\u00f2 ch\u1ea1m tinh x\u1ea3o.<\/p>\n<\/li>\n<li data-start=\"634\" data-end=\"689\">\n<p data-start=\"636\" data-end=\"689\">\u00c1nh \u0111\u1ed3ng c\u1ed5 \u0111i\u1ec3n, c\u00e0ng \u0111eo c\u00e0ng l\u00ean m\u00e0u sang tr\u1ecdng.<\/p>\n<\/li>\n<\/ul>\n<p data-start=\"691\" data-end=\"951\">\ud83c\udf38 <strong data-start=\"694\" data-end=\"713\">Khi n\u00e0o n\u00ean \u0111eo<\/strong><br data-start=\"713\" data-end=\"716\" \/>Ph\u00f9 h\u1ee3p cho <strong data-start=\"728\" data-end=\"773\">l\u1ec5 T\u1ebft, ti\u1ec7c v\u0103n h\u00f3a, bu\u1ed5i g\u1eb7p g\u1ee1 \u0111\u1ea7u n\u0103m<\/strong> ho\u1eb7c khi b\u1ea1n mu\u1ed1n mang theo <strong data-start=\"802\" data-end=\"827\">m\u1ed9t s\u1eafc xu\u00e2n d\u1ecbu d\u00e0ng<\/strong> quanh n\u0103m. Tr\u00ean n\u1ec1n <strong data-start=\"848\" data-end=\"892\">\u00e1o d\u00e0i, \u0111\u1ea7m l\u1ee5a ho\u1eb7c trang ph\u1ee5c t\u1ed1i gi\u1ea3n<\/strong>, chi\u1ebfc ki\u1ec1ng tr\u1edf th\u00e0nh <strong data-start=\"916\" data-end=\"948\">\u0111i\u1ec3m nh\u1ea5n m\u1ec1m m\u1ea1i v\u00e0 tinh t\u1ebf<\/strong>.<\/p>\n<p data-start=\"953\" data-end=\"987\">\ud83d\udc9b <strong data-start=\"956\" data-end=\"985\">C\u00e1ch ph\u1ed1i c\u00f9ng trang ph\u1ee5c<\/strong><\/p>\n<ul data-start=\"988\" data-end=\"1212\">\n<li data-start=\"988\" data-end=\"1054\">\n<p data-start=\"990\" data-end=\"1054\"><strong data-start=\"990\" data-end=\"1026\">\u00c1o d\u00e0i gam h\u1ed3ng, tr\u1eafng, ho\u1eb7c be:<\/strong> gi\u1eef v\u1ebb c\u1ed5 \u0111i\u1ec3n, d\u1ecbu d\u00e0ng.<\/p>\n<\/li>\n<li data-start=\"1055\" data-end=\"1125\">\n<p data-start=\"1057\" data-end=\"1125\"><strong data-start=\"1057\" data-end=\"1082\">\u0110\u1ea7m satin ho\u1eb7c linen:<\/strong> \u00e1nh \u0111\u1ed3ng tr\u1edf th\u00e0nh \u0111i\u1ec3m nh\u1ea5n sang tr\u1ecdng.<\/p>\n<\/li>\n<li data-start=\"1126\" data-end=\"1212\">\n<p data-start=\"1128\" data-end=\"1212\"><strong data-start=\"1128\" data-end=\"1161\">Phong c\u00e1ch t\u1ed1i gi\u1ea3n hi\u1ec7n \u0111\u1ea1i:<\/strong> t\u1ea1o n\u00e9t c\u00e2n b\u1eb1ng gi\u1eefa truy\u1ec1n th\u1ed1ng v\u00e0 \u0111\u01b0\u01a1ng \u0111\u1ea1i.<\/p>\n<\/li>\n<\/ul>\n<p data-start=\"1214\" data-end=\"1241\">\u2728 <strong data-start=\"1216\" data-end=\"1239\">Ch\u0103m s\u00f3c &amp; b\u1ea3o qu\u1ea3n<\/strong><\/p>\n<ul data-start=\"1242\" data-end=\"1439\">\n<li data-start=\"1242\" data-end=\"1280\">\n<p data-start=\"1244\" data-end=\"1280\">Lau kh\u00f4 b\u1eb1ng kh\u0103n m\u1ec1m sau khi \u0111eo.<\/p>\n<\/li>\n<li data-start=\"1281\" data-end=\"1334\">\n<p data-start=\"1283\" data-end=\"1334\">Tr\u00e1nh ti\u1ebfp x\u00fac v\u1edbi n\u01b0\u1edbc hoa, h\u00f3a ch\u1ea5t, n\u01b0\u1edbc bi\u1ec3n.<\/p>\n<\/li>\n<li data-start=\"1335\" data-end=\"1387\">\n<p data-start=\"1337\" data-end=\"1387\">B\u1ea3o qu\u1ea3n n\u01a1i kh\u00f4 r\u00e1o, trong t\u00fai v\u1ea3i ho\u1eb7c h\u1ed9p g\u1ed7.<\/p>\n<\/li>\n<li data-start=\"1388\" data-end=\"1439\">\n<p data-start=\"1390\" data-end=\"1439\">Khi h\u01a1i x\u1ec9n, \u0111\u00e1nh b\u00f3ng nh\u1eb9 \u0111\u1ec3 \u00e1nh \u0111\u1ed3ng tr\u1edf l\u1ea1i.<\/p>\n<\/li>\n<\/ul>\n<p data-start=\"1441\" data-end=\"1646\" data-is-last-node=\"\" data-is-only-node=\"\"><strong data-start=\"1441\" data-end=\"1463\">Ki\u1ec1ng \u0111\u1ed3ng Hoa \u0110\u00e0o<\/strong> kh\u00f4ng ch\u1ec9 l\u00e0 m\u00f3n trang s\u1ee9c, m\u00e0 l\u00e0 <strong data-start=\"1498\" data-end=\"1556\">bi\u1ec3u t\u01b0\u1ee3ng c\u1ee7a s\u1ef1 kh\u1edfi \u0111\u1ea7u, may m\u1eafn v\u00e0 v\u1ebb \u0111\u1eb9p t\u01b0\u01a1i m\u1edbi<\/strong>, n\u01a1i b\u00e0n tay ngh\u1ec7 nh\u00e2n Tonkin Craft g\u1eedi g\u1eafm tinh th\u1ea7n Vi\u1ec7t trong t\u1eebng chi ti\u1ebft ch\u1ea1m kh\u1eafc.<\/p>\n<\/div>\n<\/div>\n<\/div>\n<\/div>\n<div class=\"z-0 flex min-h-[46px] justify-start\"><\/div>\n<div class=\"mt-3 w-full empty:hidden\">\n<div class=\"text-center\"><\/div>\n<\/div>\n<\/div>\n<\/div>\n<\/article>\n<div class=\"pointer-events-none h-px w-px\" aria-hidden=\"true\" data-edge=\"true\"><\/div>\n","protected":false},"excerpt":{"rendered":"<p data-start=\"48\" data-end=\"230\">L\u1ea5y c\u1ea3m h\u1ee9ng t\u1eeb <strong data-start=\"64\" data-end=\"122\">hoa \u0111\u00e0o \u2013 bi\u1ec3u t\u01b0\u1ee3ng c\u1ee7a m\u00f9a xu\u00e2n v\u00e0 kh\u1edfi \u0111\u1ea7u t\u1ed1t l\u00e0nh<\/strong>, chi\u1ebfc <strong data-start=\"130\" data-end=\"152\">ki\u1ec1ng \u0111\u1ed3ng Hoa \u0110\u00e0o<\/strong> \u0111\u01b0\u1ee3c <strong data-start=\"158\" data-end=\"196\">g\u00f2 ch\u1ea1m th\u1ee7 c\u00f4ng 100% t\u1eeb \u0111\u1ed3ng v\u00e0ng<\/strong> b\u1edfi <strong data-start=\"201\" data-end=\"227\">ngh\u1ec7 nh\u00e2n Tonkin Craft<\/strong>.<\/p>\n<p data-start=\"232\" data-end=\"508\" data-is-last-node=\"\" data-is-only-node=\"\">T\u1eebng c\u00e1nh hoa u\u1ed1n cong m\u1ec1m m\u1ea1i, nh\u1ee5y ch\u1ea1m n\u1ed5i tinh t\u1ebf, \u00e1nh \u0111\u1ed3ng m\u1edd c\u1ed5 \u0111i\u1ec3n t\u00f4n l\u00ean v\u1ebb <strong data-start=\"318\" data-end=\"353\">d\u1ecbu d\u00e0ng, thanh l\u1ecbch v\u00e0 n\u1eef t\u00ednh<\/strong>.<\/p>\n<p>Th\u00f4ng tin chi ti\u1ebft SP:<\/p>\n<p>\u2013 Ch\u1ea5t li\u1ec7u: \u0110\u1ed3ng thau nguy\u00ean ch\u1ea5t m\u1ea1 b\u1ea1c<\/p>\n<p>\u2013 Nh\u1eadn l\u00e0m theo m\u1eabu, k\u00edch th\u01b0\u1edbc y\u00eau c\u1ea7u<\/p>\n<p>Kh\u00e1c bi\u1ec7t v\u1edbi nh\u1eefng m\u1eabu v\u00f2ng hi\u1ec7n \u0111\u1ea1i, v\u00f2ng ki\u1ec1ng l\u00e1 t\u1ea1i Tonkin Craft ch\u00ednh l\u00e0 \u201c\u0111\u1eb7c s\u1ea3n\u201d, l\u00e0m t\u00f4n l\u00ean n\u00e9t \u0111\u1eb9p truy\u1ec1n th\u1ed1ng v\u1ed1n c\u00f3 c\u1ee7a t\u00e0 \u00e1o d\u00e0i, \u00e1o l\u1ee5a. V\u1edbi k\u1ebft c\u1ea5u l\u00e0 chi\u1ebfc ki\u1ec1ng m\u1edf v\u00e0 l\u00e1, l\u00e0m \u0111i\u1ec3m nh\u1ea5n cho trang ph\u1ee5c th\u00eam ph\u1ea7n kh\u00e1c bi\u1ec7t v\u00e0 n\u1ed5i b\u1eadt g\u01b0\u01a1ng m\u1eb7t.<\/p>\n","protected":false},"featured_media":2732,"comment_status":"open","ping_status":"closed","template":"","meta":[],"product_brand":[],"product_cat":[282,286,204],"product_tag":[212,222,237,239,219,216,220,236,221,218,217,238],"class_list":{"0":"post-1536","1":"product","2":"type-product","3":"status-publish","4":"has-post-thumbnail","6":"product_cat-bst-hoa-mai-dao","7":"product_cat-kieng","8":"product_cat-kieng-vong-co","9":"product_tag-brass-hair-pin","10":"product_tag-kieng-ao-dai","11":"product_tag-kieng-ao-lua","12":"product_tag-kieng-bac","13":"product_tag-kieng-deo-co","14":"product_tag-kieng-dong","15":"product_tag-kieng-hoa-sen","16":"product_tag-kieng-la","17":"product_tag-phu-kien-dong","18":"product_tag-vong-co","19":"product_tag-vong-dong","20":"product_tag-vong-ginkgo","22":"first","23":"instock","24":"shipping-taxable","25":"product-type-simple"},"aioseo_notices":[],"_links":{"self":[{"href":"https:\/\/tonkincraft.vn\/vn\/wp-json\/wp\/v2\/product\/1536","targetHints":{"allow":["GET"]}}],"collection":[{"href":"https:\/\/tonkincraft.vn\/vn\/wp-json\/wp\/v2\/product"}],"about":[{"href":"https:\/\/tonkincraft.vn\/vn\/wp-json\/wp\/v2\/types\/product"}],"replies":[{"embeddable":true,"href":"https:\/\/tonkincraft.vn\/vn\/wp-json\/wp\/v2\/comments?post=1536"}],"wp:featuredmedia":[{"embeddable":true,"href":"https:\/\/tonkincraft.vn\/vn\/wp-json\/wp\/v2\/media\/2732"}],"wp:attachment":[{"href":"https:\/\/tonkincraft.vn\/vn\/wp-json\/wp\/v2\/media?parent=1536"}],"wp:term":[{"taxonomy":"product_brand","embeddable":true,"href":"https:\/\/tonkincraft.vn\/vn\/wp-json\/wp\/v2\/product_brand?post=1536"},{"taxonomy":"product_cat","embeddable":true,"href":"https:\/\/tonkincraft.vn\/vn\/wp-json\/wp\/v2\/product_cat?post=1536"},{"taxonomy":"product_tag","embeddable":true,"href":"https:\/\/tonkincraft.vn\/vn\/wp-json\/wp\/v2\/product_tag?post=1536"}],"curies":[{"name":"wp","href":"https:\/\/api.w.org\/{rel}","templated":true}]}}