{"id":1527,"date":"2022-08-31T23:16:51","date_gmt":"2022-08-31T16:16:51","guid":{"rendered":"https:\/\/tonkincraft.vn\/vn\/?post_type=product&#038;p=1527"},"modified":"2025-10-07T21:22:06","modified_gmt":"2025-10-07T14:22:06","slug":"kieng-dong-chu-tho-duoi-ca","status":"publish","type":"product","link":"https:\/\/tonkincraft.vn\/vn\/product\/kieng-dong-chu-tho-duoi-ca\/","title":{"rendered":"Ki\u1ec1ng \u0110\u1ed3ng Ch\u1eef Th\u1ecd L\u00e1 C\u00fac C\u1ed5 Th\u1ee7 C\u00f4ng"},"content":{"rendered":"<article class=\"text-token-text-primary w-full focus:outline-none scroll-mt-[calc(var(--header-height)+min(200px,max(70px,20svh)))]\" dir=\"auto\" tabindex=\"-1\" data-turn-id=\"request-68e49a41-2c98-8320-9551-82c65397f7b8-52\" data-testid=\"conversation-turn-112\" data-scroll-anchor=\"true\" data-turn=\"assistant\">\n<div class=\"text-base my-auto mx-auto pb-10 [--thread-content-margin:--spacing(4)] thread-sm:[--thread-content-margin:--spacing(6)] thread-lg:[--thread-content-margin:--spacing(16)] px-(--thread-content-margin)\">\n<div class=\"[--thread-content-max-width:40rem] thread-lg:[--thread-content-max-width:48rem] mx-auto max-w-(--thread-content-max-width) flex-1 group\/turn-messages focus-visible:outline-hidden relative flex w-full min-w-0 flex-col agent-turn\" tabindex=\"-1\">\n<div class=\"flex max-w-full flex-col grow\">\n<div class=\"min-h-8 text-message relative flex w-full flex-col items-end gap-2 text-start break-words whitespace-normal [.text-message+&amp;]:mt-5\" dir=\"auto\" data-message-author-role=\"assistant\" data-message-id=\"3d35f8a0-91ee-4c1d-9e60-0fc928cde6af\" data-message-model-slug=\"gpt-5\">\n<div class=\"flex w-full flex-col gap-1 empty:hidden first:pt-[1px]\">\n<div class=\"markdown prose dark:prose-invert w-full break-words light markdown-new-styling\">\n<p data-start=\"0\" data-end=\"74\"><strong data-start=\"0\" data-end=\"72\">Ki\u1ec1ng \u0111\u1ed3ng Ch\u1eef Th\u1ecd L\u00e1 C\u00fac C\u1ed5 \u2013 Bi\u1ec3u t\u01b0\u1ee3ng c\u1ee7a ph\u00fac l\u1ed9c v\u00e0 tr\u01b0\u1eddng th\u1ecd<\/strong><\/p>\n<p data-start=\"76\" data-end=\"292\">L\u1ea5y c\u1ea3m h\u1ee9ng t\u1eeb <strong data-start=\"92\" data-end=\"130\">h\u1ecda ti\u1ebft ch\u1eef Th\u1ecd v\u00e0 hoa v\u0103n l\u00e1 c\u00fac<\/strong> trong ngh\u1ec7 thu\u1eadt trang tr\u00ed truy\u1ec1n th\u1ed1ng, chi\u1ebfc <strong data-start=\"178\" data-end=\"210\">Ki\u1ec1ng \u0111\u1ed3ng Ch\u1eef Th\u1ecd L\u00e1 C\u00fac C\u1ed5<\/strong> l\u00e0 s\u1ef1 k\u1ebft h\u1ee3p h\u00e0i h\u00f2a gi\u1eefa <strong data-start=\"238\" data-end=\"260\">\u00fd ngh\u0129a phong th\u1ee7y<\/strong> v\u00e0 <strong data-start=\"264\" data-end=\"289\">v\u1ebb \u0111\u1eb9p c\u1ed5 \u0111i\u1ec3n \u00c1 \u0110\u00f4ng<\/strong>.<\/p>\n<p data-start=\"294\" data-end=\"607\">\u0110\u01b0\u1ee3c <strong data-start=\"299\" data-end=\"349\">g\u00f2 ch\u1ea1m th\u1ee7 c\u00f4ng 100% t\u1eeb \u0111\u1ed3ng v\u00e0ng nguy\u00ean ch\u1ea5t<\/strong> b\u1edfi <strong data-start=\"354\" data-end=\"380\">ngh\u1ec7 nh\u00e2n Tonkin Craft<\/strong>, t\u1eebng n\u00e9t ch\u1eef Th\u1ecd tr\u00f2n \u0111\u1ea7y, c\u1ee5m l\u00e1 c\u00fac u\u1ed1n cong m\u1ec1m m\u1ea1i, gi\u1eef nguy\u00ean <strong data-start=\"449\" data-end=\"469\">v\u00e2n b\u00faa th\u1ee7 c\u00f4ng<\/strong> \u2013 d\u1ea5u \u1ea5n c\u1ee7a s\u1ef1 t\u1ec9 m\u1ec9 v\u00e0 \u0111\u1ed9c b\u1ea3n. \u00c1nh \u0111\u1ed3ng m\u1edd c\u1ed5 \u0111i\u1ec3n ph\u1ea3n chi\u1ebfu \u00e1nh s\u00e1ng d\u1ecbu \u1ea5m, mang \u0111\u1ebfn c\u1ea3m gi\u00e1c <strong data-start=\"570\" data-end=\"604\">an y\u00ean, b\u1ec1n v\u1eefng v\u00e0 sang tr\u1ecdng<\/strong>.<\/p>\n<p data-start=\"609\" data-end=\"625\">\ud83d\udee0 <strong data-start=\"612\" data-end=\"623\">Ch\u1ebf t\u00e1c<\/strong><\/p>\n<ul data-start=\"626\" data-end=\"764\">\n<li data-start=\"626\" data-end=\"671\">\n<p data-start=\"628\" data-end=\"671\">Th\u1ee7 c\u00f4ng 100% b\u1edfi ngh\u1ec7 nh\u00e2n Tonkin Craft.<\/p>\n<\/li>\n<li data-start=\"672\" data-end=\"715\">\n<p data-start=\"674\" data-end=\"715\">G\u00f2 ch\u1ea1m ch\u1eef Th\u1ecd v\u00e0 l\u00e1 c\u00fac n\u1ed5i tinh x\u1ea3o.<\/p>\n<\/li>\n<li data-start=\"716\" data-end=\"764\">\n<p data-start=\"718\" data-end=\"764\">\u00c1nh \u0111\u1ed3ng tr\u1ea7m c\u1ed5, c\u00e0ng d\u00f9ng c\u00e0ng l\u00ean m\u00e0u \u1ea5m.<\/p>\n<\/li>\n<\/ul>\n<p data-start=\"766\" data-end=\"1003\">\ud83c\udf3f <strong data-start=\"769\" data-end=\"790\">\u00dd ngh\u0129a &amp; s\u1eed d\u1ee5ng<\/strong><br data-start=\"790\" data-end=\"793\" \/>Chi\u1ebfc ki\u1ec1ng t\u01b0\u1ee3ng tr\u01b0ng cho <strong data-start=\"821\" data-end=\"841\">ph\u00fac \u2013 l\u1ed9c \u2013 th\u1ecd<\/strong>, l\u00e0 <strong data-start=\"846\" data-end=\"891\">l\u1eddi ch\u00fac b\u00ecnh an, tr\u01b0\u1eddng t\u1ed3n v\u00e0 h\u1ea1nh ph\u00fac<\/strong>. Ph\u00f9 h\u1ee3p cho <strong data-start=\"905\" data-end=\"945\">l\u1ec5 T\u1ebft, d\u1ecbp sum h\u1ecdp, s\u1ef1 ki\u1ec7n v\u0103n h\u00f3a<\/strong>, ho\u1eb7c l\u00e0m <strong data-start=\"956\" data-end=\"976\">qu\u00e0 t\u1eb7ng cao c\u1ea5p<\/strong> cho ng\u01b0\u1eddi th\u00e2n, \u0111\u1ed1i t\u00e1c.<\/p>\n<p data-start=\"1005\" data-end=\"1039\">\ud83d\udc9b <strong data-start=\"1008\" data-end=\"1037\">C\u00e1ch ph\u1ed1i c\u00f9ng trang ph\u1ee5c<\/strong><\/p>\n<ul data-start=\"1040\" data-end=\"1231\">\n<li data-start=\"1040\" data-end=\"1099\">\n<p data-start=\"1042\" data-end=\"1099\"><strong data-start=\"1042\" data-end=\"1062\">\u00c1o d\u00e0i l\u1ee5a, g\u1ea5m:<\/strong> t\u00f4n n\u00e9t trang nh\u00e3 v\u00e0 truy\u1ec1n th\u1ed1ng.<\/p>\n<\/li>\n<li data-start=\"1100\" data-end=\"1162\">\n<p data-start=\"1102\" data-end=\"1162\"><strong data-start=\"1102\" data-end=\"1119\">\u0110\u1ea7m t\u1ed1i gi\u1ea3n:<\/strong> \u00e1nh \u0111\u1ed3ng tr\u1edf th\u00e0nh \u0111i\u1ec3m nh\u1ea5n sang tr\u1ecdng.<\/p>\n<\/li>\n<li data-start=\"1163\" data-end=\"1231\">\n<p data-start=\"1165\" data-end=\"1231\"><strong data-start=\"1165\" data-end=\"1198\">Trang ph\u1ee5c th\u1ee7 c\u00f4ng t\u1ef1 nhi\u00ean:<\/strong> g\u1ee3i v\u1ebb ho\u00e0i c\u1ed5 m\u00e0 thanh tho\u00e1t.<\/p>\n<\/li>\n<\/ul>\n<p data-start=\"1233\" data-end=\"1260\">\u2728 <strong data-start=\"1235\" data-end=\"1258\">Ch\u0103m s\u00f3c &amp; b\u1ea3o qu\u1ea3n<\/strong><\/p>\n<ul data-start=\"1261\" data-end=\"1416\">\n<li data-start=\"1261\" data-end=\"1311\">\n<p data-start=\"1263\" data-end=\"1311\">Lau kh\u00f4 sau khi \u0111eo, tr\u00e1nh n\u01b0\u1edbc hoa, h\u00f3a ch\u1ea5t.<\/p>\n<\/li>\n<li data-start=\"1312\" data-end=\"1364\">\n<p data-start=\"1314\" data-end=\"1364\">B\u1ea3o qu\u1ea3n n\u01a1i kh\u00f4 r\u00e1o, trong t\u00fai v\u1ea3i ho\u1eb7c h\u1ed9p g\u1ed7.<\/p>\n<\/li>\n<li data-start=\"1365\" data-end=\"1416\">\n<p data-start=\"1367\" data-end=\"1416\">Khi h\u01a1i x\u1ec9n, \u0111\u00e1nh b\u00f3ng nh\u1eb9 \u0111\u1ec3 \u00e1nh \u0111\u1ed3ng tr\u1edf l\u1ea1i.<\/p>\n<\/li>\n<\/ul>\n<p data-start=\"1418\" data-end=\"1627\" data-is-last-node=\"\" data-is-only-node=\"\"><strong data-start=\"1418\" data-end=\"1450\">Ki\u1ec1ng \u0111\u1ed3ng Ch\u1eef Th\u1ecd L\u00e1 C\u00fac C\u1ed5<\/strong> kh\u00f4ng ch\u1ec9 l\u00e0 trang s\u1ee9c, m\u00e0 l\u00e0 <strong data-start=\"1481\" data-end=\"1526\">m\u1ed9t bi\u1ec3u t\u01b0\u1ee3ng c\u1ee7a may m\u1eafn v\u00e0 di s\u1ea3n Vi\u1ec7t<\/strong>, n\u01a1i b\u00e0n tay ngh\u1ec7 nh\u00e2n Tonkin Craft g\u1eedi g\u1eafm <strong data-start=\"1571\" data-end=\"1595\">l\u1eddi ch\u00fac th\u1ecd d\u00e0i l\u00e2u<\/strong> qua t\u1eebng \u0111\u01b0\u1eddng g\u00f2 ch\u1ea1m tinh t\u1ebf.<\/p>\n<\/div>\n<\/div>\n<\/div>\n<\/div>\n<\/div>\n<\/div>\n<\/article>\n","protected":false},"excerpt":{"rendered":"<p data-start=\"76\" data-end=\"324\">L\u1ea5y c\u1ea3m h\u1ee9ng t\u1eeb <strong data-start=\"92\" data-end=\"143\">h\u1ecda ti\u1ebft ch\u1eef Th\u1ecd v\u00e0 hoa v\u0103n l\u00e1 c\u00fac truy\u1ec1n th\u1ed1ng<\/strong>, chi\u1ebfc <strong data-start=\"151\" data-end=\"183\">ki\u1ec1ng \u0111\u1ed3ng Ch\u1eef Th\u1ecd L\u00e1 C\u00fac C\u1ed5<\/strong> \u0111\u01b0\u1ee3c <strong data-start=\"189\" data-end=\"227\">g\u00f2 ch\u1ea1m th\u1ee7 c\u00f4ng 100% t\u1eeb \u0111\u1ed3ng v\u00e0ng<\/strong> b\u1edfi <strong data-start=\"232\" data-end=\"258\">ngh\u1ec7 nh\u00e2n Tonkin Craft<\/strong>, mang v\u1ebb \u0111\u1eb9p <strong data-start=\"272\" data-end=\"321\">c\u1ed5 \u0111i\u1ec3n, sang tr\u1ecdng v\u00e0 \u0111\u1eadm \u00fd ngh\u0129a phong th\u1ee7y<\/strong>.<\/p>\n<p data-start=\"326\" data-end=\"538\" data-is-last-node=\"\" data-is-only-node=\"\">T\u1eebng \u0111\u01b0\u1eddng ch\u1ea1m tinh x\u1ea3o, \u00e1nh \u0111\u1ed3ng tr\u1ea7m \u1ea5m v\u00e0 v\u00e2n b\u00faa th\u1ee7 c\u00f4ng \u0111\u1ed9c b\u1ea3n t\u1ea1o n\u00ean <strong data-start=\"405\" data-end=\"449\">t\u00e1c ph\u1ea9m bi\u1ec3u tr\u01b0ng cho ph\u00fac \u2013 l\u1ed9c \u2013 th\u1ecd<\/strong>, ph\u00f9 h\u1ee3p l\u00e0m <strong data-start=\"463\" data-end=\"498\">trang s\u1ee9c ho\u1eb7c qu\u00e0 t\u1eb7ng may m\u1eafn<\/strong>, t\u00f4n n\u00e9t <strong data-start=\"508\" data-end=\"537\">thanh nh\u00e3 v\u00e0 b\u1ea3n s\u1eafc Vi\u1ec7t<\/strong>.<\/p>\n<p>Th\u00f4ng tin chi ti\u1ebft SP:<\/p>\n<p>\u2013 Ch\u1ea5t li\u1ec7u: \u0110\u1ed3ng thau nguy\u00ean ch\u1ea5t<\/p>\n<p>\u2013 Nh\u1eadn l\u00e0m theo m\u1eabu, k\u00edch th\u01b0\u1edbc y\u00eau c\u1ea7u<\/p>\n<p>Kh\u00e1c bi\u1ec7t v\u1edbi nh\u1eefng m\u1eabu v\u00f2ng hi\u1ec7n \u0111\u1ea1i, v\u00f2ng ki\u1ec1ng l\u00e1 t\u1ea1i Tonkin Craft ch\u00ednh l\u00e0 \u201c\u0111\u1eb7c s\u1ea3n\u201d, l\u00e0m t\u00f4n l\u00ean n\u00e9t \u0111\u1eb9p truy\u1ec1n th\u1ed1ng v\u1ed1n c\u00f3 c\u1ee7a t\u00e0 \u00e1o d\u00e0i, \u00e1o l\u1ee5a. V\u1edbi k\u1ebft c\u1ea5u l\u00e0 chi\u1ebfc ki\u1ec1ng m\u1edf v\u00e0 l\u00e1, l\u00e0m \u0111i\u1ec3m nh\u1ea5n cho trang ph\u1ee5c th\u00eam ph\u1ea7n kh\u00e1c bi\u1ec7t v\u00e0 n\u1ed5i b\u1eadt g\u01b0\u01a1ng m\u1eb7t.<\/p>\n","protected":false},"featured_media":1521,"comment_status":"open","ping_status":"closed","template":"","meta":[],"product_brand":[],"product_cat":[286,204],"product_tag":[212,222,237,219,216,220,236,221,218,217],"class_list":{"0":"post-1527","1":"product","2":"type-product","3":"status-publish","4":"has-post-thumbnail","6":"product_cat-kieng","7":"product_cat-kieng-vong-co","8":"product_tag-brass-hair-pin","9":"product_tag-kieng-ao-dai","10":"product_tag-kieng-ao-lua","11":"product_tag-kieng-deo-co","12":"product_tag-kieng-dong","13":"product_tag-kieng-hoa-sen","14":"product_tag-kieng-la","15":"product_tag-phu-kien-dong","16":"product_tag-vong-co","17":"product_tag-vong-dong","19":"first","20":"instock","21":"shipping-taxable","22":"product-type-simple"},"aioseo_notices":[],"_links":{"self":[{"href":"https:\/\/tonkincraft.vn\/vn\/wp-json\/wp\/v2\/product\/1527","targetHints":{"allow":["GET"]}}],"collection":[{"href":"https:\/\/tonkincraft.vn\/vn\/wp-json\/wp\/v2\/product"}],"about":[{"href":"https:\/\/tonkincraft.vn\/vn\/wp-json\/wp\/v2\/types\/product"}],"replies":[{"embeddable":true,"href":"https:\/\/tonkincraft.vn\/vn\/wp-json\/wp\/v2\/comments?post=1527"}],"wp:featuredmedia":[{"embeddable":true,"href":"https:\/\/tonkincraft.vn\/vn\/wp-json\/wp\/v2\/media\/1521"}],"wp:attachment":[{"href":"https:\/\/tonkincraft.vn\/vn\/wp-json\/wp\/v2\/media?parent=1527"}],"wp:term":[{"taxonomy":"product_brand","embeddable":true,"href":"https:\/\/tonkincraft.vn\/vn\/wp-json\/wp\/v2\/product_brand?post=1527"},{"taxonomy":"product_cat","embeddable":true,"href":"https:\/\/tonkincraft.vn\/vn\/wp-json\/wp\/v2\/product_cat?post=1527"},{"taxonomy":"product_tag","embeddable":true,"href":"https:\/\/tonkincraft.vn\/vn\/wp-json\/wp\/v2\/product_tag?post=1527"}],"curies":[{"name":"wp","href":"https:\/\/api.w.org\/{rel}","templated":true}]}}