{"id":1449,"date":"2022-08-30T15:17:13","date_gmt":"2022-08-30T08:17:13","guid":{"rendered":"https:\/\/tonkincraft.vn\/vn\/?post_type=product&#038;p=1449"},"modified":"2025-10-07T12:24:39","modified_gmt":"2025-10-07T05:24:39","slug":"tram-dong-hinh-la-oak","status":"publish","type":"product","link":"https:\/\/tonkincraft.vn\/vn\/product\/tram-dong-hinh-la-oak\/","title":{"rendered":"Tr\u00e2m \u0110\u1ed3ng \u0110\u1ecf L\u00e1 Oak- Tr\u00e2m C\u00e0i T\u00f3c Th\u1ee7 C\u00f4ng"},"content":{"rendered":"<p>Tr\u00e2m \u0111\u1ed3ng h\u00ecnh l\u00e1 Oak thi\u1ebft k\u1ebf m\u1ed9c m\u1ea1c, \u0111\u1ed9c l\u1ea1, \u0111\u01a1n gi\u1ea3n.<br \/>\n* S\u1ea3n ph\u1ea9m \u0111\u01b0\u1ee3c g\u00f2, ch\u1ea1m tay t\u1eeb \u0111\u1ed3ng nguy\u00ean ch\u1ea5t b\u1edfi th\u1ee3 th\u1ee7 c\u00f4ng Tonkin Craft, Vi\u1ec7t Nam l\u00e0nh ngh\u1ec1.<br \/>\n* S\u1ea3n ph\u1ea9m ph\u00f9 h\u1ee3p cho m\u1ecdi ng\u01b0\u1eddi \u0111eo \u0111i ch\u01a1i, \u0111i l\u00e0m, \u0111i ch\u1ee5p \u1ea3nh ho\u1eb7c \u0111\u1ec3 tr\u01b0ng b\u00e0y, l\u00e0m qu\u00e0 t\u1eb7ng cho b\u1ea1n b\u00e8, ng\u01b0\u1eddi th\u00e2n, \u0111\u1ed1i t\u00e1c, kh\u00e1ch h\u00e0ng v\u00e0o c\u00e1c d\u1ecbp \u0111\u1eb7c bi\u1ec7t,&#8230;<\/p>\n<p><strong>S\u1ef1 \u0111\u1ed9c \u0111\u00e1o kh\u00e1c bi\u1ec7t c\u1ee7a \u0111\u1ed3ng Tonkin Craft: <\/strong>\u0110\u1ed3 \u0111\u1ed3ng t\u1ea1i Tonkin Craft \u0111\u1ec1u \u0111\u01b0\u1ee3c l\u00e0m ho\u00e0n to\u00e0n th\u1ee7 c\u00f4ng b\u1eb1ng tay, \u0111\u1ec1u t\u1ec9 m\u1ec9 t\u1eeb kh\u00e2u ch\u1ecdn nguy\u00ean li\u1ec7u, thi\u1ebft k\u1ebf s\u1ea3n ph\u1ea9m, g\u00f2, ch\u1ea1m t\u1eebng chi ti\u1ebft \u0111\u1ebfn kh\u00e2u \u0111\u00e1nh b\u00f3ng m\u1edd t\u1ef1 nhi\u00ean ph\u00f9 h\u1ee3p s\u1eed d\u1ee5ng h\u00e0ng ng\u00e0y.<\/p>\n<p><strong>Ch\u1ea5t l\u01b0\u1ee3ng: <\/strong>\u0110\u1ed3 \u0111\u1ed3ng Tonkin Craft r\u1ea5t b\u1ec1n, \u0111\u1eb9p theo th\u1eddi gian. Th\u00e0nh ph\u1ea7n \u0111\u1ed3ng thau, \u0111\u1ed3ng \u0111\u1ecf nguy\u00ean ch\u1ea5t. C\u00e1c s\u1ea3n ph\u1ea9m c\u1ee7a Tonkin Craft c\u00f3 chi\u1ec1u s\u00e2u, l\u00e0 s\u1ef1 k\u1ebft h\u1ee3p gi\u1eefa v\u0103n h\u00f3a \u00c1 \u0110\u00f4ng truy\u1ec1n th\u1ed1ng v\u00e0 v\u0103n h\u00f3a ph\u01b0\u01a1ng T\u00e2y hi\u1ec7n \u0111\u1ea1i.<\/p>\n<p><strong>H\u01b0\u1edbng d\u1eabn s\u1eed d\u1ee5ng: <\/strong>Khi d\u00f9ng m\u1ed9t th\u1eddi gian s\u1ea3n ph\u1ea9m s\u1ebd xu\u1ed1ng m\u00e0u t\u1ed1i h\u01a1n, b\u1ea1n c\u00f3 th\u1ec3 d\u00f9ng chanh, gi\u1ea5m \u0111\u1ec3 \u0111\u00e1nh b\u00f3ng l\u1ea1i s\u1ea3n ph\u1ea9m s\u1ebd s\u00e1ng nh\u01b0 m\u1edbi.<\/p>\n","protected":false},"excerpt":{"rendered":"<p>Tr\u00e2m \u0111\u1ed3ng h\u00ecnh l\u00e1 Oak thi\u1ebft k\u1ebf m\u1ed9c m\u1ea1c, \u0111\u1ed9c l\u1ea1, \u0111\u01a1n gi\u1ea3n, m\u1edbi m\u1ebb v\u1edbi h\u00ecnh \u1ea3nh c\u00e2y n\u1ea5m nh\u1ecf, chi\u1ebfc tr\u00e2m \u0111\u1ed3ng \u0111\u1ed3ng lu\u00f4n l\u00e0 m\u1ed9t m\u00f3n ph\u1ee5 ki\u1ec7n \u0111\u01b0\u1ee3c c\u00e1c ch\u1ecb em \u01b0a th\u00edch. S\u1ea3n ph\u1ea9m \u0111\u01b0\u1ee3c ch\u1ebf t\u00e1c c\u1ef1c k\u1ef3 tinh x\u1ea3o tr\u00ean ch\u1ea5t li\u1ec7u \u0111\u1ed3ng \u0111\u1ecf v\u00e0 thau \u0111\u00f2i h\u1ecfi s\u1ef1 t\u1ec9 m\u1ec9 cao trong t\u1eebng \u0111\u01b0\u1eddng n\u00e9t b\u1edfi c\u00e1c ngh\u1ec7 nh\u00e2n.<\/p>\n<p>Th\u00f4ng tin chi ti\u1ebft SP:<\/p>\n<p>&#8211; Ch\u1ea5t li\u1ec7u: \u0110\u1ed3ng \u0111\u1ecf, thau nguy\u00ean ch\u1ea5t<\/p>\n<p>&#8211; Ph\u01b0\u01a1ng c\u00e1ch ch\u1ebf t\u1ea1o: Th\u1ee7 c\u00f4ng, g\u00f2 tay<\/p>\n<p>&#8211; Xu\u1ea5t x\u1ee9: Vi\u1ec7t Nam<\/p>\n<p>&#8211; M\u00e0u s\u1eafc: V\u00e0ng\/ \u0110\u1ecf<\/p>\n<p>&#8211; K\u00edch th\u01b0\u1edbc: chi\u1ec1u d\u00e0i 16cm<\/p>\n<p>&#8211; Nh\u1eadn l\u00e0m theo m\u1eabu, k\u00edch th\u01b0\u1edbc y\u00eau c\u1ea7u<\/p>\n","protected":false},"featured_media":1434,"comment_status":"open","ping_status":"closed","template":"","meta":[],"product_brand":[],"product_cat":[205],"product_tag":[212,213,214,227,209,215,210,235,211],"class_list":{"0":"post-1449","1":"product","2":"type-product","3":"status-publish","4":"has-post-thumbnail","6":"product_cat-tram-cai-toc","7":"product_tag-brass-hair-pin","8":"product_tag-phu-kien-toc","9":"product_tag-tram-ao-dai","10":"product_tag-tram-bac","11":"product_tag-tram-cai-toc","12":"product_tag-tram-co-phuc","13":"product_tag-tram-dong","14":"product_tag-tram-nam","15":"product_tag-tram-thu-cong","17":"first","18":"instock","19":"shipping-taxable","20":"product-type-simple"},"aioseo_notices":[],"_links":{"self":[{"href":"https:\/\/tonkincraft.vn\/vn\/wp-json\/wp\/v2\/product\/1449","targetHints":{"allow":["GET"]}}],"collection":[{"href":"https:\/\/tonkincraft.vn\/vn\/wp-json\/wp\/v2\/product"}],"about":[{"href":"https:\/\/tonkincraft.vn\/vn\/wp-json\/wp\/v2\/types\/product"}],"replies":[{"embeddable":true,"href":"https:\/\/tonkincraft.vn\/vn\/wp-json\/wp\/v2\/comments?post=1449"}],"wp:featuredmedia":[{"embeddable":true,"href":"https:\/\/tonkincraft.vn\/vn\/wp-json\/wp\/v2\/media\/1434"}],"wp:attachment":[{"href":"https:\/\/tonkincraft.vn\/vn\/wp-json\/wp\/v2\/media?parent=1449"}],"wp:term":[{"taxonomy":"product_brand","embeddable":true,"href":"https:\/\/tonkincraft.vn\/vn\/wp-json\/wp\/v2\/product_brand?post=1449"},{"taxonomy":"product_cat","embeddable":true,"href":"https:\/\/tonkincraft.vn\/vn\/wp-json\/wp\/v2\/product_cat?post=1449"},{"taxonomy":"product_tag","embeddable":true,"href":"https:\/\/tonkincraft.vn\/vn\/wp-json\/wp\/v2\/product_tag?post=1449"}],"curies":[{"name":"wp","href":"https:\/\/api.w.org\/{rel}","templated":true}]}}