{"id":1382,"date":"2022-08-29T17:52:24","date_gmt":"2022-08-29T10:52:24","guid":{"rendered":"https:\/\/tonkincraft.vn\/vn\/?post_type=product&#038;p=1382"},"modified":"2025-10-07T12:28:53","modified_gmt":"2025-10-07T05:28:53","slug":"tram-dong-la-ginkgo-2","status":"publish","type":"product","link":"https:\/\/tonkincraft.vn\/vn\/product\/tram-dong-la-ginkgo-2\/","title":{"rendered":"Tr\u00e2m \u0110\u1ed3ng L\u00e1 B\u1ea1ch Q\u1ee7a Th\u1eb3ng &#8211; Tr\u00e2m C\u00e0i T\u00f3c Th\u1ee7 C\u00f4ng"},"content":{"rendered":"<p data-start=\"0\" data-end=\"62\"><strong data-start=\"0\" data-end=\"60\">Tr\u00e2m \u0111\u1ed3ng L\u00e1 B\u1ea1ch Qu\u1ea3 \u2013 Thanh khi\u1ebft, c\u00e2n b\u1eb1ng v\u00e0 tinh t\u1ebf<\/strong><\/p>\n<p data-start=\"64\" data-end=\"358\">L\u1ea5y c\u1ea3m h\u1ee9ng t\u1eeb h\u00ecnh d\u00e1ng l\u00e1 B\u1ea1ch Qu\u1ea3 \u2013 lo\u00e0i c\u00e2y bi\u1ec3u tr\u01b0ng cho <strong data-start=\"128\" data-end=\"174\">s\u1ef1 tr\u01b0\u1eddng th\u1ecd, tr\u00ed tu\u1ec7 v\u00e0 c\u00e2n b\u1eb1ng n\u1ed9i t\u00e2m<\/strong>, <strong data-start=\"176\" data-end=\"201\">Tr\u00e2m \u0111\u1ed3ng L\u00e1 B\u1ea1ch Qu\u1ea3<\/strong> \u0111\u01b0\u1ee3c ch\u1ebf t\u00e1c ho\u00e0n to\u00e0n th\u1ee7 c\u00f4ng t\u1eeb <strong data-start=\"237\" data-end=\"262\">\u0111\u1ed3ng v\u00e0ng nguy\u00ean ch\u1ea5t<\/strong> b\u1edfi <strong data-start=\"267\" data-end=\"293\">ngh\u1ec7 nh\u00e2n Tonkin Craft<\/strong>, l\u01b0u gi\u1eef n\u00e9t tinh x\u1ea3o v\u00e0 h\u1ed3n Vi\u1ec7t trong t\u1eebng chi ti\u1ebft g\u00f2 ch\u1ea1m.<\/p>\n<p data-start=\"360\" data-end=\"508\">M\u1ed7i chi\u1ebfc tr\u00e2m mang d\u00e1ng l\u00e1 m\u1ec1m m\u1ea1i, \u0111\u01b0\u1eddng cong t\u1ef1 nhi\u00ean, \u00e1nh \u0111\u1ed3ng m\u1edd c\u1ed5 \u0111i\u1ec3n \u2013 h\u00f2a quy\u1ec7n gi\u1eefa v\u1ebb \u0111\u1eb9p truy\u1ec1n th\u1ed1ng v\u00e0 tinh th\u1ea7n t\u1ed1i gi\u1ea3n hi\u1ec7n \u0111\u1ea1i.<\/p>\n<p data-start=\"510\" data-end=\"544\">\ud83c\udf3f <strong data-start=\"513\" data-end=\"542\">C\u00e1ch ph\u1ed1i c\u00f9ng trang ph\u1ee5c<\/strong><\/p>\n<ul data-start=\"545\" data-end=\"810\">\n<li data-start=\"545\" data-end=\"635\">\n<p data-start=\"547\" data-end=\"635\"><strong data-start=\"547\" data-end=\"570\">\u00c1o d\u00e0i ho\u1eb7c \u00e1o y\u1ebfm:<\/strong> gi\u1eef n\u00e9t c\u1ed5 \u0111i\u1ec3n, duy\u00ean d\u00e1ng, t\u00f4n l\u00ean v\u1ebb \u0111\u1eb9p truy\u1ec1n th\u1ed1ng Vi\u1ec7t.<\/p>\n<\/li>\n<li data-start=\"636\" data-end=\"723\">\n<p data-start=\"638\" data-end=\"723\"><strong data-start=\"638\" data-end=\"663\">V\u00e1y linen, \u0111\u1ea7m su\u00f4ng:<\/strong> t\u1ea1o \u0111i\u1ec3m nh\u1ea5n nh\u1eb9 nh\u00e0ng, organic cho phong c\u00e1ch t\u1ef1 nhi\u00ean.<\/p>\n<\/li>\n<li data-start=\"724\" data-end=\"810\">\n<p data-start=\"726\" data-end=\"810\"><strong data-start=\"726\" data-end=\"750\">Trang ph\u1ee5c t\u1ed1i gi\u1ea3n:<\/strong> chi\u1ebfc l\u00e1 \u00e1nh \u0111\u1ed3ng tr\u1edf th\u00e0nh chi ti\u1ebft thanh l\u1ecbch, tinh t\u1ebf.<\/p>\n<\/li>\n<\/ul>\n<p data-start=\"812\" data-end=\"941\">\ud83d\udee0 <strong data-start=\"815\" data-end=\"827\">Ch\u1ebf t\u00e1c:<\/strong> Th\u1ee7 c\u00f4ng 100% b\u1edfi ngh\u1ec7 nh\u00e2n Tonkin Craft \u2013 t\u1ec9 m\u1ec9 t\u1eeb kh\u00e2u ch\u1ecdn \u0111\u1ed3ng, g\u00f2 ch\u1ea1m t\u1ea1o h\u00ecnh \u0111\u1ebfn \u0111\u00e1nh b\u00f3ng m\u1edd t\u1ef1 nhi\u00ean.<\/p>\n<p data-start=\"943\" data-end=\"1091\">\ud83c\udf81 <strong data-start=\"946\" data-end=\"959\">\u1ee8ng d\u1ee5ng:<\/strong> Ph\u00f9 h\u1ee3p \u0111eo h\u1eb1ng ng\u00e0y, d\u1ef1 ti\u1ec7c, ch\u1ee5p \u1ea3nh \u00e1o d\u00e0i ho\u1eb7c l\u00e0m qu\u00e0 t\u1eb7ng \u00fd ngh\u0129a cho b\u1ea1n b\u00e8, ng\u01b0\u1eddi th\u00e2n, \u0111\u1ed1i t\u00e1c trong c\u00e1c d\u1ecbp \u0111\u1eb7c bi\u1ec7t.<\/p>\n<p data-start=\"1093\" data-end=\"1272\">\ud83c\udf38 <strong data-start=\"1096\" data-end=\"1137\">S\u1ef1 kh\u00e1c bi\u1ec7t c\u1ee7a \u0111\u1ed3 \u0111\u1ed3ng Tonkin Craft<\/strong><br data-start=\"1137\" data-end=\"1140\" \/>M\u1ed7i s\u1ea3n ph\u1ea9m l\u00e0 <strong data-start=\"1156\" data-end=\"1167\">\u0111\u1ed9c b\u1ea3n<\/strong>, kh\u00f4ng khu\u00f4n \u0111\u00fac, th\u1ec3 hi\u1ec7n s\u1ef1 giao thoa gi\u1eefa v\u0103n h\u00f3a \u00c1 \u0110\u00f4ng tinh t\u1ebf v\u00e0 phong c\u00e1ch ph\u01b0\u01a1ng T\u00e2y hi\u1ec7n \u0111\u1ea1i.<\/p>\n<p data-start=\"1274\" data-end=\"1304\">\ud83d\udc9b <strong data-start=\"1277\" data-end=\"1302\">Ch\u1ea5t l\u01b0\u1ee3ng &amp; B\u1ea3o qu\u1ea3n<\/strong><\/p>\n<ul data-start=\"1305\" data-end=\"1541\">\n<li data-start=\"1305\" data-end=\"1390\">\n<p data-start=\"1307\" data-end=\"1390\">\u0110\u1ed3ng c\u00e0ng d\u00f9ng c\u00e0ng l\u00ean m\u00e0u tr\u1ea7m \u1ea5m \u2013 bi\u1ec3u t\u01b0\u1ee3ng c\u1ee7a th\u1eddi gian v\u00e0 d\u1ea5u \u1ea5n c\u00e1 nh\u00e2n.<\/p>\n<\/li>\n<li data-start=\"1391\" data-end=\"1450\">\n<p data-start=\"1393\" data-end=\"1450\">L\u00e0m s\u00e1ng b\u1eb1ng <strong data-start=\"1407\" data-end=\"1439\">chanh, gi\u1ea5m ho\u1eb7c baking soda<\/strong> khi c\u1ea7n.<\/p>\n<\/li>\n<li data-start=\"1451\" data-end=\"1541\">\n<p data-start=\"1453\" data-end=\"1541\">Tr\u00e1nh ti\u1ebfp x\u00fac tr\u1ef1c ti\u1ebfp v\u1edbi h\u00f3a ch\u1ea5t, b\u1ea3o qu\u1ea3n n\u01a1i kh\u00f4 r\u00e1o trong t\u00fai v\u1ea3i ho\u1eb7c h\u1ed9p g\u1ed7.<\/p>\n<\/li>\n<\/ul>\n<p data-start=\"1543\" data-end=\"1758\"><strong data-start=\"1543\" data-end=\"1568\">Tr\u00e2m \u0111\u1ed3ng L\u00e1 B\u1ea1ch Qu\u1ea3<\/strong> kh\u00f4ng ch\u1ec9 l\u00e0 ph\u1ee5 ki\u1ec7n c\u00e0i t\u00f3c, m\u00e0 c\u00f2n l\u00e0 m\u1ed9t bi\u1ec3u t\u01b0\u1ee3ng c\u1ee7a <strong data-start=\"1629\" data-end=\"1670\">v\u1ebb \u0111\u1eb9p c\u00e2n b\u1eb1ng v\u00e0 tinh th\u1ea7n an nhi\u00ean<\/strong> \u2013 n\u01a1i b\u00e0n tay ng\u01b0\u1eddi ngh\u1ec7 nh\u00e2n Tonkin Craft g\u1eedi g\u1eafm linh h\u1ed3n c\u1ee7a \u0111\u1ed3ng v\u00e0 v\u0103n h\u00f3a Vi\u1ec7t.<\/p>\n","protected":false},"excerpt":{"rendered":"<p>Tr\u00e2m \u0111\u1ed3ng L\u00e1 B\u1ea1ch Qu\u1ea3 \u2013 bi\u1ec3u t\u01b0\u1ee3ng c\u1ee7a tr\u00ed tu\u1ec7, c\u00e2n b\u1eb1ng v\u00e0 s\u1ef1 tr\u01b0\u1eddng t\u1ed3n. Ch\u1ebf t\u00e1c th\u1ee7 c\u00f4ng t\u1eeb \u0111\u1ed3ng v\u00e0ng nguy\u00ean ch\u1ea5t b\u1edfi ngh\u1ec7 nh\u00e2n Tonkin Craft, mang v\u1ebb \u0111\u1eb9p tinh gi\u1ea3n v\u00e0 thanh khi\u1ebft.<\/p>\n<p>Th\u00f4ng tin chi ti\u1ebft SP:<\/p>\n<p>&#8211; Ch\u1ea5t li\u1ec7u: \u0110\u1ed3ng \u0111\u1ecf, thau nguy\u00ean ch\u1ea5t<\/p>\n<p>&#8211; M\u00e0u s\u1eafc: V\u00e0ng\/ \u0110\u1ecf<\/p>\n<p>&#8211; K\u00edch th\u01b0\u1edbc: chi\u1ec1u d\u00e0i 15cm<\/p>\n<p>&#8211; Nh\u1eadn l\u00e0m theo m\u1eabu, k\u00edch th\u01b0\u1edbc y\u00eau c\u1ea7u<\/p>\n","protected":false},"featured_media":2568,"comment_status":"open","ping_status":"closed","template":"","meta":[],"product_brand":[],"product_cat":[280,205],"product_tag":[212,213,214,227,209,215,210,226,225,211],"class_list":{"0":"post-1382","1":"product","2":"type-product","3":"status-publish","4":"has-post-thumbnail","6":"product_cat-bst-la-bach-qua","7":"product_cat-tram-cai-toc","8":"product_tag-brass-hair-pin","9":"product_tag-phu-kien-toc","10":"product_tag-tram-ao-dai","11":"product_tag-tram-bac","12":"product_tag-tram-cai-toc","13":"product_tag-tram-co-phuc","14":"product_tag-tram-dong","15":"product_tag-tram-ha-lien","16":"product_tag-tram-sen","17":"product_tag-tram-thu-cong","19":"first","20":"instock","21":"shipping-taxable","22":"product-type-simple"},"aioseo_notices":[],"_links":{"self":[{"href":"https:\/\/tonkincraft.vn\/vn\/wp-json\/wp\/v2\/product\/1382","targetHints":{"allow":["GET"]}}],"collection":[{"href":"https:\/\/tonkincraft.vn\/vn\/wp-json\/wp\/v2\/product"}],"about":[{"href":"https:\/\/tonkincraft.vn\/vn\/wp-json\/wp\/v2\/types\/product"}],"replies":[{"embeddable":true,"href":"https:\/\/tonkincraft.vn\/vn\/wp-json\/wp\/v2\/comments?post=1382"}],"wp:featuredmedia":[{"embeddable":true,"href":"https:\/\/tonkincraft.vn\/vn\/wp-json\/wp\/v2\/media\/2568"}],"wp:attachment":[{"href":"https:\/\/tonkincraft.vn\/vn\/wp-json\/wp\/v2\/media?parent=1382"}],"wp:term":[{"taxonomy":"product_brand","embeddable":true,"href":"https:\/\/tonkincraft.vn\/vn\/wp-json\/wp\/v2\/product_brand?post=1382"},{"taxonomy":"product_cat","embeddable":true,"href":"https:\/\/tonkincraft.vn\/vn\/wp-json\/wp\/v2\/product_cat?post=1382"},{"taxonomy":"product_tag","embeddable":true,"href":"https:\/\/tonkincraft.vn\/vn\/wp-json\/wp\/v2\/product_tag?post=1382"}],"curies":[{"name":"wp","href":"https:\/\/api.w.org\/{rel}","templated":true}]}}