{"id":1289,"date":"2022-08-28T00:30:40","date_gmt":"2022-08-27T17:30:40","guid":{"rendered":"https:\/\/tonkincraft.vn\/vn\/?post_type=product&#038;p=1289"},"modified":"2025-10-07T12:30:16","modified_gmt":"2025-10-07T05:30:16","slug":"tram-dong-hinh-con-ran-tram-cai-toc","status":"publish","type":"product","link":"https:\/\/tonkincraft.vn\/vn\/product\/tram-dong-hinh-con-ran-tram-cai-toc\/","title":{"rendered":"Tr\u00e2m \u0110\u1ed3ng Ch\u1ea1m H\u00ecnh R\u1eafn -Tr\u00e2m C\u00e0i T\u00f3c Th\u1ee7 C\u00f4ng"},"content":{"rendered":"<h3 data-start=\"148\" data-end=\"212\"><strong data-start=\"152\" data-end=\"212\">Tr\u00e2m \u0111\u1ed3ng ch\u1ea1m h\u00ecnh R\u1eafn \u2013 B\u00ed \u1ea9n, m\u1ea1nh m\u1ebd v\u00e0 \u0111\u1ea7y cu\u1ed1n h\u00fat<\/strong><\/h3>\n<p data-start=\"214\" data-end=\"475\">L\u1ea5y c\u1ea3m h\u1ee9ng t\u1eeb linh v\u1eadt t\u01b0\u1ee3ng tr\u01b0ng cho tr\u00ed tu\u1ec7, s\u1ef1 t\u00e1i sinh v\u00e0 quy\u1ec1n n\u0103ng n\u1ed9i t\u1ea1i, tr\u00e2m c\u00e0i t\u00f3c h\u00ecnh R\u1eafn \u0111\u01b0\u1ee3c ch\u1ebf t\u00e1c ho\u00e0n to\u00e0n th\u1ee7 c\u00f4ng t\u1eeb <strong data-start=\"356\" data-end=\"381\">\u0111\u1ed3ng v\u00e0ng nguy\u00ean ch\u1ea5t<\/strong> b\u1edfi <strong data-start=\"386\" data-end=\"412\">ngh\u1ec7 nh\u00e2n Tonkin Craft<\/strong> \u2013 nh\u1eefng ng\u01b0\u1eddi g\u00ecn gi\u1eef tinh hoa g\u00f2 ch\u1ea1m \u0111\u1ed3ng truy\u1ec1n th\u1ed1ng Vi\u1ec7t.<\/p>\n<p data-start=\"477\" data-end=\"659\">M\u1ed7i chi\u1ebfc tr\u00e2m l\u00e0 m\u1ed9t t\u00e1c ph\u1ea9m \u0111\u1ed9c b\u1ea3n, ch\u1ea1m kh\u1eafc t\u1ec9 m\u1ec9 t\u1eebng chi ti\u1ebft v\u1ea3y r\u1eafn u\u1ed1n l\u01b0\u1ee3n m\u1ec1m m\u1ea1i, bi\u1ec3u tr\u01b0ng cho <strong data-start=\"588\" data-end=\"658\">s\u1ee9c m\u1ea1nh, s\u1ef1 kh\u00e9o l\u00e9o v\u00e0 v\u1ebb \u0111\u1eb9p huy\u1ec1n b\u00ed c\u1ee7a ng\u01b0\u1eddi ph\u1ee5 n\u1eef hi\u1ec7n \u0111\u1ea1i<\/strong>.<\/p>\n<hr data-start=\"661\" data-end=\"664\" \/>\n<p data-start=\"666\" data-end=\"697\"><strong data-start=\"666\" data-end=\"695\">C\u00e1ch ph\u1ed1i c\u00f9ng trang ph\u1ee5c<\/strong><\/p>\n<ul data-start=\"698\" data-end=\"1012\">\n<li data-start=\"698\" data-end=\"768\">\n<p data-start=\"700\" data-end=\"768\"><strong data-start=\"700\" data-end=\"715\">\u00c1o d\u00e0i tr\u01a1n<\/strong>: t\u1ea1o \u0111i\u1ec3m nh\u1ea5n tinh t\u1ebf, \u1ea9n ch\u1ee9a n\u00e9t c\u00e1 t\u00ednh ri\u00eang.<\/p>\n<\/li>\n<li data-start=\"769\" data-end=\"855\">\n<p data-start=\"771\" data-end=\"855\"><strong data-start=\"771\" data-end=\"796\">V\u00e1y linen ho\u1eb7c cotton<\/strong>: mang l\u1ea1i c\u1ea3m gi\u00e1c t\u1ef1 nhi\u00ean, ngh\u1ec7 thu\u1eadt v\u00e0 ph\u00f3ng kho\u00e1ng.<\/p>\n<\/li>\n<li data-start=\"856\" data-end=\"945\">\n<p data-start=\"858\" data-end=\"945\"><strong data-start=\"858\" data-end=\"893\">Trang ph\u1ee5c \u0111en \u2013 tr\u1eafng t\u1ed1i gi\u1ea3n<\/strong>: tr\u00e2m r\u1eafn tr\u1edf th\u00e0nh \u0111i\u1ec3m nh\u1ea5n m\u1ea1nh m\u1ebd v\u00e0 \u0111\u1ed9c \u0111\u00e1o.<\/p>\n<\/li>\n<li data-start=\"946\" data-end=\"1012\">\n<p data-start=\"948\" data-end=\"1012\"><strong data-start=\"948\" data-end=\"965\">S\u01a1 mi c\u1ed5 \u0111i\u1ec3n<\/strong>: k\u1ebft h\u1ee3p gi\u1eefa s\u1ef1 thanh l\u1ecbch v\u00e0 c\u00e1 t\u00ednh ng\u1ea7m.<\/p>\n<\/li>\n<\/ul>\n<hr data-start=\"1014\" data-end=\"1017\" \/>\n<p data-start=\"1019\" data-end=\"1151\"><strong data-start=\"1019\" data-end=\"1031\">Ch\u1ebf t\u00e1c:<\/strong> 100% th\u1ee7 c\u00f4ng b\u1edfi th\u1ee3 l\u00e0nh ngh\u1ec1 Tonkin Craft \u2013 t\u1eeb kh\u00e2u ch\u1ecdn \u0111\u1ed3ng, t\u1ea1o d\u00e1ng, ch\u1ea1m hoa v\u0103n \u0111\u1ebfn \u0111\u00e1nh b\u00f3ng m\u1edd ho\u00e0n thi\u1ec7n.<\/p>\n<p data-start=\"1153\" data-end=\"1335\"><strong data-start=\"1153\" data-end=\"1166\">\u1ee8ng d\u1ee5ng:<\/strong> Ph\u00f9 h\u1ee3p \u0111eo khi \u0111i l\u00e0m, d\u1ea1o ph\u1ed1, d\u1ef1 ti\u1ec7c hay ch\u1ee5p \u1ea3nh trong c\u00e1c d\u1ecbp \u0111\u1eb7c bi\u1ec7t. C\u0169ng l\u00e0 <strong data-start=\"1253\" data-end=\"1277\">m\u00f3n qu\u00e0 t\u1eb7ng \u0111\u1ed9c \u0111\u00e1o<\/strong> mang th\u00f4ng \u0111i\u1ec7p c\u1ee7a s\u1ef1 kh\u00f4n ngoan, may m\u1eafn v\u00e0 t\u00e1i sinh.<\/p>\n<hr data-start=\"1337\" data-end=\"1340\" \/>\n<p data-start=\"1342\" data-end=\"1544\"><strong data-start=\"1342\" data-end=\"1383\">S\u1ef1 kh\u00e1c bi\u1ec7t c\u1ee7a \u0111\u1ed3 \u0111\u1ed3ng Tonkin Craft<\/strong><br data-start=\"1383\" data-end=\"1386\" \/>Kh\u00f4ng khu\u00f4n \u0111\u00fac \u2013 kh\u00f4ng m\u00e1y \u00e9p \u2013 <strong data-start=\"1419\" data-end=\"1479\">m\u1ed7i s\u1ea3n ph\u1ea9m l\u00e0 m\u1ed9t t\u00e1c ph\u1ea9m ngh\u1ec7 thu\u1eadt th\u1ee7 c\u00f4ng \u0111\u1ed9c b\u1ea3n<\/strong>, h\u00f2a quy\u1ec7n gi\u1eefa v\u0103n h\u00f3a \u00c1 \u0110\u00f4ng v\u00e0 th\u1ea9m m\u1ef9 hi\u1ec7n \u0111\u1ea1i ph\u01b0\u01a1ng T\u00e2y.<\/p>\n<hr data-start=\"1546\" data-end=\"1549\" \/>\n<p data-start=\"1551\" data-end=\"1739\"><strong data-start=\"1551\" data-end=\"1574\">Ch\u1ea5t l\u01b0\u1ee3ng &amp; \u0111\u1ed9 b\u1ec1n<\/strong><br data-start=\"1574\" data-end=\"1577\" \/>\u0110\u1ed3ng Tonkin Craft c\u00e0ng d\u00f9ng c\u00e0ng \u0111\u1eb9p, b\u1ec1 m\u1eb7t \u0111\u1ed3ng s\u1ebd d\u1ea7n chuy\u1ec3n sang t\u00f4ng tr\u1ea7m \u1ea5m \u2013 ph\u1ea3n \u00e1nh d\u1ea5u \u1ea5n th\u1eddi gian v\u00e0 s\u1ef1 t\u01b0\u01a1ng t\u00e1c gi\u1eefa ng\u01b0\u1eddi d\u00f9ng v\u1edbi v\u1eadt li\u1ec7u s\u1ed1ng.<\/p>\n<hr data-start=\"1741\" data-end=\"1744\" \/>\n<p data-start=\"1746\" data-end=\"1939\"><strong data-start=\"1746\" data-end=\"1769\">Ch\u0103m s\u00f3c &amp; b\u1ea3o qu\u1ea3n<\/strong><br data-start=\"1769\" data-end=\"1772\" \/>L\u00e0m s\u00e1ng l\u1ea1i b\u1eb1ng chanh, gi\u1ea5m ho\u1eb7c baking soda khi \u0111\u1ed3ng b\u1ecb x\u1ec9n.<br data-start=\"1835\" data-end=\"1838\" \/>B\u1ea3o qu\u1ea3n n\u01a1i kh\u00f4 tho\u00e1ng, tr\u00e1nh h\u00f3a ch\u1ea5t m\u1ea1nh, n\u00ean c\u1ea5t trong <strong data-start=\"1898\" data-end=\"1936\">t\u00fai v\u1ea3i ho\u1eb7c h\u1ed9p g\u1ed7 k\u00e8m g\u00f3i h\u00fat \u1ea9m<\/strong>.<\/p>\n<hr data-start=\"1941\" data-end=\"1944\" \/>\n<p data-start=\"1946\" data-end=\"2085\"><strong data-start=\"1946\" data-end=\"1998\">Tr\u00e2m \u0111\u1ed3ng h\u00ecnh R\u1eafn kh\u00f4ng ch\u1ec9 l\u00e0 ph\u1ee5 ki\u1ec7n c\u00e0i t\u00f3c<\/strong>, m\u00e0 c\u00f2n l\u00e0 <strong data-start=\"2010\" data-end=\"2085\">bi\u1ec3u t\u01b0\u1ee3ng c\u1ee7a s\u1ee9c m\u1ea1nh n\u1ed9i t\u00e2m v\u00e0 n\u00e9t \u0111\u1eb9p b\u00ed \u1ea9n c\u1ee7a ng\u01b0\u1eddi ph\u1ee5 n\u1eef Vi\u1ec7t.<\/strong><\/p>\n","protected":false},"excerpt":{"rendered":"<p>Tr\u00e2m \u0111\u1ed3ng ch\u1ea1m h\u00ecnh R\u1eafn \u2013 bi\u1ec3u t\u01b0\u1ee3ng c\u1ee7a tr\u00ed tu\u1ec7, s\u1ee9c m\u1ea1nh v\u00e0 n\u00e9t \u0111\u1eb9p huy\u1ec1n b\u00ed. Ch\u1ebf t\u00e1c th\u1ee7 c\u00f4ng t\u1eeb \u0111\u1ed3ng nguy\u00ean ch\u1ea5t b\u1edfi ngh\u1ec7 nh\u00e2n Tonkin Craft, \u0111\u1ed9c b\u1ea3n v\u00e0 \u0111\u1ea7y c\u00e1 t\u00ednh. S\u1ea3n ph\u1ea9m \u0111\u01b0\u1ee3c ch\u1ebf t\u00e1c c\u1ef1c k\u1ef3 tinh x\u1ea3o tr\u00ean ch\u1ea5t li\u1ec7u \u0111\u1ed3ng \u0111\u1ecf v\u00e0 thau \u0111\u00f2i h\u1ecfi s\u1ef1 t\u1ec9 m\u1ec9 cao trong t\u1eebng \u0111\u01b0\u1eddng n\u00e9t b\u1edfi c\u00e1c ngh\u1ec7 nh\u00e2n.<\/p>\n<p>Th\u00f4ng tin chi ti\u1ebft SP:<\/p>\n<p>&#8211; Ch\u1ea5t li\u1ec7u: \u0110\u1ed3ng \u0111\u1ecf, thau nguy\u00ean ch\u1ea5t, m\u1ea1 b\u1ea1c<\/p>\n<p>&#8211; M\u00e0u s\u1eafc: V\u00e0ng<\/p>\n<p>&#8211; K\u00edch th\u01b0\u1edbc: chi\u1ec1u d\u00e0i 19cm<\/p>\n<p>&#8211; Nh\u1eadn l\u00e0m theo m\u1eabu, k\u00edch th\u01b0\u1edbc y\u00eau c\u1ea7u<\/p>\n","protected":false},"featured_media":2375,"comment_status":"open","ping_status":"closed","template":"","meta":[],"product_brand":[],"product_cat":[205],"product_tag":[212,213,214,209,215,210,211],"class_list":{"0":"post-1289","1":"product","2":"type-product","3":"status-publish","4":"has-post-thumbnail","6":"product_cat-tram-cai-toc","7":"product_tag-brass-hair-pin","8":"product_tag-phu-kien-toc","9":"product_tag-tram-ao-dai","10":"product_tag-tram-cai-toc","11":"product_tag-tram-co-phuc","12":"product_tag-tram-dong","13":"product_tag-tram-thu-cong","15":"first","16":"instock","17":"shipping-taxable","18":"product-type-simple"},"aioseo_notices":[],"_links":{"self":[{"href":"https:\/\/tonkincraft.vn\/vn\/wp-json\/wp\/v2\/product\/1289","targetHints":{"allow":["GET"]}}],"collection":[{"href":"https:\/\/tonkincraft.vn\/vn\/wp-json\/wp\/v2\/product"}],"about":[{"href":"https:\/\/tonkincraft.vn\/vn\/wp-json\/wp\/v2\/types\/product"}],"replies":[{"embeddable":true,"href":"https:\/\/tonkincraft.vn\/vn\/wp-json\/wp\/v2\/comments?post=1289"}],"wp:featuredmedia":[{"embeddable":true,"href":"https:\/\/tonkincraft.vn\/vn\/wp-json\/wp\/v2\/media\/2375"}],"wp:attachment":[{"href":"https:\/\/tonkincraft.vn\/vn\/wp-json\/wp\/v2\/media?parent=1289"}],"wp:term":[{"taxonomy":"product_brand","embeddable":true,"href":"https:\/\/tonkincraft.vn\/vn\/wp-json\/wp\/v2\/product_brand?post=1289"},{"taxonomy":"product_cat","embeddable":true,"href":"https:\/\/tonkincraft.vn\/vn\/wp-json\/wp\/v2\/product_cat?post=1289"},{"taxonomy":"product_tag","embeddable":true,"href":"https:\/\/tonkincraft.vn\/vn\/wp-json\/wp\/v2\/product_tag?post=1289"}],"curies":[{"name":"wp","href":"https:\/\/api.w.org\/{rel}","templated":true}]}}