{"id":1043,"date":"2022-04-27T08:40:20","date_gmt":"2022-04-27T08:40:20","guid":{"rendered":"https:\/\/tonkincraft.vn\/vn\/?post_type=product&#038;p=1043"},"modified":"2025-11-13T12:21:23","modified_gmt":"2025-11-13T05:21:23","slug":"gianh-tich-dong-cham-tu-binh-tung-cuc-truc-mai-binh-hoa-dong-gia-co","status":"publish","type":"product","link":"https:\/\/tonkincraft.vn\/vn\/product\/gianh-tich-dong-cham-tu-binh-tung-cuc-truc-mai-binh-hoa-dong-gia-co\/","title":{"rendered":"Gi\u00e0nh t\u00edch \u0111\u1ed3ng ch\u1ea1m t\u1ee9 b\u00ecnh, t\u00f9ng, c\u00fac, tr\u00fac, mai, b\u00ecnh hoa \u0111\u1ed3ng gi\u1ea3 c\u1ed5"},"content":{"rendered":"<p>Gi\u00e0nh t\u00edch \u0111\u1ed3ng ch\u1ea1m t\u1ee9 b\u00ecnh thi\u1ebft k\u1ebf y\u00eau c\u1ea7u thi\u1ebft k\u1ebf m\u1ed9c m\u1ea1c, \u0111\u1ed9c l\u1ea1, \u0111\u01a1n gi\u1ea3n.<br \/>\n* S\u1ea3n ph\u1ea9m \u0111\u01b0\u1ee3c g\u00f2, ch\u1ea1m tay t\u1eeb \u0111\u1ed3ng nguy\u00ean ch\u1ea5t b\u1edfi th\u1ee3 th\u1ee7 c\u00f4ng Tonkin Craft, Vi\u1ec7t Nam l\u00e0nh ngh\u1ec1.<br \/>\n* Th\u00edch h\u1ee3p d\u00f9ng c\u1eafm hoa, trang tr\u00ed nh\u00e0, resort, kh\u00e1ch s\u1ea1n, v\u0103n ph\u00f2ng, v\u1eadt d\u1ee5ng gia \u0111\u00ecnh ho\u1eb7c b\u1ed5 sung v\u00e0o b\u1ed9 s\u01b0u t\u1eadp \u0111\u1ed3 \u0111\u1ed3ng.<br \/>\n* S\u1ea3n ph\u1ea9m ph\u00f9 h\u1ee3p l\u00e0m qu\u00e0 t\u1eb7ng cho b\u1ea1n b\u00e8, ng\u01b0\u1eddi th\u00e2n, \u0111\u1ed1i t\u00e1c v\u00e0o c\u00e1c d\u1ecbp \u0111\u1eb7c bi\u1ec7t, sinh nh\u1eadt, t\u00e2n gia, qu\u00e0 c\u01b0\u1edbi, gi\u00e1ng sinh, n\u0103m m\u1edbi,&#8230;<\/p>\n<p><strong>S\u1ef1 \u0111\u1ed9c \u0111\u00e1o kh\u00e1c bi\u1ec7t c\u1ee7a \u0111\u1ed3ng Tonkin Craft: <\/strong>\u0110\u1ed3 \u0111\u1ed3ng t\u1ea1i Tonkin Craft \u0111\u1ec1u \u0111\u01b0\u1ee3c l\u00e0m ho\u00e0n to\u00e0n th\u1ee7 c\u00f4ng b\u1eb1ng tay, \u0111\u1ec1u t\u1ec9 m\u1ec9 t\u1eeb kh\u00e2u ch\u1ecdn nguy\u00ean li\u1ec7u, thi\u1ebft k\u1ebf s\u1ea3n ph\u1ea9m, g\u00f2, ch\u1ea1m t\u1eebng chi ti\u1ebft \u0111\u1ebfn kh\u00e2u \u0111\u00e1nh b\u00f3ng m\u1edd t\u1ef1 nhi\u00ean ph\u00f9 h\u1ee3p s\u1eed d\u1ee5ng h\u00e0ng ng\u00e0y.<\/p>\n<p><strong>Ch\u1ea5t l\u01b0\u1ee3ng: <\/strong>\u0110\u1ed3 \u0111\u1ed3ng Tonkin Craft r\u1ea5t b\u1ec1n, \u0111\u1eb9p theo th\u1eddi gian. Th\u00e0nh ph\u1ea7n \u0111\u1ed3ng thau, \u0111\u1ed3ng \u0111\u1ecf nguy\u00ean ch\u1ea5t nh\u1eadp kh\u1ea9u t\u1eeb H\u00e0n Qu\u1ed1c kh\u00f4ng ch\u1ee9a ch\u00ec v\u00e0 c\u00e1c th\u00e0nh ph\u1ea7n \u0111\u1ed9c h\u1ea1i \u1ea3nh h\u01b0\u1edfng x\u1ea5u t\u1edbi s\u1ee9c kh\u1ecfe. C\u00e1c s\u1ea3n ph\u1ea9m c\u1ee7a Tonkin Craft c\u00f3 chi\u1ec1u s\u00e2u, l\u00e0 s\u1ef1 k\u1ebft h\u1ee3p gi\u1eefa v\u0103n h\u00f3a \u00c1 \u0110\u00f4ng truy\u1ec1n th\u1ed1ng v\u00e0 v\u0103n h\u00f3a ph\u01b0\u01a1ng T\u00e2y hi\u1ec7n \u0111\u1ea1i.<\/p>\n<p><strong>H\u01b0\u1edbng d\u1eabn s\u1eed d\u1ee5ng: <\/strong>An to\u00e0n v\u1edbi m\u00e1y r\u1eeda b\u00e1t, kh\u00f4ng \u0111\u1ea3m b\u1ea3o s\u1eed d\u1ee5ng trong l\u00f2 vi s\u00f3ng, l\u00f2 n\u01b0\u1edbng, lau kh\u00f4 ngay sau khi kh\u00f4ng s\u1eed d\u1ee5ng. Khi d\u00f9ng m\u1ed9t th\u1eddi gian snar ph\u1ea9m s\u1ebd xu\u1ed1ng m\u00e0u t\u1ed1i h\u01a1n, b\u1ea1n c\u00f3 th\u1ec3 d\u00f9ng chanh, gi\u1ea5m \u0111\u1ec3 \u0111\u00e1nh b\u00f3ng l\u1ea1i s\u1ea3n ph\u1ea9m s\u1ebd s\u00e1ng nh\u01b0 m\u1edbi.<\/p>\n","protected":false},"excerpt":{"rendered":"<p>Gi\u00e0nh t\u00edch \u0111\u1ed3ng ch\u1ea1m t\u1ee9 b\u00ecnh thi\u1ebft k\u1ebf y\u00eau c\u1ea7u thi\u1ebft k\u1ebf m\u1ed9c m\u1ea1c, \u0111\u1ed9c l\u1ea1, \u0111\u01a1n gi\u1ea3n. S\u1ea3n ph\u1ea9m \u0111\u01b0\u1ee3c ch\u1ebf t\u00e1c c\u1ef1c k\u1ef3 tinh x\u1ea3o tr\u00ean ch\u1ea5t li\u1ec7u \u0111\u1ed3ng \u0111\u1ecf v\u00e0 thau \u0111\u00f2i h\u1ecfi s\u1ef1 t\u1ec9 m\u1ec9 cao trong t\u1eebng \u0111\u01b0\u1eddng n\u00e9t b\u1edfi c\u00e1c ngh\u1ec7 nh\u00e2n.<\/p>\n<p>Th\u00f4ng tin chi ti\u1ebft SP:<\/p>\n<p>&#8211; Ch\u1ea5t li\u1ec7u: \u0110\u1ed3ng \u0111\u1ecf, thau nguy\u00ean ch\u1ea5t<\/p>\n<p>&#8211; Ph\u01b0\u01a1ng c\u00e1ch ch\u1ebf t\u1ea1o: Th\u1ee7 c\u00f4ng, g\u00f2 tay<\/p>\n<p>&#8211; Xu\u1ea5t x\u1ee9: Vi\u1ec7t Nam<\/p>\n<p>&#8211; M\u00e0u s\u1eafc: V\u00e0ng, \u0111\u1ecf, \u0111\u1ecf gi\u1ea3 c\u1ed5<\/p>\n<p>&#8211; K\u00edch th\u01b0\u1edbc: chi\u1ec1u ca x \u0111\u01b0\u1eddng k\u00ednh: 20x27cm ho\u1eb7c theo y\u00eau c\u1ea7u<\/p>\n<ul>\n<li>Nh\u1eadn ch\u1ebf t\u00e1c m\u1eabu m\u00e3, k\u00edch th\u01b0\u1edbc theo y\u00eau c\u1ea7u<\/li>\n<\/ul>\n","protected":false},"featured_media":1046,"comment_status":"open","ping_status":"closed","template":"","meta":[],"product_brand":[],"product_cat":[188],"product_tag":[189,191,75,72,74,76,71,192,77,190,73],"class_list":{"0":"post-1043","1":"product","2":"type-product","3":"status-publish","4":"has-post-thumbnail","6":"product_cat-binh-lo-hoa-dong","7":"product_tag-binh-hoa","8":"product_tag-choe-dong","9":"product_tag-do-dong-bac-ninh","10":"product_tag-do-dong-noi-that","11":"product_tag-do-dong-tho-cung","12":"product_tag-do-dong-thu-cong","13":"product_tag-do-dong-trang-tri","14":"product_tag-gianh-tich-dong","15":"product_tag-lo-hoa-dong","16":"product_tag-lo-hoa-thu-cong","17":"product_tag-noi-that-dong","19":"first","20":"instock","21":"shipping-taxable","22":"product-type-simple"},"aioseo_notices":[],"_links":{"self":[{"href":"https:\/\/tonkincraft.vn\/vn\/wp-json\/wp\/v2\/product\/1043","targetHints":{"allow":["GET"]}}],"collection":[{"href":"https:\/\/tonkincraft.vn\/vn\/wp-json\/wp\/v2\/product"}],"about":[{"href":"https:\/\/tonkincraft.vn\/vn\/wp-json\/wp\/v2\/types\/product"}],"replies":[{"embeddable":true,"href":"https:\/\/tonkincraft.vn\/vn\/wp-json\/wp\/v2\/comments?post=1043"}],"wp:featuredmedia":[{"embeddable":true,"href":"https:\/\/tonkincraft.vn\/vn\/wp-json\/wp\/v2\/media\/1046"}],"wp:attachment":[{"href":"https:\/\/tonkincraft.vn\/vn\/wp-json\/wp\/v2\/media?parent=1043"}],"wp:term":[{"taxonomy":"product_brand","embeddable":true,"href":"https:\/\/tonkincraft.vn\/vn\/wp-json\/wp\/v2\/product_brand?post=1043"},{"taxonomy":"product_cat","embeddable":true,"href":"https:\/\/tonkincraft.vn\/vn\/wp-json\/wp\/v2\/product_cat?post=1043"},{"taxonomy":"product_tag","embeddable":true,"href":"https:\/\/tonkincraft.vn\/vn\/wp-json\/wp\/v2\/product_tag?post=1043"}],"curies":[{"name":"wp","href":"https:\/\/api.w.org\/{rel}","templated":true}]}}